{"id":15550,"date":"2025-12-31T15:48:29","date_gmt":"2025-12-31T15:48:29","guid":{"rendered":"https:\/\/www.europesstore.com\/?post_type=product&#038;p=15550"},"modified":"2025-12-31T15:50:12","modified_gmt":"2025-12-31T15:50:12","slug":"prada-retro-effect-gunes-gozlugu-vizon","status":"publish","type":"product","link":"https:\/\/www.europesstore.com\/en\/product\/prada-retro-effect-gunes-gozlugu-vizon\/","title":{"rendered":"Prada Retro Effect G\u00fcne\u015f G\u00f6zl\u00fc\u011f\u00fc &#8211; Vizon"},"content":{"rendered":"<p data-start=\"148\" data-end=\"390\">Vintage d\u00f6neme sayg\u0131 duru\u015funda bulunan modern stil:<br \/>\n<strong data-start=\"202\" data-end=\"238\">Prada Retro Effect G\u00fcne\u015f G\u00f6zl\u00fc\u011f\u00fc<\/strong>, zamans\u0131z retro tasar\u0131m\u0131yla dikkat \u00e7ekerken g\u00fcn\u00fcm\u00fcz esteti\u011fiyle kusursuz uyum sa\u011flar. Hem \u015fehir kombinlerine hem de tarz\u0131n\u0131za nostaljik bir hava katar.<\/p>\n<p data-start=\"392\" data-end=\"422\"><strong data-start=\"392\" data-end=\"420\">&#x1f539; \u00d6ne \u00c7\u0131kan \u00d6zellikler:<\/strong><\/p>\n<ul data-start=\"423\" data-end=\"956\">\n<li data-start=\"423\" data-end=\"497\">\n<p data-start=\"425\" data-end=\"497\">Kal\u0131n ve klasik <strong data-start=\"441\" data-end=\"454\">kedi g\u00f6z\u00fc<\/strong> ya da yuvarlak retro \u00e7er\u00e7eve se\u00e7enekleri<\/p>\n<\/li>\n<li data-start=\"498\" data-end=\"566\">\n<p data-start=\"500\" data-end=\"566\"><strong data-start=\"500\" data-end=\"526\">Asetat veya ince metal<\/strong> materyal ile modern-throwback g\u00f6r\u00fcn\u00fcm<\/p>\n<\/li>\n<li data-start=\"567\" data-end=\"629\">\n<p data-start=\"569\" data-end=\"629\">Yan saplarda zarif <strong data-start=\"588\" data-end=\"604\">Prada logosu<\/strong> ile sofistike detaylar<\/p>\n<\/li>\n<li data-start=\"707\" data-end=\"782\">\n<p data-start=\"709\" data-end=\"782\"><strong data-start=\"709\" data-end=\"746\">Ergonomik burun k\u00f6pr\u00fcs\u00fc ve saplar<\/strong>, uzun s\u00fcreli rahat kullan\u0131m sunar<\/p>\n<\/li>\n<li data-start=\"783\" data-end=\"868\">\n<p data-start=\"785\" data-end=\"868\"><strong data-start=\"785\" data-end=\"800\">Unisex form<\/strong>: Retro \u00e7izgiler ister kad\u0131n, ister erkek kombinlerine uyum sa\u011flar<\/p>\n<\/li>\n<li data-start=\"869\" data-end=\"956\">\n<p data-start=\"871\" data-end=\"956\">Farkl\u0131 renk ge\u00e7i\u015fli cam se\u00e7ene\u011fi: f\u00fcme devas, kahve degrade, ye\u015fil tonlu retro camlar<\/p>\n<\/li>\n<\/ul>\n<p data-start=\"958\" data-end=\"1232\">","protected":false},"excerpt":{"rendered":"<p>Vintage d\u00f6neme sayg\u0131 duru\u015funda bulunan modern stil: Prada Retro Effect G\u00fcne\u015f G\u00f6zl\u00fc\u011f\u00fc, zamans\u0131z retro tasar\u0131m\u0131yla dikkat \u00e7ekerken g\u00fcn\u00fcm\u00fcz esteti\u011fiyle kusursuz uyum sa\u011flar. Hem \u015fehir kombinlerine hem de tarz\u0131n\u0131za nostaljik bir hava katar. &#x1f539; \u00d6ne \u00c7\u0131kan \u00d6zellikler: Kal\u0131n ve klasik kedi g\u00f6z\u00fc ya da yuvarlak retro \u00e7er\u00e7eve se\u00e7enekleri Asetat veya ince metal materyal ile modern-throwback g\u00f6r\u00fcn\u00fcm [&hellip;]<\/p>","protected":false},"featured_media":15614,"comment_status":"open","ping_status":"closed","template":"","meta":[],"product_brand":[],"product_cat":[950,964],"product_tag":[],"class_list":{"0":"post-15550","1":"product","2":"type-product","3":"status-publish","4":"has-post-thumbnail","6":"product_cat-gozluk","7":"product_cat-yeni-gelenler","9":"first","10":"instock","11":"sale","12":"shipping-taxable","13":"purchasable","14":"product-type-simple"},"jetpack_sharing_enabled":true,"_links":{"self":[{"href":"https:\/\/www.europesstore.com\/en\/wp-json\/wp\/v2\/product\/15550","targetHints":{"allow":["GET"]}}],"collection":[{"href":"https:\/\/www.europesstore.com\/en\/wp-json\/wp\/v2\/product"}],"about":[{"href":"https:\/\/www.europesstore.com\/en\/wp-json\/wp\/v2\/types\/product"}],"replies":[{"embeddable":true,"href":"https:\/\/www.europesstore.com\/en\/wp-json\/wp\/v2\/comments?post=15550"}],"wp:featuredmedia":[{"embeddable":true,"href":"https:\/\/www.europesstore.com\/en\/wp-json\/wp\/v2\/media\/15614"}],"wp:attachment":[{"href":"https:\/\/www.europesstore.com\/en\/wp-json\/wp\/v2\/media?parent=15550"}],"wp:term":[{"taxonomy":"product_brand","embeddable":true,"href":"https:\/\/www.europesstore.com\/en\/wp-json\/wp\/v2\/product_brand?post=15550"},{"taxonomy":"product_cat","embeddable":true,"href":"https:\/\/www.europesstore.com\/en\/wp-json\/wp\/v2\/product_cat?post=15550"},{"taxonomy":"product_tag","embeddable":true,"href":"https:\/\/www.europesstore.com\/en\/wp-json\/wp\/v2\/product_tag?post=15550"}],"curies":[{"name":"wp","href":"https:\/\/api.w.org\/{rel}","templated":true}]}}