{"id":15584,"date":"2025-12-31T15:49:22","date_gmt":"2025-12-31T15:49:22","guid":{"rendered":"https:\/\/www.europesstore.com\/?post_type=product&#038;p=15584"},"modified":"2025-12-31T15:50:59","modified_gmt":"2025-12-31T15:50:59","slug":"miu-miu-cam-detayli-gunes-gozlugu-yesil","status":"publish","type":"product","link":"https:\/\/www.europesstore.com\/en\/product\/miu-miu-cam-detayli-gunes-gozlugu-yesil\/","title":{"rendered":"Miu Miu Cam Detayl\u0131 G\u00fcne\u015f G\u00f6zl\u00fc\u011f\u00fc &#8211; Ye\u015fil"},"content":{"rendered":"<p><strong data-start=\"266\" data-end=\"317\">Kesik Cam Tasar\u0131m\u0131 (Rimless \/ Yar\u0131 \u00c7er\u00e7evesiz):<\/strong><br \/>\nG\u00f6zl\u00fc\u011f\u00fcn cam kenarlar\u0131nda yer alan belirgin kesik form, al\u0131\u015f\u0131lm\u0131\u015f\u0131n d\u0131\u015f\u0131nda ve avangart bir g\u00f6r\u00fcn\u00fcm sunar. Minimal ama \u00e7arp\u0131c\u0131 bir stil yans\u0131t\u0131r.<\/p>\n<h3 data-start=\"418\" data-end=\"445\">\u00d6ne \u00c7\u0131kan \u00d6zellikler:<\/h3>\n<ul data-start=\"447\" data-end=\"769\">\n<li data-start=\"447\" data-end=\"511\">\n<p data-start=\"449\" data-end=\"511\">\u00d6zg\u00fcn <strong data-start=\"455\" data-end=\"477\">kesik cam tasar\u0131m\u0131<\/strong> ile dikkat \u00e7eken modern g\u00f6r\u00fcn\u00fcm<\/p>\n<\/li>\n<li data-start=\"512\" data-end=\"562\">\n<p data-start=\"514\" data-end=\"562\">Cam \u00fczerinde zarif ta\u015fl\u0131 ve metalik s\u00fcslemeler<\/p>\n<\/li>\n<li data-start=\"599\" data-end=\"658\">\n<p data-start=\"601\" data-end=\"658\">Hafif, ergonomik ve konforlu <strong data-start=\"630\" data-end=\"656\">metal + asetat \u00e7er\u00e7eve<\/strong><\/p>\n<\/li>\n<li data-start=\"659\" data-end=\"706\">\n<p data-start=\"661\" data-end=\"706\">Sapta yer alan ince <strong data-start=\"681\" data-end=\"704\">Miu Miu logo detay\u0131<\/strong><\/p>\n<\/li>\n<li data-start=\"707\" data-end=\"769\">\n<p data-start=\"709\" data-end=\"769\">Yar\u0131 \u00e7er\u00e7evesiz (rimless) veya kesik kenarl\u0131 \u00f6zel cam yap\u0131s\u0131<\/p>\n<\/li>\n<\/ul>","protected":false},"excerpt":{"rendered":"<p>Kesik Cam Tasar\u0131m\u0131 (Rimless \/ Yar\u0131 \u00c7er\u00e7evesiz): G\u00f6zl\u00fc\u011f\u00fcn cam kenarlar\u0131nda yer alan belirgin kesik form, al\u0131\u015f\u0131lm\u0131\u015f\u0131n d\u0131\u015f\u0131nda ve avangart bir g\u00f6r\u00fcn\u00fcm sunar. Minimal ama \u00e7arp\u0131c\u0131 bir stil yans\u0131t\u0131r. \u00d6ne \u00c7\u0131kan \u00d6zellikler: \u00d6zg\u00fcn kesik cam tasar\u0131m\u0131 ile dikkat \u00e7eken modern g\u00f6r\u00fcn\u00fcm Cam \u00fczerinde zarif ta\u015fl\u0131 ve metalik s\u00fcslemeler Hafif, ergonomik ve konforlu metal + asetat \u00e7er\u00e7eve [&hellip;]<\/p>","protected":false},"featured_media":15646,"comment_status":"open","ping_status":"closed","template":"","meta":[],"product_brand":[],"product_cat":[950,964],"product_tag":[],"class_list":{"0":"post-15584","1":"product","2":"type-product","3":"status-publish","4":"has-post-thumbnail","6":"product_cat-gozluk","7":"product_cat-yeni-gelenler","9":"first","10":"instock","11":"sale","12":"shipping-taxable","13":"purchasable","14":"product-type-simple"},"jetpack_sharing_enabled":true,"_links":{"self":[{"href":"https:\/\/www.europesstore.com\/en\/wp-json\/wp\/v2\/product\/15584","targetHints":{"allow":["GET"]}}],"collection":[{"href":"https:\/\/www.europesstore.com\/en\/wp-json\/wp\/v2\/product"}],"about":[{"href":"https:\/\/www.europesstore.com\/en\/wp-json\/wp\/v2\/types\/product"}],"replies":[{"embeddable":true,"href":"https:\/\/www.europesstore.com\/en\/wp-json\/wp\/v2\/comments?post=15584"}],"wp:featuredmedia":[{"embeddable":true,"href":"https:\/\/www.europesstore.com\/en\/wp-json\/wp\/v2\/media\/15646"}],"wp:attachment":[{"href":"https:\/\/www.europesstore.com\/en\/wp-json\/wp\/v2\/media?parent=15584"}],"wp:term":[{"taxonomy":"product_brand","embeddable":true,"href":"https:\/\/www.europesstore.com\/en\/wp-json\/wp\/v2\/product_brand?post=15584"},{"taxonomy":"product_cat","embeddable":true,"href":"https:\/\/www.europesstore.com\/en\/wp-json\/wp\/v2\/product_cat?post=15584"},{"taxonomy":"product_tag","embeddable":true,"href":"https:\/\/www.europesstore.com\/en\/wp-json\/wp\/v2\/product_tag?post=15584"}],"curies":[{"name":"wp","href":"https:\/\/api.w.org\/{rel}","templated":true}]}}