{"id":15586,"date":"2025-12-31T15:49:23","date_gmt":"2025-12-31T15:49:23","guid":{"rendered":"https:\/\/www.europesstore.com\/?post_type=product&#038;p=15586"},"modified":"2025-12-31T15:51:10","modified_gmt":"2025-12-31T15:51:10","slug":"fendi-ucgen-tasarim-daimond-gunes-gozlugu-acik-kahve","status":"publish","type":"product","link":"https:\/\/www.europesstore.com\/en\/product\/fendi-ucgen-tasarim-daimond-gunes-gozlugu-acik-kahve\/","title":{"rendered":"Fendi \u00dc\u00e7gen Tasar\u0131m Daimond G\u00fcne\u015f G\u00f6zl\u00fc\u011f\u00fc &#8211; A\u00e7\u0131k Kahve"},"content":{"rendered":"<p>S\u0131n\u0131rlar\u0131 Zorlayan Tasar\u0131m, I\u015f\u0131lt\u0131n\u0131n En Zarif Hali Fendi&#8217;nin ikonik moda anlay\u0131\u015f\u0131n\u0131 yans\u0131tan bu \u00f6zel model, \u00fc\u00e7gen kesimli \u00e7er\u00e7evesi ve ta\u015f detayl\u0131 lens kenarlar\u0131yla cesur bir stil vurgusu yapar. Hem modern hem de feminen bir g\u00f6r\u00fcn\u00fcm sunan bu g\u00f6zl\u00fck, g\u00fc\u00e7l\u00fc stil sahibi kad\u0131nlar\u0131n favorisi olmaya aday.<\/p>\n<h3 data-start=\"509\" data-end=\"540\">&#x2728; <strong data-start=\"515\" data-end=\"540\">\u00d6ne \u00c7\u0131kan \u00d6zellikler:<\/strong><\/h3>\n<ul data-start=\"542\" data-end=\"1269\">\n<li data-start=\"542\" data-end=\"717\">\n<p data-start=\"544\" data-end=\"717\"><strong data-start=\"544\" data-end=\"575\">\u00dc\u00e7gen Formda \u00d6zg\u00fcn Tasar\u0131m:<\/strong><br \/>\nAl\u0131\u015f\u0131lm\u0131\u015f g\u00f6zl\u00fck formlar\u0131n\u0131n \u00f6tesine ge\u00e7en bu model, keskin hatlar\u0131yla dikkat \u00e7eker. Fendi\u2019nin avangart \u00e7izgileriyle \u015fekillendirilmi\u015ftir.<\/p>\n<\/li>\n<li data-start=\"719\" data-end=\"872\">\n<p data-start=\"721\" data-end=\"872\"><strong data-start=\"721\" data-end=\"748\">Diamond (Ta\u015f) Detaylar:<\/strong><br \/>\nLens ve \u00e7er\u00e7eve kenarlar\u0131nda yer alan par\u0131lt\u0131l\u0131 ta\u015f s\u00fcslemeler, g\u00fcne\u015f \u0131\u015f\u0131\u011f\u0131nda \u0131\u015f\u0131ldayarak l\u00fcks alg\u0131s\u0131n\u0131 zirveye ta\u015f\u0131r.<\/p>\n<\/li>\n<\/ul>","protected":false},"excerpt":{"rendered":"<p>S\u0131n\u0131rlar\u0131 Zorlayan Tasar\u0131m, I\u015f\u0131lt\u0131n\u0131n En Zarif Hali Fendi&#8217;nin ikonik moda anlay\u0131\u015f\u0131n\u0131 yans\u0131tan bu \u00f6zel model, \u00fc\u00e7gen kesimli \u00e7er\u00e7evesi ve ta\u015f detayl\u0131 lens kenarlar\u0131yla cesur bir stil vurgusu yapar. Hem modern hem de feminen bir g\u00f6r\u00fcn\u00fcm sunan bu g\u00f6zl\u00fck, g\u00fc\u00e7l\u00fc stil sahibi kad\u0131nlar\u0131n favorisi olmaya aday. &#x2728; \u00d6ne \u00c7\u0131kan \u00d6zellikler: \u00dc\u00e7gen Formda \u00d6zg\u00fcn Tasar\u0131m: Al\u0131\u015f\u0131lm\u0131\u015f g\u00f6zl\u00fck [&hellip;]<\/p>","protected":false},"featured_media":15656,"comment_status":"open","ping_status":"closed","template":"","meta":[],"product_brand":[],"product_cat":[950,964],"product_tag":[],"class_list":{"0":"post-15586","1":"product","2":"type-product","3":"status-publish","4":"has-post-thumbnail","6":"product_cat-gozluk","7":"product_cat-yeni-gelenler","9":"first","10":"outofstock","11":"sale","12":"shipping-taxable","13":"purchasable","14":"product-type-simple"},"jetpack_sharing_enabled":true,"_links":{"self":[{"href":"https:\/\/www.europesstore.com\/en\/wp-json\/wp\/v2\/product\/15586","targetHints":{"allow":["GET"]}}],"collection":[{"href":"https:\/\/www.europesstore.com\/en\/wp-json\/wp\/v2\/product"}],"about":[{"href":"https:\/\/www.europesstore.com\/en\/wp-json\/wp\/v2\/types\/product"}],"replies":[{"embeddable":true,"href":"https:\/\/www.europesstore.com\/en\/wp-json\/wp\/v2\/comments?post=15586"}],"wp:featuredmedia":[{"embeddable":true,"href":"https:\/\/www.europesstore.com\/en\/wp-json\/wp\/v2\/media\/15656"}],"wp:attachment":[{"href":"https:\/\/www.europesstore.com\/en\/wp-json\/wp\/v2\/media?parent=15586"}],"wp:term":[{"taxonomy":"product_brand","embeddable":true,"href":"https:\/\/www.europesstore.com\/en\/wp-json\/wp\/v2\/product_brand?post=15586"},{"taxonomy":"product_cat","embeddable":true,"href":"https:\/\/www.europesstore.com\/en\/wp-json\/wp\/v2\/product_cat?post=15586"},{"taxonomy":"product_tag","embeddable":true,"href":"https:\/\/www.europesstore.com\/en\/wp-json\/wp\/v2\/product_tag?post=15586"}],"curies":[{"name":"wp","href":"https:\/\/api.w.org\/{rel}","templated":true}]}}