{"id":15635,"date":"2025-12-31T15:50:39","date_gmt":"2025-12-31T15:50:39","guid":{"rendered":"https:\/\/www.europesstore.com\/?post_type=product&#038;p=15635"},"modified":"2025-12-31T15:52:16","modified_gmt":"2025-12-31T15:52:16","slug":"miu-miu-degrade-cam-gunes-gozlugu-keskin-siyah","status":"publish","type":"product","link":"https:\/\/www.europesstore.com\/en\/product\/miu-miu-degrade-cam-gunes-gozlugu-keskin-siyah\/","title":{"rendered":"Miu Miu Degrade Cam G\u00fcne\u015f G\u00f6zl\u00fc\u011f\u00fc &#8211; Keskin Siyah"},"content":{"rendered":"<p>Miu Miu\u2019nun \u00f6zg\u00fcn stilini yans\u0131tan <strong data-start=\"263\" data-end=\"292\">Degrade Cam G\u00fcne\u015f G\u00f6zl\u00fc\u011f\u00fc<\/strong>, klasik formlar\u0131 degrade cam\u0131n sofistike ge\u00e7i\u015fleriyle bulu\u015fturuyor. Hem feminen hem de \u015fehirli bir duru\u015f sunan bu model, g\u00fcnd\u00fczden geceye her stile zarafet kat\u0131yor<\/p>\n<p>.<strong data-start=\"499\" data-end=\"539\">Degrade (Renk Ge\u00e7i\u015fli) Cam Tasar\u0131m\u0131:<\/strong><br \/>I\u015f\u0131\u011fa duyarl\u0131 yumu\u015fak renk ge\u00e7i\u015fleri, hem estetik hem fonksiyonel bir kullan\u0131m sa\u011flar. G\u00f6z yormayan do\u011fal tonlar, tarz\u0131n\u0131za sofistike bir g\u00f6r\u00fcn\u00fcm katar.<\/p>","protected":false},"excerpt":{"rendered":"<p>Miu Miu\u2019nun \u00f6zg\u00fcn stilini yans\u0131tan Degrade Cam G\u00fcne\u015f G\u00f6zl\u00fc\u011f\u00fc, klasik formlar\u0131 degrade cam\u0131n sofistike ge\u00e7i\u015fleriyle bulu\u015fturuyor. Hem feminen hem de \u015fehirli bir duru\u015f sunan bu model, g\u00fcnd\u00fczden geceye her stile zarafet kat\u0131yor .Degrade (Renk Ge\u00e7i\u015fli) Cam Tasar\u0131m\u0131:I\u015f\u0131\u011fa duyarl\u0131 yumu\u015fak renk ge\u00e7i\u015fleri, hem estetik hem fonksiyonel bir kullan\u0131m sa\u011flar. G\u00f6z yormayan do\u011fal tonlar, tarz\u0131n\u0131za sofistike bir [&hellip;]<\/p>","protected":false},"featured_media":15697,"comment_status":"open","ping_status":"closed","template":"","meta":[],"product_brand":[],"product_cat":[950,964],"product_tag":[],"class_list":{"0":"post-15635","1":"product","2":"type-product","3":"status-publish","4":"has-post-thumbnail","6":"product_cat-gozluk","7":"product_cat-yeni-gelenler","9":"first","10":"instock","11":"sale","12":"shipping-taxable","13":"purchasable","14":"product-type-simple"},"jetpack_sharing_enabled":true,"_links":{"self":[{"href":"https:\/\/www.europesstore.com\/en\/wp-json\/wp\/v2\/product\/15635","targetHints":{"allow":["GET"]}}],"collection":[{"href":"https:\/\/www.europesstore.com\/en\/wp-json\/wp\/v2\/product"}],"about":[{"href":"https:\/\/www.europesstore.com\/en\/wp-json\/wp\/v2\/types\/product"}],"replies":[{"embeddable":true,"href":"https:\/\/www.europesstore.com\/en\/wp-json\/wp\/v2\/comments?post=15635"}],"wp:featuredmedia":[{"embeddable":true,"href":"https:\/\/www.europesstore.com\/en\/wp-json\/wp\/v2\/media\/15697"}],"wp:attachment":[{"href":"https:\/\/www.europesstore.com\/en\/wp-json\/wp\/v2\/media?parent=15635"}],"wp:term":[{"taxonomy":"product_brand","embeddable":true,"href":"https:\/\/www.europesstore.com\/en\/wp-json\/wp\/v2\/product_brand?post=15635"},{"taxonomy":"product_cat","embeddable":true,"href":"https:\/\/www.europesstore.com\/en\/wp-json\/wp\/v2\/product_cat?post=15635"},{"taxonomy":"product_tag","embeddable":true,"href":"https:\/\/www.europesstore.com\/en\/wp-json\/wp\/v2\/product_tag?post=15635"}],"curies":[{"name":"wp","href":"https:\/\/api.w.org\/{rel}","templated":true}]}}