{"id":15637,"date":"2025-12-31T15:50:40","date_gmt":"2025-12-31T15:50:40","guid":{"rendered":"https:\/\/www.europesstore.com\/?post_type=product&#038;p=15637"},"modified":"2025-12-31T15:52:27","modified_gmt":"2025-12-31T15:52:27","slug":"versace-medusa-dikdortgen-gunes-gozlugu-siyah","status":"publish","type":"product","link":"https:\/\/www.europesstore.com\/en\/product\/versace-medusa-dikdortgen-gunes-gozlugu-siyah\/","title":{"rendered":"Versace Medusa Dikd\u00f6rtgen G\u00fcne\u015f G\u00f6zl\u00fc\u011f\u00fc &#8211; Siyah"},"content":{"rendered":"<p><strong>Versace&#8217;nin ikonik Medusa detay\u0131yla \u00f6n plana \u00e7\u0131kan siyah g\u00fcne\u015f g\u00f6zl\u00fc\u011f\u00fc, \u015f\u0131k ve zarif tasar\u0131m\u0131yla g\u00f6z kama\u015ft\u0131r\u0131yor. Alt\u0131n tonlu Medusa logosu ile dikkat \u00e7eken bu model, kaliteli materyali ve keskin hatlar\u0131yla stilinize modern bir dokunu\u015f kat\u0131yor. G\u00fcne\u015f \u0131\u015f\u0131nlar\u0131na kar\u015f\u0131 maksimum koruma sa\u011flar ve konforlu kullan\u0131m sunar. Tarz\u0131n\u0131z\u0131n g\u00fc\u00e7l\u00fc ifadesi olmaya haz\u0131r.<\/strong><\/p>","protected":false},"excerpt":{"rendered":"<p>Versace&#8217;nin ikonik Medusa detay\u0131yla \u00f6n plana \u00e7\u0131kan siyah g\u00fcne\u015f g\u00f6zl\u00fc\u011f\u00fc, \u015f\u0131k ve zarif tasar\u0131m\u0131yla g\u00f6z kama\u015ft\u0131r\u0131yor. Alt\u0131n tonlu Medusa logosu ile dikkat \u00e7eken bu model, kaliteli materyali ve keskin hatlar\u0131yla stilinize modern bir dokunu\u015f kat\u0131yor. G\u00fcne\u015f \u0131\u015f\u0131nlar\u0131na kar\u015f\u0131 maksimum koruma sa\u011flar ve konforlu kullan\u0131m sunar. Tarz\u0131n\u0131z\u0131n g\u00fc\u00e7l\u00fc ifadesi olmaya haz\u0131r.<\/p>","protected":false},"featured_media":15708,"comment_status":"open","ping_status":"closed","template":"","meta":[],"product_brand":[],"product_cat":[950,964],"product_tag":[],"class_list":{"0":"post-15637","1":"product","2":"type-product","3":"status-publish","4":"has-post-thumbnail","6":"product_cat-gozluk","7":"product_cat-yeni-gelenler","9":"first","10":"instock","11":"sale","12":"shipping-taxable","13":"purchasable","14":"product-type-simple"},"jetpack_sharing_enabled":true,"_links":{"self":[{"href":"https:\/\/www.europesstore.com\/en\/wp-json\/wp\/v2\/product\/15637","targetHints":{"allow":["GET"]}}],"collection":[{"href":"https:\/\/www.europesstore.com\/en\/wp-json\/wp\/v2\/product"}],"about":[{"href":"https:\/\/www.europesstore.com\/en\/wp-json\/wp\/v2\/types\/product"}],"replies":[{"embeddable":true,"href":"https:\/\/www.europesstore.com\/en\/wp-json\/wp\/v2\/comments?post=15637"}],"wp:featuredmedia":[{"embeddable":true,"href":"https:\/\/www.europesstore.com\/en\/wp-json\/wp\/v2\/media\/15708"}],"wp:attachment":[{"href":"https:\/\/www.europesstore.com\/en\/wp-json\/wp\/v2\/media?parent=15637"}],"wp:term":[{"taxonomy":"product_brand","embeddable":true,"href":"https:\/\/www.europesstore.com\/en\/wp-json\/wp\/v2\/product_brand?post=15637"},{"taxonomy":"product_cat","embeddable":true,"href":"https:\/\/www.europesstore.com\/en\/wp-json\/wp\/v2\/product_cat?post=15637"},{"taxonomy":"product_tag","embeddable":true,"href":"https:\/\/www.europesstore.com\/en\/wp-json\/wp\/v2\/product_tag?post=15637"}],"curies":[{"name":"wp","href":"https:\/\/api.w.org\/{rel}","templated":true}]}}