{"id":15652,"date":"2025-12-31T15:51:06","date_gmt":"2025-12-31T15:51:06","guid":{"rendered":"https:\/\/www.europesstore.com\/?post_type=product&#038;p=15652"},"modified":"2025-12-31T15:52:39","modified_gmt":"2025-12-31T15:52:39","slug":"tom-ford-dikdortgen-gunes-gozlugu-seffaf-fume","status":"publish","type":"product","link":"https:\/\/www.europesstore.com\/en\/product\/tom-ford-dikdortgen-gunes-gozlugu-seffaf-fume\/","title":{"rendered":"Tom Ford Dikd\u00f6rtgen G\u00fcne\u015f G\u00f6zl\u00fc\u011f\u00fc &#8211;  \u015eeffaf F\u00fcme"},"content":{"rendered":"<p><strong>Tom Ford&#8217;un e\u015fsiz tasar\u0131m\u0131yla haz\u0131rlanan dikd\u00f6rtgen g\u00fcne\u015f g\u00f6zl\u00fc\u011f\u00fc, modern \u00e7izgileri ve \u015feffaf f\u00fcme ge\u00e7i\u015fli renk tonlar\u0131yla zarif ve \u015f\u0131k bir duru\u015f sergiliyor. Marka logosuyla tamamlanan sap detaylar\u0131, sade ancak g\u00f6z al\u0131c\u0131 bir tarz sunuyor. UV korumal\u0131 camlar\u0131 ile g\u00fcnl\u00fck kullan\u0131m i\u00e7in ideal olan bu model, tarz\u0131n\u0131za sofistike bir dokunu\u015f katacak.<\/strong><\/p>","protected":false},"excerpt":{"rendered":"<p>Tom Ford&#8217;un e\u015fsiz tasar\u0131m\u0131yla haz\u0131rlanan dikd\u00f6rtgen g\u00fcne\u015f g\u00f6zl\u00fc\u011f\u00fc, modern \u00e7izgileri ve \u015feffaf f\u00fcme ge\u00e7i\u015fli renk tonlar\u0131yla zarif ve \u015f\u0131k bir duru\u015f sergiliyor. Marka logosuyla tamamlanan sap detaylar\u0131, sade ancak g\u00f6z al\u0131c\u0131 bir tarz sunuyor. UV korumal\u0131 camlar\u0131 ile g\u00fcnl\u00fck kullan\u0131m i\u00e7in ideal olan bu model, tarz\u0131n\u0131za sofistike bir dokunu\u015f katacak.<\/p>","protected":false},"featured_media":15714,"comment_status":"open","ping_status":"closed","template":"","meta":[],"product_brand":[],"product_cat":[950,964],"product_tag":[],"class_list":{"0":"post-15652","1":"product","2":"type-product","3":"status-publish","4":"has-post-thumbnail","6":"product_cat-gozluk","7":"product_cat-yeni-gelenler","9":"first","10":"outofstock","11":"sale","12":"shipping-taxable","13":"purchasable","14":"product-type-simple"},"jetpack_sharing_enabled":true,"_links":{"self":[{"href":"https:\/\/www.europesstore.com\/en\/wp-json\/wp\/v2\/product\/15652","targetHints":{"allow":["GET"]}}],"collection":[{"href":"https:\/\/www.europesstore.com\/en\/wp-json\/wp\/v2\/product"}],"about":[{"href":"https:\/\/www.europesstore.com\/en\/wp-json\/wp\/v2\/types\/product"}],"replies":[{"embeddable":true,"href":"https:\/\/www.europesstore.com\/en\/wp-json\/wp\/v2\/comments?post=15652"}],"wp:featuredmedia":[{"embeddable":true,"href":"https:\/\/www.europesstore.com\/en\/wp-json\/wp\/v2\/media\/15714"}],"wp:attachment":[{"href":"https:\/\/www.europesstore.com\/en\/wp-json\/wp\/v2\/media?parent=15652"}],"wp:term":[{"taxonomy":"product_brand","embeddable":true,"href":"https:\/\/www.europesstore.com\/en\/wp-json\/wp\/v2\/product_brand?post=15652"},{"taxonomy":"product_cat","embeddable":true,"href":"https:\/\/www.europesstore.com\/en\/wp-json\/wp\/v2\/product_cat?post=15652"},{"taxonomy":"product_tag","embeddable":true,"href":"https:\/\/www.europesstore.com\/en\/wp-json\/wp\/v2\/product_tag?post=15652"}],"curies":[{"name":"wp","href":"https:\/\/api.w.org\/{rel}","templated":true}]}}