{"id":15655,"date":"2025-12-31T15:51:06","date_gmt":"2025-12-31T15:51:06","guid":{"rendered":"https:\/\/www.europesstore.com\/?post_type=product&#038;p=15655"},"modified":"2025-12-31T15:52:53","modified_gmt":"2025-12-31T15:52:53","slug":"tom-ford-dikdortgen-gunes-gozlugu-fume-mat","status":"publish","type":"product","link":"https:\/\/www.europesstore.com\/en\/product\/tom-ford-dikdortgen-gunes-gozlugu-fume-mat\/","title":{"rendered":"Tom Ford Dikd\u00f6rtgen G\u00fcne\u015f G\u00f6zl\u00fc\u011f\u00fc &#8211;  F\u00fcme Mat"},"content":{"rendered":"<p><strong>Tom Ford&#8217;un modern tasar\u0131m \u00e7izgisi ile \u015fekillenen f\u00fcme mat g\u00fcne\u015f g\u00f6zl\u00fc\u011f\u00fc, sade ve zarif tarz\u0131yla \u00f6ne \u00e7\u0131k\u0131yor. Mat dokusu ve \u015f\u0131k renk ge\u00e7i\u015fleri ile stilinizi tamamlayan bu model, hafif \u00e7er\u00e7evesi sayesinde g\u00fcn boyu konfor sa\u011flar. UV korumal\u0131 camlar\u0131yla hem g\u00f6zlerinizi korur hem de g\u00fcnl\u00fck stilinizi sofistike bir dokunu\u015fla bulu\u015fturur. Minimal \u015f\u0131kl\u0131\u011f\u0131n ve zarafetin temsilcisi olan bu g\u00f6zl\u00fck, her tarz\u0131n vazge\u00e7ilmez bir par\u00e7as\u0131 olmaya aday.<\/strong><\/p>","protected":false},"excerpt":{"rendered":"<p>Tom Ford&#8217;un modern tasar\u0131m \u00e7izgisi ile \u015fekillenen f\u00fcme mat g\u00fcne\u015f g\u00f6zl\u00fc\u011f\u00fc, sade ve zarif tarz\u0131yla \u00f6ne \u00e7\u0131k\u0131yor. Mat dokusu ve \u015f\u0131k renk ge\u00e7i\u015fleri ile stilinizi tamamlayan bu model, hafif \u00e7er\u00e7evesi sayesinde g\u00fcn boyu konfor sa\u011flar. UV korumal\u0131 camlar\u0131yla hem g\u00f6zlerinizi korur hem de g\u00fcnl\u00fck stilinizi sofistike bir dokunu\u015fla bulu\u015fturur. Minimal \u015f\u0131kl\u0131\u011f\u0131n ve zarafetin temsilcisi olan [&hellip;]<\/p>","protected":false},"featured_media":15726,"comment_status":"open","ping_status":"closed","template":"","meta":[],"product_brand":[],"product_cat":[950,964],"product_tag":[],"class_list":{"0":"post-15655","1":"product","2":"type-product","3":"status-publish","4":"has-post-thumbnail","6":"product_cat-gozluk","7":"product_cat-yeni-gelenler","9":"first","10":"instock","11":"sale","12":"shipping-taxable","13":"purchasable","14":"product-type-simple"},"jetpack_sharing_enabled":true,"_links":{"self":[{"href":"https:\/\/www.europesstore.com\/en\/wp-json\/wp\/v2\/product\/15655","targetHints":{"allow":["GET"]}}],"collection":[{"href":"https:\/\/www.europesstore.com\/en\/wp-json\/wp\/v2\/product"}],"about":[{"href":"https:\/\/www.europesstore.com\/en\/wp-json\/wp\/v2\/types\/product"}],"replies":[{"embeddable":true,"href":"https:\/\/www.europesstore.com\/en\/wp-json\/wp\/v2\/comments?post=15655"}],"wp:featuredmedia":[{"embeddable":true,"href":"https:\/\/www.europesstore.com\/en\/wp-json\/wp\/v2\/media\/15726"}],"wp:attachment":[{"href":"https:\/\/www.europesstore.com\/en\/wp-json\/wp\/v2\/media?parent=15655"}],"wp:term":[{"taxonomy":"product_brand","embeddable":true,"href":"https:\/\/www.europesstore.com\/en\/wp-json\/wp\/v2\/product_brand?post=15655"},{"taxonomy":"product_cat","embeddable":true,"href":"https:\/\/www.europesstore.com\/en\/wp-json\/wp\/v2\/product_cat?post=15655"},{"taxonomy":"product_tag","embeddable":true,"href":"https:\/\/www.europesstore.com\/en\/wp-json\/wp\/v2\/product_tag?post=15655"}],"curies":[{"name":"wp","href":"https:\/\/api.w.org\/{rel}","templated":true}]}}