{"id":15668,"date":"2025-12-31T15:51:32","date_gmt":"2025-12-31T15:51:32","guid":{"rendered":"https:\/\/www.europesstore.com\/?post_type=product&#038;p=15668"},"modified":"2025-12-31T15:52:59","modified_gmt":"2025-12-31T15:52:59","slug":"tom-ford-dikdortgen-gunes-gozlugu-kahve-degrade","status":"publish","type":"product","link":"https:\/\/www.europesstore.com\/en\/product\/tom-ford-dikdortgen-gunes-gozlugu-kahve-degrade\/","title":{"rendered":"Tom Ford Dikd\u00f6rtgen G\u00fcne\u015f G\u00f6zl\u00fc\u011f\u00fc &#8211; Kahve Degrade"},"content":{"rendered":"<p><strong>Tom Ford&#8217;un \u015f\u0131kl\u0131\u011f\u0131n\u0131 ve esteti\u011fini yans\u0131tan koyu kahve ge\u00e7i\u015fli g\u00fcne\u015f g\u00f6zl\u00fc\u011f\u00fc, stilinizi zarafetle bulu\u015fturuyor. Ge\u00e7i\u015fli renkli camlar\u0131 ve parlak kahve tonlu \u00e7er\u00e7evesiyle dikkat \u00e7eken bu model, \u00f6zg\u00fcn tasar\u0131m \u00e7izgisiyle modern ve sofistike bir g\u00f6r\u00fcn\u00fcm sa\u011fl\u0131yor. Hafif ve dayan\u0131kl\u0131 yap\u0131s\u0131yla konforlu kullan\u0131m sunarken, UV korumal\u0131 camlar\u0131 sayesinde g\u00f6zlerinizi g\u00fcne\u015f \u0131\u015f\u0131nlar\u0131na kar\u015f\u0131 etkin \u015fekilde korur. G\u00fcnl\u00fck kombinlerinize zarif bir dokunu\u015f yaparak tarz\u0131n\u0131z\u0131 tamamlar.<\/strong><\/p>","protected":false},"excerpt":{"rendered":"<p>Tom Ford&#8217;un \u015f\u0131kl\u0131\u011f\u0131n\u0131 ve esteti\u011fini yans\u0131tan koyu kahve ge\u00e7i\u015fli g\u00fcne\u015f g\u00f6zl\u00fc\u011f\u00fc, stilinizi zarafetle bulu\u015fturuyor. Ge\u00e7i\u015fli renkli camlar\u0131 ve parlak kahve tonlu \u00e7er\u00e7evesiyle dikkat \u00e7eken bu model, \u00f6zg\u00fcn tasar\u0131m \u00e7izgisiyle modern ve sofistike bir g\u00f6r\u00fcn\u00fcm sa\u011fl\u0131yor. Hafif ve dayan\u0131kl\u0131 yap\u0131s\u0131yla konforlu kullan\u0131m sunarken, UV korumal\u0131 camlar\u0131 sayesinde g\u00f6zlerinizi g\u00fcne\u015f \u0131\u015f\u0131nlar\u0131na kar\u015f\u0131 etkin \u015fekilde korur. G\u00fcnl\u00fck kombinlerinize [&hellip;]<\/p>","protected":false},"featured_media":15729,"comment_status":"open","ping_status":"closed","template":"","meta":[],"product_brand":[],"product_cat":[950,964],"product_tag":[],"class_list":{"0":"post-15668","1":"product","2":"type-product","3":"status-publish","4":"has-post-thumbnail","6":"product_cat-gozluk","7":"product_cat-yeni-gelenler","9":"first","10":"instock","11":"sale","12":"shipping-taxable","13":"purchasable","14":"product-type-simple"},"jetpack_sharing_enabled":true,"_links":{"self":[{"href":"https:\/\/www.europesstore.com\/en\/wp-json\/wp\/v2\/product\/15668","targetHints":{"allow":["GET"]}}],"collection":[{"href":"https:\/\/www.europesstore.com\/en\/wp-json\/wp\/v2\/product"}],"about":[{"href":"https:\/\/www.europesstore.com\/en\/wp-json\/wp\/v2\/types\/product"}],"replies":[{"embeddable":true,"href":"https:\/\/www.europesstore.com\/en\/wp-json\/wp\/v2\/comments?post=15668"}],"wp:featuredmedia":[{"embeddable":true,"href":"https:\/\/www.europesstore.com\/en\/wp-json\/wp\/v2\/media\/15729"}],"wp:attachment":[{"href":"https:\/\/www.europesstore.com\/en\/wp-json\/wp\/v2\/media?parent=15668"}],"wp:term":[{"taxonomy":"product_brand","embeddable":true,"href":"https:\/\/www.europesstore.com\/en\/wp-json\/wp\/v2\/product_brand?post=15668"},{"taxonomy":"product_cat","embeddable":true,"href":"https:\/\/www.europesstore.com\/en\/wp-json\/wp\/v2\/product_cat?post=15668"},{"taxonomy":"product_tag","embeddable":true,"href":"https:\/\/www.europesstore.com\/en\/wp-json\/wp\/v2\/product_tag?post=15668"}],"curies":[{"name":"wp","href":"https:\/\/api.w.org\/{rel}","templated":true}]}}