{"id":15670,"date":"2025-12-31T15:51:32","date_gmt":"2025-12-31T15:51:32","guid":{"rendered":"https:\/\/www.europesstore.com\/?post_type=product&#038;p=15670"},"modified":"2025-12-31T15:53:06","modified_gmt":"2025-12-31T15:53:06","slug":"gucci-kedi-gozu-gunes-gozlugu-kahve","status":"publish","type":"product","link":"https:\/\/www.europesstore.com\/en\/product\/gucci-kedi-gozu-gunes-gozlugu-kahve\/","title":{"rendered":"Gucci Kedi G\u00f6z\u00fc G\u00fcne\u015f G\u00f6zl\u00fc\u011f\u00fc &#8211; Kahve"},"content":{"rendered":"<p>Gucci&#8217;nin ikonik tasar\u0131m \u00e7izgilerini ta\u015f\u0131yan bu <strong data-start=\"187\" data-end=\"214\">kedi g\u00f6z\u00fc g\u00fcne\u015f g\u00f6zl\u00fc\u011f\u00fc<\/strong>, sofistike g\u00f6r\u00fcn\u00fcm\u00fcyle tarz\u0131na iddial\u0131 bir dokunu\u015f katmak isteyen kad\u0131nlar i\u00e7in \u00f6zel olarak tasarland\u0131. Keskin hatlara sahip \u00e7er\u00e7evesi, y\u00fcz hatlar\u0131n\u0131 vurgularken, retro-modern \u00e7izgisiyle nostaljik bir zarafet sunar.<\/p>","protected":false},"excerpt":{"rendered":"<p>Gucci&#8217;nin ikonik tasar\u0131m \u00e7izgilerini ta\u015f\u0131yan bu kedi g\u00f6z\u00fc g\u00fcne\u015f g\u00f6zl\u00fc\u011f\u00fc, sofistike g\u00f6r\u00fcn\u00fcm\u00fcyle tarz\u0131na iddial\u0131 bir dokunu\u015f katmak isteyen kad\u0131nlar i\u00e7in \u00f6zel olarak tasarland\u0131. Keskin hatlara sahip \u00e7er\u00e7evesi, y\u00fcz hatlar\u0131n\u0131 vurgularken, retro-modern \u00e7izgisiyle nostaljik bir zarafet sunar.<\/p>","protected":false},"featured_media":15731,"comment_status":"open","ping_status":"closed","template":"","meta":[],"product_brand":[],"product_cat":[950,964],"product_tag":[],"class_list":{"0":"post-15670","1":"product","2":"type-product","3":"status-publish","4":"has-post-thumbnail","6":"product_cat-gozluk","7":"product_cat-yeni-gelenler","9":"first","10":"instock","11":"sale","12":"shipping-taxable","13":"purchasable","14":"product-type-simple"},"jetpack_sharing_enabled":true,"_links":{"self":[{"href":"https:\/\/www.europesstore.com\/en\/wp-json\/wp\/v2\/product\/15670","targetHints":{"allow":["GET"]}}],"collection":[{"href":"https:\/\/www.europesstore.com\/en\/wp-json\/wp\/v2\/product"}],"about":[{"href":"https:\/\/www.europesstore.com\/en\/wp-json\/wp\/v2\/types\/product"}],"replies":[{"embeddable":true,"href":"https:\/\/www.europesstore.com\/en\/wp-json\/wp\/v2\/comments?post=15670"}],"wp:featuredmedia":[{"embeddable":true,"href":"https:\/\/www.europesstore.com\/en\/wp-json\/wp\/v2\/media\/15731"}],"wp:attachment":[{"href":"https:\/\/www.europesstore.com\/en\/wp-json\/wp\/v2\/media?parent=15670"}],"wp:term":[{"taxonomy":"product_brand","embeddable":true,"href":"https:\/\/www.europesstore.com\/en\/wp-json\/wp\/v2\/product_brand?post=15670"},{"taxonomy":"product_cat","embeddable":true,"href":"https:\/\/www.europesstore.com\/en\/wp-json\/wp\/v2\/product_cat?post=15670"},{"taxonomy":"product_tag","embeddable":true,"href":"https:\/\/www.europesstore.com\/en\/wp-json\/wp\/v2\/product_tag?post=15670"}],"curies":[{"name":"wp","href":"https:\/\/api.w.org\/{rel}","templated":true}]}}