{"id":15672,"date":"2025-12-31T15:51:32","date_gmt":"2025-12-31T15:51:32","guid":{"rendered":"https:\/\/www.europesstore.com\/?post_type=product&#038;p=15672"},"modified":"2025-12-31T15:53:12","modified_gmt":"2025-12-31T15:53:12","slug":"versace-medusa-biggie-dikdortgen-gunes-gozlugu-siyah","status":"publish","type":"product","link":"https:\/\/www.europesstore.com\/en\/product\/versace-medusa-biggie-dikdortgen-gunes-gozlugu-siyah\/","title":{"rendered":"Versace Medusa Biggie Dikd\u00f6rtgen G\u00fcne\u015f G\u00f6zl\u00fc\u011f\u00fc &#8211; Siyah"},"content":{"rendered":"<p><strong>Versace\u2019nin modern zarafetini ve cesur tarz\u0131n\u0131 yans\u0131tan Medusa Biggie g\u00fcne\u015f g\u00f6zl\u00fc\u011f\u00fc, beyaz \u00e7er\u00e7evesi ve ikonik Medusa logosu ile stil sahibi g\u00f6r\u00fcn\u00fcm\u00fcn\u00fcze g\u00fc\u00e7l\u00fc bir vurgu yap\u0131yor. Dikd\u00f6rtgen formdaki geni\u015f \u00e7er\u00e7evesi ve alt\u0131n-siyah detaylar\u0131yla hem dikkat \u00e7ekici hem de \u00f6zg\u00fcn bir tasar\u0131ma sahip. UV korumal\u0131 camlar\u0131yla g\u00f6zlerinizi g\u00fcne\u015f \u0131\u015f\u0131nlar\u0131na kar\u015f\u0131 etkin \u015fekilde korur, rahat kullan\u0131m sunar. Fark\u0131n\u0131 ortaya koymak isteyenlerin vazge\u00e7ilmezi olacak \u015f\u0131kl\u0131kta bir aksesuar.<\/strong><\/p>","protected":false},"excerpt":{"rendered":"<p>Versace\u2019nin modern zarafetini ve cesur tarz\u0131n\u0131 yans\u0131tan Medusa Biggie g\u00fcne\u015f g\u00f6zl\u00fc\u011f\u00fc, beyaz \u00e7er\u00e7evesi ve ikonik Medusa logosu ile stil sahibi g\u00f6r\u00fcn\u00fcm\u00fcn\u00fcze g\u00fc\u00e7l\u00fc bir vurgu yap\u0131yor. Dikd\u00f6rtgen formdaki geni\u015f \u00e7er\u00e7evesi ve alt\u0131n-siyah detaylar\u0131yla hem dikkat \u00e7ekici hem de \u00f6zg\u00fcn bir tasar\u0131ma sahip. UV korumal\u0131 camlar\u0131yla g\u00f6zlerinizi g\u00fcne\u015f \u0131\u015f\u0131nlar\u0131na kar\u015f\u0131 etkin \u015fekilde korur, rahat kullan\u0131m sunar. Fark\u0131n\u0131 [&hellip;]<\/p>","protected":false},"featured_media":15734,"comment_status":"open","ping_status":"closed","template":"","meta":[],"product_brand":[],"product_cat":[950,964],"product_tag":[],"class_list":{"0":"post-15672","1":"product","2":"type-product","3":"status-publish","4":"has-post-thumbnail","6":"product_cat-gozluk","7":"product_cat-yeni-gelenler","9":"first","10":"instock","11":"sale","12":"shipping-taxable","13":"purchasable","14":"product-type-simple"},"jetpack_sharing_enabled":true,"_links":{"self":[{"href":"https:\/\/www.europesstore.com\/en\/wp-json\/wp\/v2\/product\/15672","targetHints":{"allow":["GET"]}}],"collection":[{"href":"https:\/\/www.europesstore.com\/en\/wp-json\/wp\/v2\/product"}],"about":[{"href":"https:\/\/www.europesstore.com\/en\/wp-json\/wp\/v2\/types\/product"}],"replies":[{"embeddable":true,"href":"https:\/\/www.europesstore.com\/en\/wp-json\/wp\/v2\/comments?post=15672"}],"wp:featuredmedia":[{"embeddable":true,"href":"https:\/\/www.europesstore.com\/en\/wp-json\/wp\/v2\/media\/15734"}],"wp:attachment":[{"href":"https:\/\/www.europesstore.com\/en\/wp-json\/wp\/v2\/media?parent=15672"}],"wp:term":[{"taxonomy":"product_brand","embeddable":true,"href":"https:\/\/www.europesstore.com\/en\/wp-json\/wp\/v2\/product_brand?post=15672"},{"taxonomy":"product_cat","embeddable":true,"href":"https:\/\/www.europesstore.com\/en\/wp-json\/wp\/v2\/product_cat?post=15672"},{"taxonomy":"product_tag","embeddable":true,"href":"https:\/\/www.europesstore.com\/en\/wp-json\/wp\/v2\/product_tag?post=15672"}],"curies":[{"name":"wp","href":"https:\/\/api.w.org\/{rel}","templated":true}]}}