{"id":15688,"date":"2025-12-31T15:51:57","date_gmt":"2025-12-31T15:51:57","guid":{"rendered":"https:\/\/www.europesstore.com\/?post_type=product&#038;p=15688"},"modified":"2025-12-31T15:53:34","modified_gmt":"2025-12-31T15:53:34","slug":"maybach-the-creator-gunes-gozlugu-gold-fume-degrade","status":"publish","type":"product","link":"https:\/\/www.europesstore.com\/en\/product\/maybach-the-creator-gunes-gozlugu-gold-fume-degrade\/","title":{"rendered":"Maybach The Creator G\u00fcne\u015f G\u00f6zl\u00fc\u011f\u00fc -Gold-F\u00fcme Degrade"},"content":{"rendered":"<p><strong>Maybach&#8217;\u0131n benzersiz l\u00fcks ve zarafetini ta\u015f\u0131yan &#8220;The Creator&#8221; g\u00fcne\u015f g\u00f6zl\u00fc\u011f\u00fc, gold detayl\u0131 metal \u00e7er\u00e7eve ve f\u00fcme degrade camlar\u0131yla kusursuz bir stil sunuyor. \u00c7er\u00e7evesiz tasar\u0131m\u0131yla zarif ve modern bir g\u00f6r\u00fcn\u00fcm sa\u011flarken, saplar\u0131ndaki Maybach logosu ve ince i\u015f\u00e7ilik detaylar\u0131yla prestijini ortaya koyuyor. Y\u00fcksek kaliteli materyali ve UV korumal\u0131 camlar\u0131 sayesinde hem \u015f\u0131kl\u0131\u011f\u0131n\u0131z\u0131 tamamlar hem de g\u00f6zlerinize \u00fcst\u00fcn koruma sa\u011flar. Tarz\u0131nda ayr\u0131cal\u0131k arayanlar\u0131n tercihidir.<\/strong><\/p>","protected":false},"excerpt":{"rendered":"<p>Maybach&#8217;\u0131n benzersiz l\u00fcks ve zarafetini ta\u015f\u0131yan &#8220;The Creator&#8221; g\u00fcne\u015f g\u00f6zl\u00fc\u011f\u00fc, gold detayl\u0131 metal \u00e7er\u00e7eve ve f\u00fcme degrade camlar\u0131yla kusursuz bir stil sunuyor. \u00c7er\u00e7evesiz tasar\u0131m\u0131yla zarif ve modern bir g\u00f6r\u00fcn\u00fcm sa\u011flarken, saplar\u0131ndaki Maybach logosu ve ince i\u015f\u00e7ilik detaylar\u0131yla prestijini ortaya koyuyor. Y\u00fcksek kaliteli materyali ve UV korumal\u0131 camlar\u0131 sayesinde hem \u015f\u0131kl\u0131\u011f\u0131n\u0131z\u0131 tamamlar hem de g\u00f6zlerinize \u00fcst\u00fcn [&hellip;]<\/p>","protected":false},"featured_media":15751,"comment_status":"open","ping_status":"closed","template":"","meta":[],"product_brand":[],"product_cat":[950,964],"product_tag":[],"class_list":{"0":"post-15688","1":"product","2":"type-product","3":"status-publish","4":"has-post-thumbnail","6":"product_cat-gozluk","7":"product_cat-yeni-gelenler","9":"first","10":"instock","11":"sale","12":"shipping-taxable","13":"purchasable","14":"product-type-simple"},"jetpack_sharing_enabled":true,"_links":{"self":[{"href":"https:\/\/www.europesstore.com\/en\/wp-json\/wp\/v2\/product\/15688","targetHints":{"allow":["GET"]}}],"collection":[{"href":"https:\/\/www.europesstore.com\/en\/wp-json\/wp\/v2\/product"}],"about":[{"href":"https:\/\/www.europesstore.com\/en\/wp-json\/wp\/v2\/types\/product"}],"replies":[{"embeddable":true,"href":"https:\/\/www.europesstore.com\/en\/wp-json\/wp\/v2\/comments?post=15688"}],"wp:featuredmedia":[{"embeddable":true,"href":"https:\/\/www.europesstore.com\/en\/wp-json\/wp\/v2\/media\/15751"}],"wp:attachment":[{"href":"https:\/\/www.europesstore.com\/en\/wp-json\/wp\/v2\/media?parent=15688"}],"wp:term":[{"taxonomy":"product_brand","embeddable":true,"href":"https:\/\/www.europesstore.com\/en\/wp-json\/wp\/v2\/product_brand?post=15688"},{"taxonomy":"product_cat","embeddable":true,"href":"https:\/\/www.europesstore.com\/en\/wp-json\/wp\/v2\/product_cat?post=15688"},{"taxonomy":"product_tag","embeddable":true,"href":"https:\/\/www.europesstore.com\/en\/wp-json\/wp\/v2\/product_tag?post=15688"}],"curies":[{"name":"wp","href":"https:\/\/api.w.org\/{rel}","templated":true}]}}