{"id":15689,"date":"2025-12-31T15:51:57","date_gmt":"2025-12-31T15:51:57","guid":{"rendered":"https:\/\/www.europesstore.com\/?post_type=product&#038;p=15689"},"modified":"2025-12-31T15:53:38","modified_gmt":"2025-12-31T15:53:38","slug":"maybach-the-creator-gunes-gozlugu-siyah-fume","status":"publish","type":"product","link":"https:\/\/www.europesstore.com\/en\/product\/maybach-the-creator-gunes-gozlugu-siyah-fume\/","title":{"rendered":"Maybach The Creator G\u00fcne\u015f G\u00f6zl\u00fc\u011f\u00fc -Siyah-F\u00fcme"},"content":{"rendered":"<p><strong>Maybach\u2019\u0131n \u015f\u0131kl\u0131k ve l\u00fcks\u00fc bulu\u015fturdu\u011fu siyah-f\u00fcme renkli g\u00fcne\u015f g\u00f6zl\u00fc\u011f\u00fc, zarif ve modern tasar\u0131m\u0131yla \u00f6ne \u00e7\u0131k\u0131yor. \u0130nce metal \u00e7er\u00e7evesiz cam tasar\u0131m\u0131, koyu tonlar\u0131 ve minimalist detaylar\u0131 ile sofistike bir g\u00f6r\u00fcn\u00fcm sa\u011flarken, sap k\u0131sm\u0131ndaki zarif logo detay\u0131 markan\u0131n prestijini vurguluyor. UV korumal\u0131 camlar\u0131 sayesinde g\u00f6z sa\u011fl\u0131\u011f\u0131n\u0131z\u0131 maksimum seviyede korur ve g\u00fcnl\u00fck konforlu kullan\u0131m sunar. Stil sahibi ve rafine duru\u015fuyla her kombine \u015f\u0131kl\u0131k katar.<\/strong><\/p>","protected":false},"excerpt":{"rendered":"<p>Maybach\u2019\u0131n \u015f\u0131kl\u0131k ve l\u00fcks\u00fc bulu\u015fturdu\u011fu siyah-f\u00fcme renkli g\u00fcne\u015f g\u00f6zl\u00fc\u011f\u00fc, zarif ve modern tasar\u0131m\u0131yla \u00f6ne \u00e7\u0131k\u0131yor. \u0130nce metal \u00e7er\u00e7evesiz cam tasar\u0131m\u0131, koyu tonlar\u0131 ve minimalist detaylar\u0131 ile sofistike bir g\u00f6r\u00fcn\u00fcm sa\u011flarken, sap k\u0131sm\u0131ndaki zarif logo detay\u0131 markan\u0131n prestijini vurguluyor. UV korumal\u0131 camlar\u0131 sayesinde g\u00f6z sa\u011fl\u0131\u011f\u0131n\u0131z\u0131 maksimum seviyede korur ve g\u00fcnl\u00fck konforlu kullan\u0131m sunar. Stil sahibi ve [&hellip;]<\/p>","protected":false},"featured_media":15752,"comment_status":"open","ping_status":"closed","template":"","meta":[],"product_brand":[],"product_cat":[950,964],"product_tag":[],"class_list":{"0":"post-15689","1":"product","2":"type-product","3":"status-publish","4":"has-post-thumbnail","6":"product_cat-gozluk","7":"product_cat-yeni-gelenler","9":"first","10":"instock","11":"sale","12":"shipping-taxable","13":"purchasable","14":"product-type-simple"},"jetpack_sharing_enabled":true,"_links":{"self":[{"href":"https:\/\/www.europesstore.com\/en\/wp-json\/wp\/v2\/product\/15689","targetHints":{"allow":["GET"]}}],"collection":[{"href":"https:\/\/www.europesstore.com\/en\/wp-json\/wp\/v2\/product"}],"about":[{"href":"https:\/\/www.europesstore.com\/en\/wp-json\/wp\/v2\/types\/product"}],"replies":[{"embeddable":true,"href":"https:\/\/www.europesstore.com\/en\/wp-json\/wp\/v2\/comments?post=15689"}],"wp:featuredmedia":[{"embeddable":true,"href":"https:\/\/www.europesstore.com\/en\/wp-json\/wp\/v2\/media\/15752"}],"wp:attachment":[{"href":"https:\/\/www.europesstore.com\/en\/wp-json\/wp\/v2\/media?parent=15689"}],"wp:term":[{"taxonomy":"product_brand","embeddable":true,"href":"https:\/\/www.europesstore.com\/en\/wp-json\/wp\/v2\/product_brand?post=15689"},{"taxonomy":"product_cat","embeddable":true,"href":"https:\/\/www.europesstore.com\/en\/wp-json\/wp\/v2\/product_cat?post=15689"},{"taxonomy":"product_tag","embeddable":true,"href":"https:\/\/www.europesstore.com\/en\/wp-json\/wp\/v2\/product_tag?post=15689"}],"curies":[{"name":"wp","href":"https:\/\/api.w.org\/{rel}","templated":true}]}}