{"id":16031,"date":"2026-01-05T14:23:01","date_gmt":"2026-01-05T14:23:01","guid":{"rendered":"https:\/\/www.europesstore.com\/urun\/coach-tabby-buyuk-boy-turuncu-mavi-canta\/"},"modified":"2026-01-05T14:28:43","modified_gmt":"2026-01-05T14:28:43","slug":"coach-tabby-buyuk-boy-turuncu-mavi-canta","status":"publish","type":"product","link":"https:\/\/www.europesstore.com\/en\/product\/coach-tabby-buyuk-boy-turuncu-mavi-canta\/","title":{"rendered":"Coach Tabby b\u00fcy\u00fck boy turuncu mavi \u00e7anta"},"content":{"rendered":"<p>COACH TABBY B\u00dcY\u00dcK BOY<br \/>\nEn 25 cm<br \/>\nBoy 15 cm<br \/>\nGeni\u015flik 8 cm<\/p>","protected":false},"excerpt":{"rendered":"<p>COACH TABBY B\u00dcY\u00dcK BOY En 25 cm Boy 15 cm Geni\u015flik 8 cm<\/p>","protected":false},"featured_media":16142,"comment_status":"open","ping_status":"closed","template":"","meta":[],"product_brand":[],"product_cat":[15],"product_tag":[],"class_list":{"0":"post-16031","1":"product","2":"type-product","3":"status-publish","4":"has-post-thumbnail","6":"product_cat-genel","8":"first","9":"instock","10":"shipping-taxable","11":"purchasable","12":"product-type-simple"},"jetpack_sharing_enabled":true,"_links":{"self":[{"href":"https:\/\/www.europesstore.com\/en\/wp-json\/wp\/v2\/product\/16031","targetHints":{"allow":["GET"]}}],"collection":[{"href":"https:\/\/www.europesstore.com\/en\/wp-json\/wp\/v2\/product"}],"about":[{"href":"https:\/\/www.europesstore.com\/en\/wp-json\/wp\/v2\/types\/product"}],"replies":[{"embeddable":true,"href":"https:\/\/www.europesstore.com\/en\/wp-json\/wp\/v2\/comments?post=16031"}],"wp:featuredmedia":[{"embeddable":true,"href":"https:\/\/www.europesstore.com\/en\/wp-json\/wp\/v2\/media\/16142"}],"wp:attachment":[{"href":"https:\/\/www.europesstore.com\/en\/wp-json\/wp\/v2\/media?parent=16031"}],"wp:term":[{"taxonomy":"product_brand","embeddable":true,"href":"https:\/\/www.europesstore.com\/en\/wp-json\/wp\/v2\/product_brand?post=16031"},{"taxonomy":"product_cat","embeddable":true,"href":"https:\/\/www.europesstore.com\/en\/wp-json\/wp\/v2\/product_cat?post=16031"},{"taxonomy":"product_tag","embeddable":true,"href":"https:\/\/www.europesstore.com\/en\/wp-json\/wp\/v2\/product_tag?post=16031"}],"curies":[{"name":"wp","href":"https:\/\/api.w.org\/{rel}","templated":true}]}}