{"id":16033,"date":"2026-01-05T14:23:07","date_gmt":"2026-01-05T14:23:07","guid":{"rendered":"https:\/\/www.europesstore.com\/urun\/coach-gofraj-baskili-kilitli-buzgulu-siyah-canta\/"},"modified":"2026-01-05T14:28:47","modified_gmt":"2026-01-05T14:28:47","slug":"coach-gofraj-baskili-kilitli-buzgulu-siyah-canta","status":"publish","type":"product","link":"https:\/\/www.europesstore.com\/en\/product\/coach-gofraj-baskili-kilitli-buzgulu-siyah-canta\/","title":{"rendered":"Coach Gofraj bask\u0131l\u0131 kilitli b\u00fczg\u00fcl\u00fc siyah \u00e7anta"},"content":{"rendered":"<p>En 24 cm<br \/>\nBoy 24 cm<br \/>\nGeni\u015flik 10 cm<\/p>","protected":false},"excerpt":{"rendered":"<p>En 24 cm Boy 24 cm Geni\u015flik 10 cm<\/p>","protected":false},"featured_media":16144,"comment_status":"open","ping_status":"closed","template":"","meta":[],"product_brand":[],"product_cat":[15],"product_tag":[],"class_list":{"0":"post-16033","1":"product","2":"type-product","3":"status-publish","4":"has-post-thumbnail","6":"product_cat-genel","8":"first","9":"instock","10":"shipping-taxable","11":"purchasable","12":"product-type-simple"},"jetpack_sharing_enabled":true,"_links":{"self":[{"href":"https:\/\/www.europesstore.com\/en\/wp-json\/wp\/v2\/product\/16033","targetHints":{"allow":["GET"]}}],"collection":[{"href":"https:\/\/www.europesstore.com\/en\/wp-json\/wp\/v2\/product"}],"about":[{"href":"https:\/\/www.europesstore.com\/en\/wp-json\/wp\/v2\/types\/product"}],"replies":[{"embeddable":true,"href":"https:\/\/www.europesstore.com\/en\/wp-json\/wp\/v2\/comments?post=16033"}],"wp:featuredmedia":[{"embeddable":true,"href":"https:\/\/www.europesstore.com\/en\/wp-json\/wp\/v2\/media\/16144"}],"wp:attachment":[{"href":"https:\/\/www.europesstore.com\/en\/wp-json\/wp\/v2\/media?parent=16033"}],"wp:term":[{"taxonomy":"product_brand","embeddable":true,"href":"https:\/\/www.europesstore.com\/en\/wp-json\/wp\/v2\/product_brand?post=16033"},{"taxonomy":"product_cat","embeddable":true,"href":"https:\/\/www.europesstore.com\/en\/wp-json\/wp\/v2\/product_cat?post=16033"},{"taxonomy":"product_tag","embeddable":true,"href":"https:\/\/www.europesstore.com\/en\/wp-json\/wp\/v2\/product_tag?post=16033"}],"curies":[{"name":"wp","href":"https:\/\/api.w.org\/{rel}","templated":true}]}}