{"id":16158,"date":"2026-01-05T14:29:09","date_gmt":"2026-01-05T14:29:09","guid":{"rendered":"https:\/\/www.europesstore.com\/urun\/coach-gofraj-kucuk-boy-ay-canta-mavi-canta\/"},"modified":"2026-01-05T14:34:01","modified_gmt":"2026-01-05T14:34:01","slug":"coach-gofraj-kucuk-boy-ay-canta-mavi-canta","status":"publish","type":"product","link":"https:\/\/www.europesstore.com\/en\/product\/coach-gofraj-kucuk-boy-ay-canta-mavi-canta\/","title":{"rendered":"Coach Gofraj k\u00fc\u00e7\u00fck boy ay \u00e7anta mavi \u00e7anta"},"content":{"rendered":"<p>En 14 cm<br \/>\nBoy 8 cm<br \/>\nGeni\u015flik 7 cm<\/p>","protected":false},"excerpt":{"rendered":"<p>En 14 cm Boy 8 cm Geni\u015flik 7 cm<\/p>","protected":false},"featured_media":16307,"comment_status":"open","ping_status":"closed","template":"","meta":[],"product_brand":[],"product_cat":[15],"product_tag":[],"class_list":{"0":"post-16158","1":"product","2":"type-product","3":"status-publish","4":"has-post-thumbnail","6":"product_cat-genel","8":"first","9":"instock","10":"shipping-taxable","11":"purchasable","12":"product-type-simple"},"jetpack_sharing_enabled":true,"_links":{"self":[{"href":"https:\/\/www.europesstore.com\/en\/wp-json\/wp\/v2\/product\/16158","targetHints":{"allow":["GET"]}}],"collection":[{"href":"https:\/\/www.europesstore.com\/en\/wp-json\/wp\/v2\/product"}],"about":[{"href":"https:\/\/www.europesstore.com\/en\/wp-json\/wp\/v2\/types\/product"}],"replies":[{"embeddable":true,"href":"https:\/\/www.europesstore.com\/en\/wp-json\/wp\/v2\/comments?post=16158"}],"wp:featuredmedia":[{"embeddable":true,"href":"https:\/\/www.europesstore.com\/en\/wp-json\/wp\/v2\/media\/16307"}],"wp:attachment":[{"href":"https:\/\/www.europesstore.com\/en\/wp-json\/wp\/v2\/media?parent=16158"}],"wp:term":[{"taxonomy":"product_brand","embeddable":true,"href":"https:\/\/www.europesstore.com\/en\/wp-json\/wp\/v2\/product_brand?post=16158"},{"taxonomy":"product_cat","embeddable":true,"href":"https:\/\/www.europesstore.com\/en\/wp-json\/wp\/v2\/product_cat?post=16158"},{"taxonomy":"product_tag","embeddable":true,"href":"https:\/\/www.europesstore.com\/en\/wp-json\/wp\/v2\/product_tag?post=16158"}],"curies":[{"name":"wp","href":"https:\/\/api.w.org\/{rel}","templated":true}]}}