{"id":16225,"date":"2026-01-05T14:31:14","date_gmt":"2026-01-05T14:31:14","guid":{"rendered":"https:\/\/www.europesstore.com\/urun\/coach-canvas-kucuk-boy-yesil-canta\/"},"modified":"2026-01-05T14:36:06","modified_gmt":"2026-01-05T14:36:06","slug":"coach-canvas-kucuk-boy-yesil-canta","status":"publish","type":"product","link":"https:\/\/www.europesstore.com\/en\/product\/coach-canvas-kucuk-boy-yesil-canta\/","title":{"rendered":"Coach canvas k\u00fc\u00e7\u00fck boy ye\u015fil \u00e7anta"},"content":{"rendered":"<p>En 23 cm<br \/>\nBoy 17 cm<br \/>\nGeni\u015flik 10 cm<\/p>","protected":false},"excerpt":{"rendered":"<p>En 23 cm Boy 17 cm Geni\u015flik 10 cm<\/p>","protected":false},"featured_media":16329,"comment_status":"open","ping_status":"closed","template":"","meta":[],"product_brand":[],"product_cat":[15],"product_tag":[],"class_list":{"0":"post-16225","1":"product","2":"type-product","3":"status-publish","4":"has-post-thumbnail","6":"product_cat-genel","8":"first","9":"instock","10":"shipping-taxable","11":"purchasable","12":"product-type-simple"},"jetpack_sharing_enabled":true,"_links":{"self":[{"href":"https:\/\/www.europesstore.com\/en\/wp-json\/wp\/v2\/product\/16225","targetHints":{"allow":["GET"]}}],"collection":[{"href":"https:\/\/www.europesstore.com\/en\/wp-json\/wp\/v2\/product"}],"about":[{"href":"https:\/\/www.europesstore.com\/en\/wp-json\/wp\/v2\/types\/product"}],"replies":[{"embeddable":true,"href":"https:\/\/www.europesstore.com\/en\/wp-json\/wp\/v2\/comments?post=16225"}],"wp:featuredmedia":[{"embeddable":true,"href":"https:\/\/www.europesstore.com\/en\/wp-json\/wp\/v2\/media\/16329"}],"wp:attachment":[{"href":"https:\/\/www.europesstore.com\/en\/wp-json\/wp\/v2\/media?parent=16225"}],"wp:term":[{"taxonomy":"product_brand","embeddable":true,"href":"https:\/\/www.europesstore.com\/en\/wp-json\/wp\/v2\/product_brand?post=16225"},{"taxonomy":"product_cat","embeddable":true,"href":"https:\/\/www.europesstore.com\/en\/wp-json\/wp\/v2\/product_cat?post=16225"},{"taxonomy":"product_tag","embeddable":true,"href":"https:\/\/www.europesstore.com\/en\/wp-json\/wp\/v2\/product_tag?post=16225"}],"curies":[{"name":"wp","href":"https:\/\/api.w.org\/{rel}","templated":true}]}}