{"id":16264,"date":"2026-01-05T14:32:33","date_gmt":"2026-01-05T14:32:33","guid":{"rendered":"https:\/\/www.europesstore.com\/urun\/coach-canvas-buyuk-boy-tas-canta-2\/"},"modified":"2026-01-05T14:37:24","modified_gmt":"2026-01-05T14:37:24","slug":"coach-canvas-buyuk-boy-tas-canta-2","status":"publish","type":"product","link":"https:\/\/www.europesstore.com\/en\/product\/coach-canvas-buyuk-boy-tas-canta-2\/","title":{"rendered":"Coach canvas b\u00fcy\u00fck boy ta\u015f \u00e7anta"},"content":{"rendered":"<p>En 34 cm<br \/>\nBoy 24 cm<br \/>\nGeni\u015flik 12 cm<\/p>","protected":false},"excerpt":{"rendered":"<p>En 34 cm Boy 24 cm Geni\u015flik 12 cm<\/p>","protected":false},"featured_media":16341,"comment_status":"open","ping_status":"closed","template":"","meta":[],"product_brand":[],"product_cat":[15],"product_tag":[],"class_list":{"0":"post-16264","1":"product","2":"type-product","3":"status-publish","4":"has-post-thumbnail","6":"product_cat-genel","8":"first","9":"instock","10":"shipping-taxable","11":"purchasable","12":"product-type-simple"},"jetpack_sharing_enabled":true,"_links":{"self":[{"href":"https:\/\/www.europesstore.com\/en\/wp-json\/wp\/v2\/product\/16264","targetHints":{"allow":["GET"]}}],"collection":[{"href":"https:\/\/www.europesstore.com\/en\/wp-json\/wp\/v2\/product"}],"about":[{"href":"https:\/\/www.europesstore.com\/en\/wp-json\/wp\/v2\/types\/product"}],"replies":[{"embeddable":true,"href":"https:\/\/www.europesstore.com\/en\/wp-json\/wp\/v2\/comments?post=16264"}],"wp:featuredmedia":[{"embeddable":true,"href":"https:\/\/www.europesstore.com\/en\/wp-json\/wp\/v2\/media\/16341"}],"wp:attachment":[{"href":"https:\/\/www.europesstore.com\/en\/wp-json\/wp\/v2\/media?parent=16264"}],"wp:term":[{"taxonomy":"product_brand","embeddable":true,"href":"https:\/\/www.europesstore.com\/en\/wp-json\/wp\/v2\/product_brand?post=16264"},{"taxonomy":"product_cat","embeddable":true,"href":"https:\/\/www.europesstore.com\/en\/wp-json\/wp\/v2\/product_cat?post=16264"},{"taxonomy":"product_tag","embeddable":true,"href":"https:\/\/www.europesstore.com\/en\/wp-json\/wp\/v2\/product_tag?post=16264"}],"curies":[{"name":"wp","href":"https:\/\/api.w.org\/{rel}","templated":true}]}}