{"id":16441,"date":"2026-01-12T16:12:46","date_gmt":"2026-01-12T16:12:46","guid":{"rendered":"https:\/\/www.europesstore.com\/?post_type=product&#038;p=16441"},"modified":"2026-01-12T17:47:19","modified_gmt":"2026-01-12T17:47:19","slug":"mimoza-desenli-elbise-sari-2","status":"publish","type":"product","link":"https:\/\/www.europesstore.com\/en\/product\/mimoza-desenli-elbise-sari-2\/","title":{"rendered":"Mimoza Desenli Elbise -Sar\u0131"},"content":{"rendered":"<p data-start=\"58\" data-end=\"571\"><strong data-start=\"61\" data-end=\"98\">Sar\u0131 Mimoza Desenli Yazl\u0131k Elbise<\/strong><br \/>\nDo\u011fan\u0131n en zarif renklerinden ilham alan bu elbise, yumu\u015fak dokulu kuma\u015f\u0131 ve sar\u0131 mimoza \u00e7i\u00e7ek desenleriyle yaz stilinize taze bir dokunu\u015f kat\u0131yor. D\u00fc\u011fmeli \u00f6n y\u00fcz\u00fc, d\u00f6k\u00fcml\u00fc yap\u0131s\u0131 ve rahat kesimiyle hem \u015f\u0131kl\u0131\u011f\u0131 hem de konforu bir arada sunuyor. Uzun kollu tasar\u0131m\u0131 sayesinde serin yaz ak\u015famlar\u0131nda da keyifle kullan\u0131labilir. \u0130\u00e7erisine beyaz bir i\u00e7lik ile kombinlenmi\u015f olan bu elbise, has\u0131r \u00e7anta ve g\u00fcne\u015f \u00e7i\u00e7ekleriyle tamamlanarak adeta bir yaz bah\u00e7esi havas\u0131 yarat\u0131yor.<\/p>\n<p data-start=\"573\" data-end=\"648\">&#x2728; G\u00fcnl\u00fck kullan\u0131m, tatil kombinleri veya hafta sonu gezileriniz i\u00e7in ideal.<\/p>\n<p class=\"selectable-text copyable-text x15bjb6t x1n2onr6\" dir=\"ltr\"><span class=\"selectable-text copyable-text xkrh14z\">\u00d6l\u00e7\u00fcler, Standart Beden<\/span><\/p>\n<p class=\"selectable-text copyable-text x15bjb6t x1n2onr6\" dir=\"ltr\"><span class=\"selectable-text copyable-text xkrh14z\">\u00dcst geni\u015flik 106 cm<\/span><\/p>\n<p class=\"selectable-text copyable-text x15bjb6t x1n2onr6\" dir=\"ltr\"><span class=\"selectable-text copyable-text xkrh14z\">Elbise boy 137 cm<\/span><\/p>\n<p class=\"selectable-text copyable-text x15bjb6t x1n2onr6\" dir=\"ltr\"><span class=\"selectable-text copyable-text xkrh14z\">Manken boy 1.70<\/span><\/p>","protected":false},"excerpt":{"rendered":"<p>Sar\u0131 Mimoza Desenli Yazl\u0131k Elbise Do\u011fan\u0131n en zarif renklerinden ilham alan bu elbise, yumu\u015fak dokulu kuma\u015f\u0131 ve sar\u0131 mimoza \u00e7i\u00e7ek desenleriyle yaz stilinize taze bir dokunu\u015f kat\u0131yor. D\u00fc\u011fmeli \u00f6n y\u00fcz\u00fc, d\u00f6k\u00fcml\u00fc yap\u0131s\u0131 ve rahat kesimiyle hem \u015f\u0131kl\u0131\u011f\u0131 hem de konforu bir arada sunuyor. Uzun kollu tasar\u0131m\u0131 sayesinde serin yaz ak\u015famlar\u0131nda da keyifle kullan\u0131labilir. \u0130\u00e7erisine beyaz [&hellip;]<\/p>","protected":false},"featured_media":16486,"comment_status":"open","ping_status":"closed","template":"","meta":[],"product_brand":[],"product_cat":[967,969],"product_tag":[],"class_list":{"0":"post-16441","1":"product","2":"type-product","3":"status-publish","4":"has-post-thumbnail","6":"product_cat-accessories","7":"product_cat-elbise","9":"first","10":"instock","11":"sale","12":"shipping-taxable","13":"purchasable","14":"product-type-variable"},"jetpack_sharing_enabled":true,"_links":{"self":[{"href":"https:\/\/www.europesstore.com\/en\/wp-json\/wp\/v2\/product\/16441","targetHints":{"allow":["GET"]}}],"collection":[{"href":"https:\/\/www.europesstore.com\/en\/wp-json\/wp\/v2\/product"}],"about":[{"href":"https:\/\/www.europesstore.com\/en\/wp-json\/wp\/v2\/types\/product"}],"replies":[{"embeddable":true,"href":"https:\/\/www.europesstore.com\/en\/wp-json\/wp\/v2\/comments?post=16441"}],"wp:featuredmedia":[{"embeddable":true,"href":"https:\/\/www.europesstore.com\/en\/wp-json\/wp\/v2\/media\/16486"}],"wp:attachment":[{"href":"https:\/\/www.europesstore.com\/en\/wp-json\/wp\/v2\/media?parent=16441"}],"wp:term":[{"taxonomy":"product_brand","embeddable":true,"href":"https:\/\/www.europesstore.com\/en\/wp-json\/wp\/v2\/product_brand?post=16441"},{"taxonomy":"product_cat","embeddable":true,"href":"https:\/\/www.europesstore.com\/en\/wp-json\/wp\/v2\/product_cat?post=16441"},{"taxonomy":"product_tag","embeddable":true,"href":"https:\/\/www.europesstore.com\/en\/wp-json\/wp\/v2\/product_tag?post=16441"}],"curies":[{"name":"wp","href":"https:\/\/api.w.org\/{rel}","templated":true}]}}