{"id":16451,"date":"2026-01-12T16:12:48","date_gmt":"2026-01-12T16:12:48","guid":{"rendered":"https:\/\/www.europesstore.com\/?post_type=product&#038;p=16451"},"modified":"2026-01-12T17:47:37","modified_gmt":"2026-01-12T17:47:37","slug":"lumina-bloom-elbise-gun-isigi","status":"publish","type":"product","link":"https:\/\/www.europesstore.com\/en\/product\/lumina-bloom-elbise-gun-isigi\/","title":{"rendered":"Lumina\u202fBloom Elbise &#8211; G\u00fcn I\u015f\u0131\u011f\u0131"},"content":{"rendered":"<p data-start=\"427\" data-end=\"665\">Sabah g\u00fcne\u015finin ilk alt\u0131n tonlar\u0131n\u0131 yakalayan <strong data-start=\"89\" data-end=\"105\">Lumina\u202fBloom<\/strong>, her ad\u0131mda \u0131\u015f\u0131k sa\u00e7an zarif bir dokunu\u015f sunar. Hafif volanl\u0131 ete\u011fi ve ipeksi d\u00f6k\u00fcml\u00fc kuma\u015f\u0131yla ister sahil ak\u015fam\u0131nda, ister \u015fehir sokaklar\u0131nda enerjik ve feminen bir siluet yarat\u0131r.<\/p>\n<p>Bak\u0131m Talimat\u0131<\/p>\n<p data-start=\"835\" data-end=\"983\">30\u202f\u00b0C hassas programda ters \u00e7evirerek y\u0131kay\u0131n. D\u00fc\u015f\u00fck \u0131s\u0131da \u00fct\u00fcleyin; tamburlu kurutma kullanmay\u0131n. G\u00f6lge ortamda kurutarak sar\u0131 canl\u0131l\u0131\u011f\u0131n\u0131 koruyun.<\/p>\n<p>Kuma\u015f : Modal \u0130pek<\/p>\n<p class=\"selectable-text copyable-text x15bjb6t x1n2onr6\" dir=\"ltr\"><span class=\"selectable-text copyable-text xkrh14z\">\u00d6l\u00e7\u00fcler, S-M \/ L-XL<\/span><\/p>\n<p class=\"selectable-text copyable-text x15bjb6t x1n2onr6\" dir=\"ltr\"><span class=\"selectable-text copyable-text xkrh14z\">\u00dcst geni\u015flik 106 cm<\/span><\/p>\n<p class=\"selectable-text copyable-text x15bjb6t x1n2onr6\" dir=\"ltr\"><span class=\"selectable-text copyable-text xkrh14z\">Elbise boy 137 cm<\/span><\/p>\n<p class=\"selectable-text copyable-text x15bjb6t x1n2onr6\" dir=\"ltr\"><span class=\"selectable-text copyable-text xkrh14z\">Manken boy 1.70<\/span><\/p>","protected":false},"excerpt":{"rendered":"<p>Sabah g\u00fcne\u015finin ilk alt\u0131n tonlar\u0131n\u0131 yakalayan Lumina\u202fBloom, her ad\u0131mda \u0131\u015f\u0131k sa\u00e7an zarif bir dokunu\u015f sunar. Hafif volanl\u0131 ete\u011fi ve ipeksi d\u00f6k\u00fcml\u00fc kuma\u015f\u0131yla ister sahil ak\u015fam\u0131nda, ister \u015fehir sokaklar\u0131nda enerjik ve feminen bir siluet yarat\u0131r. Bak\u0131m Talimat\u0131 30\u202f\u00b0C hassas programda ters \u00e7evirerek y\u0131kay\u0131n. D\u00fc\u015f\u00fck \u0131s\u0131da \u00fct\u00fcleyin; tamburlu kurutma kullanmay\u0131n. G\u00f6lge ortamda kurutarak sar\u0131 canl\u0131l\u0131\u011f\u0131n\u0131 koruyun. Kuma\u015f [&hellip;]<\/p>","protected":false},"featured_media":16508,"comment_status":"open","ping_status":"closed","template":"","meta":[],"product_brand":[],"product_cat":[967,969],"product_tag":[],"class_list":{"0":"post-16451","1":"product","2":"type-product","3":"status-publish","4":"has-post-thumbnail","6":"product_cat-accessories","7":"product_cat-elbise","9":"first","10":"instock","11":"sale","12":"shipping-taxable","13":"purchasable","14":"product-type-variable"},"jetpack_sharing_enabled":true,"_links":{"self":[{"href":"https:\/\/www.europesstore.com\/en\/wp-json\/wp\/v2\/product\/16451","targetHints":{"allow":["GET"]}}],"collection":[{"href":"https:\/\/www.europesstore.com\/en\/wp-json\/wp\/v2\/product"}],"about":[{"href":"https:\/\/www.europesstore.com\/en\/wp-json\/wp\/v2\/types\/product"}],"replies":[{"embeddable":true,"href":"https:\/\/www.europesstore.com\/en\/wp-json\/wp\/v2\/comments?post=16451"}],"wp:featuredmedia":[{"embeddable":true,"href":"https:\/\/www.europesstore.com\/en\/wp-json\/wp\/v2\/media\/16508"}],"wp:attachment":[{"href":"https:\/\/www.europesstore.com\/en\/wp-json\/wp\/v2\/media?parent=16451"}],"wp:term":[{"taxonomy":"product_brand","embeddable":true,"href":"https:\/\/www.europesstore.com\/en\/wp-json\/wp\/v2\/product_brand?post=16451"},{"taxonomy":"product_cat","embeddable":true,"href":"https:\/\/www.europesstore.com\/en\/wp-json\/wp\/v2\/product_cat?post=16451"},{"taxonomy":"product_tag","embeddable":true,"href":"https:\/\/www.europesstore.com\/en\/wp-json\/wp\/v2\/product_tag?post=16451"}],"curies":[{"name":"wp","href":"https:\/\/api.w.org\/{rel}","templated":true}]}}