{"id":16452,"date":"2026-01-12T16:12:48","date_gmt":"2026-01-12T16:12:48","guid":{"rendered":"https:\/\/www.europesstore.com\/?post_type=product&#038;p=16452"},"modified":"2026-01-12T17:46:23","modified_gmt":"2026-01-12T17:46:23","slug":"mimoza-desen-elbise-gokyuzu","status":"publish","type":"product","link":"https:\/\/www.europesstore.com\/en\/product\/mimoza-desen-elbise-gokyuzu\/","title":{"rendered":"Mimoza Desen Elbise &#8211; G\u00f6ky\u00fcz\u00fc"},"content":{"rendered":"<p data-start=\"154\" data-end=\"425\">Do\u011fall\u0131\u011f\u0131n zarafetle bulu\u015ftu\u011fu bu mavi \u00e7i\u00e7ekli elbise, yaz\u0131n t\u00fcm ferahl\u0131\u011f\u0131n\u0131 stilinize yans\u0131t\u0131yor. Hafif yap\u0131l\u0131 kuma\u015f\u0131, nefes alan dokusu ve d\u00f6k\u00fcml\u00fc kesimiyle g\u00fcn boyu konfor sunarken; mavi tonlar\u0131n sakinli\u011fi, floral desenlerle birle\u015ferek sofistike bir g\u00f6r\u00fcn\u00fcm yarat\u0131yor.<\/p>\n<p data-start=\"427\" data-end=\"665\">Modern g\u00f6mlek yaka detay\u0131 ve tam boy d\u00fc\u011fme tasar\u0131m\u0131yla ister g\u00fcnl\u00fck kullan\u0131mda, ister \u00f6zel g\u00fcnlerde \u015f\u0131kl\u0131\u011f\u0131n\u0131z\u0131 \u00f6ne \u00e7\u0131kar\u0131n. Beyaz aksesuarlar veya has\u0131r \u00e7antayla kombinleyerek, \u015fehirde ya da tatilde g\u00f6z al\u0131c\u0131 bir stil olu\u015fturabilirsiniz.<\/p>\n<p class=\"selectable-text copyable-text x15bjb6t x1n2onr6\" dir=\"ltr\"><span class=\"selectable-text copyable-text xkrh14z\">\u00d6l\u00e7\u00fcler, S-M \/ L-XL<\/span><\/p>\n<p class=\"selectable-text copyable-text x15bjb6t x1n2onr6\" dir=\"ltr\"><span class=\"selectable-text copyable-text xkrh14z\">\u00dcst geni\u015flik 106 cm<\/span><\/p>\n<p class=\"selectable-text copyable-text x15bjb6t x1n2onr6\" dir=\"ltr\"><span class=\"selectable-text copyable-text xkrh14z\">Elbise boy 137 cm<\/span><\/p>\n<p class=\"selectable-text copyable-text x15bjb6t x1n2onr6\" dir=\"ltr\"><span class=\"selectable-text copyable-text xkrh14z\">Manken boy 1.70<\/span><\/p>","protected":false},"excerpt":{"rendered":"<p>Do\u011fall\u0131\u011f\u0131n zarafetle bulu\u015ftu\u011fu bu mavi \u00e7i\u00e7ekli elbise, yaz\u0131n t\u00fcm ferahl\u0131\u011f\u0131n\u0131 stilinize yans\u0131t\u0131yor. Hafif yap\u0131l\u0131 kuma\u015f\u0131, nefes alan dokusu ve d\u00f6k\u00fcml\u00fc kesimiyle g\u00fcn boyu konfor sunarken; mavi tonlar\u0131n sakinli\u011fi, floral desenlerle birle\u015ferek sofistike bir g\u00f6r\u00fcn\u00fcm yarat\u0131yor. Modern g\u00f6mlek yaka detay\u0131 ve tam boy d\u00fc\u011fme tasar\u0131m\u0131yla ister g\u00fcnl\u00fck kullan\u0131mda, ister \u00f6zel g\u00fcnlerde \u015f\u0131kl\u0131\u011f\u0131n\u0131z\u0131 \u00f6ne \u00e7\u0131kar\u0131n. Beyaz aksesuarlar [&hellip;]<\/p>","protected":false},"featured_media":16509,"comment_status":"open","ping_status":"closed","template":"","meta":[],"product_brand":[],"product_cat":[967,969],"product_tag":[],"class_list":{"0":"post-16452","1":"product","2":"type-product","3":"status-publish","4":"has-post-thumbnail","6":"product_cat-accessories","7":"product_cat-elbise","9":"first","10":"instock","11":"sale","12":"shipping-taxable","13":"purchasable","14":"product-type-variable"},"jetpack_sharing_enabled":true,"_links":{"self":[{"href":"https:\/\/www.europesstore.com\/en\/wp-json\/wp\/v2\/product\/16452","targetHints":{"allow":["GET"]}}],"collection":[{"href":"https:\/\/www.europesstore.com\/en\/wp-json\/wp\/v2\/product"}],"about":[{"href":"https:\/\/www.europesstore.com\/en\/wp-json\/wp\/v2\/types\/product"}],"replies":[{"embeddable":true,"href":"https:\/\/www.europesstore.com\/en\/wp-json\/wp\/v2\/comments?post=16452"}],"wp:featuredmedia":[{"embeddable":true,"href":"https:\/\/www.europesstore.com\/en\/wp-json\/wp\/v2\/media\/16509"}],"wp:attachment":[{"href":"https:\/\/www.europesstore.com\/en\/wp-json\/wp\/v2\/media?parent=16452"}],"wp:term":[{"taxonomy":"product_brand","embeddable":true,"href":"https:\/\/www.europesstore.com\/en\/wp-json\/wp\/v2\/product_brand?post=16452"},{"taxonomy":"product_cat","embeddable":true,"href":"https:\/\/www.europesstore.com\/en\/wp-json\/wp\/v2\/product_cat?post=16452"},{"taxonomy":"product_tag","embeddable":true,"href":"https:\/\/www.europesstore.com\/en\/wp-json\/wp\/v2\/product_tag?post=16452"}],"curies":[{"name":"wp","href":"https:\/\/api.w.org\/{rel}","templated":true}]}}