{"id":16453,"date":"2026-01-12T16:12:48","date_gmt":"2026-01-12T16:12:48","guid":{"rendered":"https:\/\/www.europesstore.com\/?post_type=product&#038;p=16453"},"modified":"2026-01-12T17:46:23","modified_gmt":"2026-01-12T17:46:23","slug":"jasmine-cicek-bahcesi-elbise-menekse","status":"publish","type":"product","link":"https:\/\/www.europesstore.com\/en\/product\/jasmine-cicek-bahcesi-elbise-menekse\/","title":{"rendered":"Jasmine \u00c7i\u00e7ek Bah\u00e7esi Elbise &#8211; Menek\u015fe"},"content":{"rendered":"<p data-start=\"154\" data-end=\"425\">Yasemin bah\u00e7elerinin b\u00fcy\u00fcl\u00fc kokusunu menek\u015fe morunun zarafetiyle bulu\u015fturan bu elbise, ilk bak\u0131\u015fta romantik bir ka\u00e7\u0131\u015f hissi uyand\u0131r\u0131r. Nefes alan pamuk\u2011viskon kar\u0131\u015f\u0131ml\u0131 Modal \u0130pek yaz melteminde dalgalan\u0131r; yumu\u015fak volanl\u0131 ete\u011fi ve beli toparlayan ku\u015fak detay\u0131yla hem feminen hem de zahmetsiz bir siluet sunar.<\/p>\n<p>Kuma\u015f : Modal \u0130pek<\/p>\n<p class=\"selectable-text copyable-text x15bjb6t x1n2onr6\" dir=\"ltr\"><span class=\"selectable-text copyable-text xkrh14z\">\u00d6l\u00e7\u00fcler, S-M \/ L-XL<\/span><\/p>\n<p class=\"selectable-text copyable-text x15bjb6t x1n2onr6\" dir=\"ltr\"><span class=\"selectable-text copyable-text xkrh14z\">\u00dcst geni\u015flik 106 cm<\/span><\/p>\n<p class=\"selectable-text copyable-text x15bjb6t x1n2onr6\" dir=\"ltr\"><span class=\"selectable-text copyable-text xkrh14z\">Elbise boy 137 cm<\/span><\/p>\n<p class=\"selectable-text copyable-text x15bjb6t x1n2onr6\" dir=\"ltr\"><span class=\"selectable-text copyable-text xkrh14z\">Manken boy 1.70<\/span><\/p>","protected":false},"excerpt":{"rendered":"<p>Yasemin bah\u00e7elerinin b\u00fcy\u00fcl\u00fc kokusunu menek\u015fe morunun zarafetiyle bulu\u015fturan bu elbise, ilk bak\u0131\u015fta romantik bir ka\u00e7\u0131\u015f hissi uyand\u0131r\u0131r. Nefes alan pamuk\u2011viskon kar\u0131\u015f\u0131ml\u0131 Modal \u0130pek yaz melteminde dalgalan\u0131r; yumu\u015fak volanl\u0131 ete\u011fi ve beli toparlayan ku\u015fak detay\u0131yla hem feminen hem de zahmetsiz bir siluet sunar. Kuma\u015f : Modal \u0130pek \u00d6l\u00e7\u00fcler, S-M \/ L-XL \u00dcst geni\u015flik 106 cm Elbise [&hellip;]<\/p>","protected":false},"featured_media":16510,"comment_status":"open","ping_status":"closed","template":"","meta":[],"product_brand":[],"product_cat":[967,969],"product_tag":[],"class_list":{"0":"post-16453","1":"product","2":"type-product","3":"status-publish","4":"has-post-thumbnail","6":"product_cat-accessories","7":"product_cat-elbise","9":"first","10":"instock","11":"sale","12":"shipping-taxable","13":"purchasable","14":"product-type-variable"},"jetpack_sharing_enabled":true,"_links":{"self":[{"href":"https:\/\/www.europesstore.com\/en\/wp-json\/wp\/v2\/product\/16453","targetHints":{"allow":["GET"]}}],"collection":[{"href":"https:\/\/www.europesstore.com\/en\/wp-json\/wp\/v2\/product"}],"about":[{"href":"https:\/\/www.europesstore.com\/en\/wp-json\/wp\/v2\/types\/product"}],"replies":[{"embeddable":true,"href":"https:\/\/www.europesstore.com\/en\/wp-json\/wp\/v2\/comments?post=16453"}],"wp:featuredmedia":[{"embeddable":true,"href":"https:\/\/www.europesstore.com\/en\/wp-json\/wp\/v2\/media\/16510"}],"wp:attachment":[{"href":"https:\/\/www.europesstore.com\/en\/wp-json\/wp\/v2\/media?parent=16453"}],"wp:term":[{"taxonomy":"product_brand","embeddable":true,"href":"https:\/\/www.europesstore.com\/en\/wp-json\/wp\/v2\/product_brand?post=16453"},{"taxonomy":"product_cat","embeddable":true,"href":"https:\/\/www.europesstore.com\/en\/wp-json\/wp\/v2\/product_cat?post=16453"},{"taxonomy":"product_tag","embeddable":true,"href":"https:\/\/www.europesstore.com\/en\/wp-json\/wp\/v2\/product_tag?post=16453"}],"curies":[{"name":"wp","href":"https:\/\/api.w.org\/{rel}","templated":true}]}}