{"id":16458,"date":"2026-01-12T16:13:12","date_gmt":"2026-01-12T16:13:12","guid":{"rendered":"https:\/\/www.europesstore.com\/?post_type=product&#038;p=16458"},"modified":"2026-01-12T17:46:23","modified_gmt":"2026-01-12T17:46:23","slug":"limo-glow-elbise-limonella","status":"publish","type":"product","link":"https:\/\/www.europesstore.com\/en\/product\/limo-glow-elbise-limonella\/","title":{"rendered":"Limo Glow Elbise &#8211; Limonella"},"content":{"rendered":"<p data-start=\"154\" data-end=\"425\">Yaz\u0131n ferah limon bah\u00e7elerinden ilham alan <strong data-start=\"91\" data-end=\"104\">Limo\u202fGlow<\/strong>, Limonella \u00e7i\u00e7ek motifleriyle g\u00fcne\u015f alt\u0131nda parlayan enerjik bir siluet sunar. Hafif m\u00fcslin\u2011pamuk dokusu v\u00fccudu serin tutarken, u\u00e7u\u015fan kesimi g\u00fcn boyu \u00f6zg\u00fcrce hareket etmenizi sa\u011flar.<\/p>\n<p>Kuma\u015f : Modal \u0130pek<\/p>\n<p class=\"selectable-text copyable-text x15bjb6t x1n2onr6\" dir=\"ltr\"><span class=\"selectable-text copyable-text xkrh14z\">\u00d6l\u00e7\u00fcler, S-M \/ L-XL<\/span><\/p>\n<p class=\"selectable-text copyable-text x15bjb6t x1n2onr6\" dir=\"ltr\"><span class=\"selectable-text copyable-text xkrh14z\">\u00dcst geni\u015flik 106 cm<\/span><\/p>\n<p class=\"selectable-text copyable-text x15bjb6t x1n2onr6\" dir=\"ltr\"><span class=\"selectable-text copyable-text xkrh14z\">Elbise boy 137 cm<\/span><\/p>\n<p class=\"selectable-text copyable-text x15bjb6t x1n2onr6\" dir=\"ltr\"><span class=\"selectable-text copyable-text xkrh14z\">Manken boy 1.70<\/span><\/p>\n<p>Bak\u0131m Talimat\u0131<\/p>\n<p data-start=\"955\" data-end=\"1101\">30\u202f\u00b0C\u2019de hassas programda ters \u00e7evirerek y\u0131kay\u0131n\u0131z. D\u00fc\u015f\u00fck \u0131s\u0131da buharl\u0131 \u00fct\u00fcleyiniz. A\u011fart\u0131c\u0131 ve tamburlu kurutma kullanmay\u0131n\u0131z; g\u00f6lgede kurutunuz.<\/p>","protected":false},"excerpt":{"rendered":"<p>Yaz\u0131n ferah limon bah\u00e7elerinden ilham alan Limo\u202fGlow, Limonella \u00e7i\u00e7ek motifleriyle g\u00fcne\u015f alt\u0131nda parlayan enerjik bir siluet sunar. Hafif m\u00fcslin\u2011pamuk dokusu v\u00fccudu serin tutarken, u\u00e7u\u015fan kesimi g\u00fcn boyu \u00f6zg\u00fcrce hareket etmenizi sa\u011flar. Kuma\u015f : Modal \u0130pek \u00d6l\u00e7\u00fcler, S-M \/ L-XL \u00dcst geni\u015flik 106 cm Elbise boy 137 cm Manken boy 1.70 Bak\u0131m Talimat\u0131 30\u202f\u00b0C\u2019de hassas programda [&hellip;]<\/p>","protected":false},"featured_media":16511,"comment_status":"open","ping_status":"closed","template":"","meta":[],"product_brand":[],"product_cat":[967,969],"product_tag":[],"class_list":{"0":"post-16458","1":"product","2":"type-product","3":"status-publish","4":"has-post-thumbnail","6":"product_cat-accessories","7":"product_cat-elbise","9":"first","10":"instock","11":"sale","12":"shipping-taxable","13":"purchasable","14":"product-type-variable"},"jetpack_sharing_enabled":true,"_links":{"self":[{"href":"https:\/\/www.europesstore.com\/en\/wp-json\/wp\/v2\/product\/16458","targetHints":{"allow":["GET"]}}],"collection":[{"href":"https:\/\/www.europesstore.com\/en\/wp-json\/wp\/v2\/product"}],"about":[{"href":"https:\/\/www.europesstore.com\/en\/wp-json\/wp\/v2\/types\/product"}],"replies":[{"embeddable":true,"href":"https:\/\/www.europesstore.com\/en\/wp-json\/wp\/v2\/comments?post=16458"}],"wp:featuredmedia":[{"embeddable":true,"href":"https:\/\/www.europesstore.com\/en\/wp-json\/wp\/v2\/media\/16511"}],"wp:attachment":[{"href":"https:\/\/www.europesstore.com\/en\/wp-json\/wp\/v2\/media?parent=16458"}],"wp:term":[{"taxonomy":"product_brand","embeddable":true,"href":"https:\/\/www.europesstore.com\/en\/wp-json\/wp\/v2\/product_brand?post=16458"},{"taxonomy":"product_cat","embeddable":true,"href":"https:\/\/www.europesstore.com\/en\/wp-json\/wp\/v2\/product_cat?post=16458"},{"taxonomy":"product_tag","embeddable":true,"href":"https:\/\/www.europesstore.com\/en\/wp-json\/wp\/v2\/product_tag?post=16458"}],"curies":[{"name":"wp","href":"https:\/\/api.w.org\/{rel}","templated":true}]}}