{"id":16468,"date":"2026-01-12T16:13:38","date_gmt":"2026-01-12T16:13:38","guid":{"rendered":"https:\/\/www.europesstore.com\/?post_type=product&#038;p=16468"},"modified":"2026-01-12T17:46:23","modified_gmt":"2026-01-12T17:46:23","slug":"gul-bahcesi-maxi-elbise-lila","status":"publish","type":"product","link":"https:\/\/www.europesstore.com\/en\/product\/gul-bahcesi-maxi-elbise-lila\/","title":{"rendered":"G\u00fcl Bah\u00e7esi Maxi Elbise- Lila"},"content":{"rendered":"<p data-start=\"154\" data-end=\"425\">\u00a0Romantik \u00e7i\u00e7ek desenleri, u\u00e7u\u015f u\u00e7u\u015f hafiflik ve \u015f\u0131k rahatl\u0131k bir arada! PetalCloud G\u00fcl Bah\u00e7esi Maxi Elbise; yumu\u015fak pastel pembe-ye\u015fil g\u00fcl bask\u0131s\u0131, katl\u0131 (tiered) maxi etek formu ve hafif volanl\u0131 rahat kesimiyle g\u00fcn boyu konfor sunar. \u00d6nden d\u00fc\u011fmeli tasar\u0131m pratik giyinme imk\u00e2n\u0131 verir; bileklerde hafif toplanan kollar feminen bir g\u00f6r\u00fcn\u00fcm yarat\u0131r. Lila, pembe, beyaz veya do\u011fal tonlu \u015fallar ve has\u0131r \u00e7antalarla kusursuz e\u015fle\u015fir\u2014ister g\u00fcnl\u00fck \u015f\u0131kl\u0131kta ister davet stilinde kullan.<\/p>\n<p>Stil \u00d6nerisi<\/p>\n<p data-start=\"1799\" data-end=\"1944\">Lila \u015fal + has\u0131r mini \u00e7anta + beyaz\/nude babet veya topuklu sandalet = zahmetsiz romantik yaz kombini. Serin ak\u015famlarda pastel h\u0131rka ile tamamla.<\/p>\n<p>Kuma\u015f : Modal \u0130pek<\/p>\n<p class=\"selectable-text copyable-text x15bjb6t x1n2onr6\" dir=\"ltr\"><span class=\"selectable-text copyable-text xkrh14z\">\u00d6l\u00e7\u00fcler, S-M \/ L-XL<\/span><\/p>\n<p class=\"selectable-text copyable-text x15bjb6t x1n2onr6\" dir=\"ltr\"><span class=\"selectable-text copyable-text xkrh14z\">\u00dcst geni\u015flik 106 cm<\/span><\/p>\n<p class=\"selectable-text copyable-text x15bjb6t x1n2onr6\" dir=\"ltr\"><span class=\"selectable-text copyable-text xkrh14z\">Elbise boy 137 cm<\/span><\/p>\n<p class=\"selectable-text copyable-text x15bjb6t x1n2onr6\" dir=\"ltr\"><span class=\"selectable-text copyable-text xkrh14z\">Manken boy 1.70<\/span><\/p>\n<p>Bak\u0131m Talimat\u0131<\/p>\n<p data-start=\"955\" data-end=\"1101\">30\u202f\u00b0C\u2019de hassas programda ters \u00e7evirerek y\u0131kay\u0131n\u0131z. D\u00fc\u015f\u00fck \u0131s\u0131da buharl\u0131 \u00fct\u00fcleyiniz. A\u011fart\u0131c\u0131 ve tamburlu kurutma kullanmay\u0131n\u0131z; g\u00f6lgede kurutunuz.<\/p>","protected":false},"excerpt":{"rendered":"<p>\u00a0Romantik \u00e7i\u00e7ek desenleri, u\u00e7u\u015f u\u00e7u\u015f hafiflik ve \u015f\u0131k rahatl\u0131k bir arada! PetalCloud G\u00fcl Bah\u00e7esi Maxi Elbise; yumu\u015fak pastel pembe-ye\u015fil g\u00fcl bask\u0131s\u0131, katl\u0131 (tiered) maxi etek formu ve hafif volanl\u0131 rahat kesimiyle g\u00fcn boyu konfor sunar. \u00d6nden d\u00fc\u011fmeli tasar\u0131m pratik giyinme imk\u00e2n\u0131 verir; bileklerde hafif toplanan kollar feminen bir g\u00f6r\u00fcn\u00fcm yarat\u0131r. Lila, pembe, beyaz veya do\u011fal [&hellip;]<\/p>","protected":false},"featured_media":16522,"comment_status":"open","ping_status":"closed","template":"","meta":[],"product_brand":[],"product_cat":[967,969],"product_tag":[],"class_list":{"0":"post-16468","1":"product","2":"type-product","3":"status-publish","4":"has-post-thumbnail","6":"product_cat-accessories","7":"product_cat-elbise","9":"first","10":"outofstock","11":"sale","12":"shipping-taxable","13":"purchasable","14":"product-type-variable"},"jetpack_sharing_enabled":true,"_links":{"self":[{"href":"https:\/\/www.europesstore.com\/en\/wp-json\/wp\/v2\/product\/16468","targetHints":{"allow":["GET"]}}],"collection":[{"href":"https:\/\/www.europesstore.com\/en\/wp-json\/wp\/v2\/product"}],"about":[{"href":"https:\/\/www.europesstore.com\/en\/wp-json\/wp\/v2\/types\/product"}],"replies":[{"embeddable":true,"href":"https:\/\/www.europesstore.com\/en\/wp-json\/wp\/v2\/comments?post=16468"}],"wp:featuredmedia":[{"embeddable":true,"href":"https:\/\/www.europesstore.com\/en\/wp-json\/wp\/v2\/media\/16522"}],"wp:attachment":[{"href":"https:\/\/www.europesstore.com\/en\/wp-json\/wp\/v2\/media?parent=16468"}],"wp:term":[{"taxonomy":"product_brand","embeddable":true,"href":"https:\/\/www.europesstore.com\/en\/wp-json\/wp\/v2\/product_brand?post=16468"},{"taxonomy":"product_cat","embeddable":true,"href":"https:\/\/www.europesstore.com\/en\/wp-json\/wp\/v2\/product_cat?post=16468"},{"taxonomy":"product_tag","embeddable":true,"href":"https:\/\/www.europesstore.com\/en\/wp-json\/wp\/v2\/product_tag?post=16468"}],"curies":[{"name":"wp","href":"https:\/\/api.w.org\/{rel}","templated":true}]}}