{"id":16469,"date":"2026-01-12T16:13:38","date_gmt":"2026-01-12T16:13:38","guid":{"rendered":"https:\/\/www.europesstore.com\/?post_type=product&#038;p=16469"},"modified":"2026-01-12T16:17:28","modified_gmt":"2026-01-12T16:17:28","slug":"midnight-safir-elbise-saks-mavi","status":"publish","type":"product","link":"https:\/\/www.europesstore.com\/en\/product\/midnight-safir-elbise-saks-mavi\/","title":{"rendered":"Midnight Safir Elbise \u2013 Saks Mavi"},"content":{"rendered":"<p data-start=\"154\" data-end=\"425\">\u00a0Midnight Meadow Maxi Elbise, \u00fcstte sakin safir-mavi blok rengiyle yal\u0131n \u015f\u0131kl\u0131k sunarken, alt etekte gece bah\u00e7esini an\u0131msatan minik sar\u0131-ye\u015fil \u00e7i\u00e7ek serpi\u015ftirmeleriyle bak\u0131\u015flar\u0131 a\u015fa\u011f\u0131 do\u011fru zarif\u00e7e y\u00f6nlendirir. Rahat d\u00f6k\u00fcml\u00fc, katl\u0131 (tiered) maxi form her bedende ak\u0131c\u0131 bir siluet yarat\u0131r; \u00f6nden d\u00fc\u011fmeli pat pratik giyinme sa\u011flar. Bilekte toplanan balon kol hareket alan\u0131 rahat, g\u00f6r\u00fcn\u00fcm feminen. Has\u0131r \u00e7anta, krem \u015fal ve beyaz\/nude ayakkab\u0131larla kombinledi\u011finde effortless yaz stili elde edersin\u2014g\u00fcnl\u00fck gezilerden ak\u015fam davetlerine kadar her yerde kullan.<\/p>\n<p>Kuma\u015f : \u00a0Keten<\/p>\n<p class=\"selectable-text copyable-text x15bjb6t x1n2onr6\" dir=\"ltr\"><span class=\"selectable-text copyable-text xkrh14z\">\u00d6l\u00e7\u00fcler, 1-2<\/span><\/p>\n<p class=\"selectable-text copyable-text x15bjb6t x1n2onr6\" dir=\"ltr\"><span class=\"selectable-text copyable-text xkrh14z\">\u00dcst geni\u015flik 106 cm<\/span><\/p>\n<p class=\"selectable-text copyable-text x15bjb6t x1n2onr6\" dir=\"ltr\"><span class=\"selectable-text copyable-text xkrh14z\">Elbise boy 137 cm<\/span><\/p>\n<p class=\"selectable-text copyable-text x15bjb6t x1n2onr6\" dir=\"ltr\"><span class=\"selectable-text copyable-text xkrh14z\">Manken boy 1.70<\/span><\/p>\n<p>Bak\u0131m Talimat\u0131<\/p>\n<p data-start=\"955\" data-end=\"1101\">30\u202f\u00b0C\u2019de hassas programda ters \u00e7evirerek y\u0131kay\u0131n\u0131z. D\u00fc\u015f\u00fck \u0131s\u0131da buharl\u0131 \u00fct\u00fcleyiniz. A\u011fart\u0131c\u0131 ve tamburlu kurutma kullanmay\u0131n\u0131z; g\u00f6lgede kurutunuz.<\/p>","protected":false},"excerpt":{"rendered":"<p>\u00a0Midnight Meadow Maxi Elbise, \u00fcstte sakin safir-mavi blok rengiyle yal\u0131n \u015f\u0131kl\u0131k sunarken, alt etekte gece bah\u00e7esini an\u0131msatan minik sar\u0131-ye\u015fil \u00e7i\u00e7ek serpi\u015ftirmeleriyle bak\u0131\u015flar\u0131 a\u015fa\u011f\u0131 do\u011fru zarif\u00e7e y\u00f6nlendirir. Rahat d\u00f6k\u00fcml\u00fc, katl\u0131 (tiered) maxi form her bedende ak\u0131c\u0131 bir siluet yarat\u0131r; \u00f6nden d\u00fc\u011fmeli pat pratik giyinme sa\u011flar. Bilekte toplanan balon kol hareket alan\u0131 rahat, g\u00f6r\u00fcn\u00fcm feminen. Has\u0131r \u00e7anta, [&hellip;]<\/p>","protected":false},"featured_media":16523,"comment_status":"open","ping_status":"closed","template":"","meta":[],"product_brand":[],"product_cat":[967,969],"product_tag":[],"class_list":{"0":"post-16469","1":"product","2":"type-product","3":"status-publish","4":"has-post-thumbnail","6":"product_cat-accessories","7":"product_cat-elbise","9":"first","10":"outofstock","11":"sale","12":"shipping-taxable","13":"purchasable","14":"product-type-variable"},"jetpack_sharing_enabled":true,"_links":{"self":[{"href":"https:\/\/www.europesstore.com\/en\/wp-json\/wp\/v2\/product\/16469","targetHints":{"allow":["GET"]}}],"collection":[{"href":"https:\/\/www.europesstore.com\/en\/wp-json\/wp\/v2\/product"}],"about":[{"href":"https:\/\/www.europesstore.com\/en\/wp-json\/wp\/v2\/types\/product"}],"replies":[{"embeddable":true,"href":"https:\/\/www.europesstore.com\/en\/wp-json\/wp\/v2\/comments?post=16469"}],"wp:featuredmedia":[{"embeddable":true,"href":"https:\/\/www.europesstore.com\/en\/wp-json\/wp\/v2\/media\/16523"}],"wp:attachment":[{"href":"https:\/\/www.europesstore.com\/en\/wp-json\/wp\/v2\/media?parent=16469"}],"wp:term":[{"taxonomy":"product_brand","embeddable":true,"href":"https:\/\/www.europesstore.com\/en\/wp-json\/wp\/v2\/product_brand?post=16469"},{"taxonomy":"product_cat","embeddable":true,"href":"https:\/\/www.europesstore.com\/en\/wp-json\/wp\/v2\/product_cat?post=16469"},{"taxonomy":"product_tag","embeddable":true,"href":"https:\/\/www.europesstore.com\/en\/wp-json\/wp\/v2\/product_tag?post=16469"}],"curies":[{"name":"wp","href":"https:\/\/api.w.org\/{rel}","templated":true}]}}