{"id":16470,"date":"2026-01-12T16:13:38","date_gmt":"2026-01-12T16:13:38","guid":{"rendered":"https:\/\/www.europesstore.com\/?post_type=product&#038;p=16470"},"modified":"2026-01-12T17:46:23","modified_gmt":"2026-01-12T17:46:23","slug":"sun-mimosa-cicek-elbise-sari-ruya","status":"publish","type":"product","link":"https:\/\/www.europesstore.com\/en\/product\/sun-mimosa-cicek-elbise-sari-ruya\/","title":{"rendered":"Sun Mimosa \u00c7i\u00e7ek Elbise &#8211;  Sar\u0131 R\u00fcya"},"content":{"rendered":"<p data-start=\"1799\" data-end=\"1944\">Sabah g\u00fcne\u015fiyle a\u00e7an mimoza dallar\u0131n\u0131 and\u0131ran soft sar\u0131 \u00e7i\u00e7ek bask\u0131s\u0131yla ferah, romantik bir yaz \u015f\u0131kl\u0131\u011f\u0131 sunar. Hafif d\u00f6k\u00fcml\u00fc dokusu ve katl\u0131 (tiered) maxi formu y\u00fcr\u00fcd\u00fck\u00e7e u\u00e7u\u015fur; \u00f6nden d\u00fc\u011fmeli tasar\u0131m pratik giy-\u00e7\u0131k rahatl\u0131\u011f\u0131 sa\u011flar. Bilekte toparlanan balon kollar feminen ve konforlu. A\u00e7\u0131k bej \/ krem \u015fal, has\u0131r \u00e7anta ve beyaz ayakkab\u0131larla kombinlendi\u011finde do\u011fal, fotojenik bir yaz g\u00f6r\u00fcn\u00fcm\u00fc elde edersin\u2014g\u00fcnl\u00fck \u015fehir gezilerinden tatil kahvalt\u0131lar\u0131na ve a\u00e7\u0131k hava davetlerine kadar \u00e7ok y\u00f6nl\u00fc kullan.<\/p>\n<p>Kuma\u015f : Modal Mango<\/p>\n<p class=\"selectable-text copyable-text x15bjb6t x1n2onr6\" dir=\"ltr\"><span class=\"selectable-text copyable-text xkrh14z\">\u00d6l\u00e7\u00fcler, 1-2<\/span><\/p>\n<p class=\"selectable-text copyable-text x15bjb6t x1n2onr6\" dir=\"ltr\"><span class=\"selectable-text copyable-text xkrh14z\">\u00dcst geni\u015flik 106 cm<\/span><\/p>\n<p class=\"selectable-text copyable-text x15bjb6t x1n2onr6\" dir=\"ltr\"><span class=\"selectable-text copyable-text xkrh14z\">Elbise boy 137 cm<\/span><\/p>\n<p class=\"selectable-text copyable-text x15bjb6t x1n2onr6\" dir=\"ltr\"><span class=\"selectable-text copyable-text xkrh14z\">Manken boy 1.70<\/span><\/p>\n<p>Bak\u0131m Talimat\u0131<\/p>\n<p data-start=\"955\" data-end=\"1101\">30\u202f\u00b0C\u2019de hassas programda ters \u00e7evirerek y\u0131kay\u0131n\u0131z. D\u00fc\u015f\u00fck \u0131s\u0131da buharl\u0131 \u00fct\u00fcleyiniz. A\u011fart\u0131c\u0131 ve tamburlu kurutma kullanmay\u0131n\u0131z; g\u00f6lgede kurutunuz.<\/p>","protected":false},"excerpt":{"rendered":"<p>Sabah g\u00fcne\u015fiyle a\u00e7an mimoza dallar\u0131n\u0131 and\u0131ran soft sar\u0131 \u00e7i\u00e7ek bask\u0131s\u0131yla ferah, romantik bir yaz \u015f\u0131kl\u0131\u011f\u0131 sunar. Hafif d\u00f6k\u00fcml\u00fc dokusu ve katl\u0131 (tiered) maxi formu y\u00fcr\u00fcd\u00fck\u00e7e u\u00e7u\u015fur; \u00f6nden d\u00fc\u011fmeli tasar\u0131m pratik giy-\u00e7\u0131k rahatl\u0131\u011f\u0131 sa\u011flar. Bilekte toparlanan balon kollar feminen ve konforlu. A\u00e7\u0131k bej \/ krem \u015fal, has\u0131r \u00e7anta ve beyaz ayakkab\u0131larla kombinlendi\u011finde do\u011fal, fotojenik bir yaz [&hellip;]<\/p>","protected":false},"featured_media":16524,"comment_status":"open","ping_status":"closed","template":"","meta":[],"product_brand":[],"product_cat":[967,969],"product_tag":[],"class_list":{"0":"post-16470","1":"product","2":"type-product","3":"status-publish","4":"has-post-thumbnail","6":"product_cat-accessories","7":"product_cat-elbise","9":"first","10":"outofstock","11":"sale","12":"shipping-taxable","13":"purchasable","14":"product-type-variable"},"jetpack_sharing_enabled":true,"_links":{"self":[{"href":"https:\/\/www.europesstore.com\/en\/wp-json\/wp\/v2\/product\/16470","targetHints":{"allow":["GET"]}}],"collection":[{"href":"https:\/\/www.europesstore.com\/en\/wp-json\/wp\/v2\/product"}],"about":[{"href":"https:\/\/www.europesstore.com\/en\/wp-json\/wp\/v2\/types\/product"}],"replies":[{"embeddable":true,"href":"https:\/\/www.europesstore.com\/en\/wp-json\/wp\/v2\/comments?post=16470"}],"wp:featuredmedia":[{"embeddable":true,"href":"https:\/\/www.europesstore.com\/en\/wp-json\/wp\/v2\/media\/16524"}],"wp:attachment":[{"href":"https:\/\/www.europesstore.com\/en\/wp-json\/wp\/v2\/media?parent=16470"}],"wp:term":[{"taxonomy":"product_brand","embeddable":true,"href":"https:\/\/www.europesstore.com\/en\/wp-json\/wp\/v2\/product_brand?post=16470"},{"taxonomy":"product_cat","embeddable":true,"href":"https:\/\/www.europesstore.com\/en\/wp-json\/wp\/v2\/product_cat?post=16470"},{"taxonomy":"product_tag","embeddable":true,"href":"https:\/\/www.europesstore.com\/en\/wp-json\/wp\/v2\/product_tag?post=16470"}],"curies":[{"name":"wp","href":"https:\/\/api.w.org\/{rel}","templated":true}]}}