{"id":16478,"date":"2026-01-12T16:14:01","date_gmt":"2026-01-12T16:14:01","guid":{"rendered":"https:\/\/www.europesstore.com\/?post_type=product&#038;p=16478"},"modified":"2026-01-12T17:46:36","modified_gmt":"2026-01-12T17:46:36","slug":"cini-border-desen-elbise-gok-mavi","status":"publish","type":"product","link":"https:\/\/www.europesstore.com\/en\/product\/cini-border-desen-elbise-gok-mavi\/","title":{"rendered":"\u00c7ini Border Desen  Elbise &#8211; G\u00f6k Mavi"},"content":{"rendered":"<p data-start=\"1799\" data-end=\"1944\">\u00a0Do\u011fal ve rafine yaz \u015f\u0131kl\u0131\u011f\u0131! Bu d\u00f6k\u00fcml\u00fc maxi elbise, kum\/bej tonlu dokuma zemini \u00fczerinde da\u011f\u0131n\u0131k yerle\u015fimli mavi \u00e7ini-medalyon bask\u0131lar\u0131yla \u00fcst k\u0131s\u0131mda sade; etek ucunda zengin bord\u00fcr \u00e7i\u00e7ek\/paisley kompozisyonuyla dikkat \u00e7eker. Rahat d\u00fc\u015fen geni\u015f kollar, \u00f6nden d\u00fc\u011fmeli panel ve katl\u0131 volanl\u0131 etek formu g\u00fcn boyu konfor sunar. Tesett\u00fcr giyime uyumlu tam boy uzunluk sayesinde plajdan \u015fehir gezisine, bayram ziyaretinden yaz davetlerine kadar geni\u015f kullan\u0131m alan\u0131 sa\u011flar.<\/p>\n<p data-start=\"1235\" data-end=\"1433\"><strong data-start=\"1235\" data-end=\"1252\">Stil \u00d6nerisi:<\/strong> Foto\u011fraftaki gibi lacivert\/indigo \u015fal kontrast\u0131 ve has\u0131r \u00e7anta ile tatil havas\u0131; beyaz sneaker veya babetle g\u00fcnl\u00fck \u015fehir kombini; ince kemer ekleyerek bel formu olu\u015fturabilirsiniz.<\/p>\n<p>Kuma\u015f : Keten<\/p>\n<p class=\"selectable-text copyable-text x15bjb6t x1n2onr6\" dir=\"ltr\"><span class=\"selectable-text copyable-text xkrh14z\">\u00d6l\u00e7\u00fcler, 1-2<\/span><\/p>\n<p class=\"selectable-text copyable-text x15bjb6t x1n2onr6\" dir=\"ltr\"><span class=\"selectable-text copyable-text xkrh14z\">\u00dcst geni\u015flik 106 cm<\/span><\/p>\n<p class=\"selectable-text copyable-text x15bjb6t x1n2onr6\" dir=\"ltr\"><span class=\"selectable-text copyable-text xkrh14z\">Elbise boy 137 cm<\/span><\/p>\n<p class=\"selectable-text copyable-text x15bjb6t x1n2onr6\" dir=\"ltr\"><span class=\"selectable-text copyable-text xkrh14z\">Manken boy 1.70<\/span><\/p>\n<p>Bak\u0131m Talimat\u0131<\/p>\n<p data-start=\"955\" data-end=\"1101\">30\u202f\u00b0C\u2019de hassas programda ters \u00e7evirerek y\u0131kay\u0131n\u0131z. D\u00fc\u015f\u00fck \u0131s\u0131da buharl\u0131 \u00fct\u00fcleyiniz. A\u011fart\u0131c\u0131 ve tamburlu kurutma kullanmay\u0131n\u0131z; g\u00f6lgede kurutunuz.<\/p>","protected":false},"excerpt":{"rendered":"<p>\u00a0Do\u011fal ve rafine yaz \u015f\u0131kl\u0131\u011f\u0131! Bu d\u00f6k\u00fcml\u00fc maxi elbise, kum\/bej tonlu dokuma zemini \u00fczerinde da\u011f\u0131n\u0131k yerle\u015fimli mavi \u00e7ini-medalyon bask\u0131lar\u0131yla \u00fcst k\u0131s\u0131mda sade; etek ucunda zengin bord\u00fcr \u00e7i\u00e7ek\/paisley kompozisyonuyla dikkat \u00e7eker. Rahat d\u00fc\u015fen geni\u015f kollar, \u00f6nden d\u00fc\u011fmeli panel ve katl\u0131 volanl\u0131 etek formu g\u00fcn boyu konfor sunar. Tesett\u00fcr giyime uyumlu tam boy uzunluk sayesinde plajdan \u015fehir [&hellip;]<\/p>","protected":false},"featured_media":16532,"comment_status":"open","ping_status":"closed","template":"","meta":[],"product_brand":[],"product_cat":[967,969],"product_tag":[],"class_list":{"0":"post-16478","1":"product","2":"type-product","3":"status-publish","4":"has-post-thumbnail","6":"product_cat-accessories","7":"product_cat-elbise","9":"first","10":"outofstock","11":"sale","12":"shipping-taxable","13":"purchasable","14":"product-type-variable"},"jetpack_sharing_enabled":true,"_links":{"self":[{"href":"https:\/\/www.europesstore.com\/en\/wp-json\/wp\/v2\/product\/16478","targetHints":{"allow":["GET"]}}],"collection":[{"href":"https:\/\/www.europesstore.com\/en\/wp-json\/wp\/v2\/product"}],"about":[{"href":"https:\/\/www.europesstore.com\/en\/wp-json\/wp\/v2\/types\/product"}],"replies":[{"embeddable":true,"href":"https:\/\/www.europesstore.com\/en\/wp-json\/wp\/v2\/comments?post=16478"}],"wp:featuredmedia":[{"embeddable":true,"href":"https:\/\/www.europesstore.com\/en\/wp-json\/wp\/v2\/media\/16532"}],"wp:attachment":[{"href":"https:\/\/www.europesstore.com\/en\/wp-json\/wp\/v2\/media?parent=16478"}],"wp:term":[{"taxonomy":"product_brand","embeddable":true,"href":"https:\/\/www.europesstore.com\/en\/wp-json\/wp\/v2\/product_brand?post=16478"},{"taxonomy":"product_cat","embeddable":true,"href":"https:\/\/www.europesstore.com\/en\/wp-json\/wp\/v2\/product_cat?post=16478"},{"taxonomy":"product_tag","embeddable":true,"href":"https:\/\/www.europesstore.com\/en\/wp-json\/wp\/v2\/product_tag?post=16478"}],"curies":[{"name":"wp","href":"https:\/\/api.w.org\/{rel}","templated":true}]}}