{"id":16481,"date":"2026-01-12T16:14:01","date_gmt":"2026-01-12T16:14:01","guid":{"rendered":"https:\/\/www.europesstore.com\/?post_type=product&#038;p=16481"},"modified":"2026-01-12T17:46:37","modified_gmt":"2026-01-12T17:46:37","slug":"cini-border-desen-elbise-siyah","status":"publish","type":"product","link":"https:\/\/www.europesstore.com\/en\/product\/cini-border-desen-elbise-siyah\/","title":{"rendered":"\u00c7ini Border Desen  Elbise &#8211; Siyah"},"content":{"rendered":"<p data-start=\"1799\" data-end=\"1944\">\u00a0 \u015eehir \u015f\u0131kl\u0131\u011f\u0131ndan tatil valizine kadar her yere giden zamans\u0131z par\u00e7a! Ketenimsi bej taban \u00fczerinde minimal siyah\/f\u00fcme medalyon bask\u0131lar\u0131 \u00fcst g\u00f6vdede sade bir ritim kurar; etek ucundaki yo\u011fun paisley &amp; floral bord\u00fcr tasar\u0131ma g\u00fc\u00e7l\u00fc bir etnik ifade katar. Bol d\u00f6k\u00fcml\u00fc kollar, \u00f6nden d\u00fc\u011fmeli panel ve kat kesimli maxi form g\u00fcn boyu konfor sa\u011flar. Tesett\u00fcr kombinlerine %100 uyum: \u0130\u00e7 g\u00f6stermeyen bej i\u00e7lik veya ten rengi astar ile ekstra rahat kullan\u0131m.<\/p>\n<p>Kuma\u015f : Keten<\/p>\n<p class=\"selectable-text copyable-text x15bjb6t x1n2onr6\" dir=\"ltr\"><span class=\"selectable-text copyable-text xkrh14z\">\u00d6l\u00e7\u00fcler, 1-2<\/span><\/p>\n<p class=\"selectable-text copyable-text x15bjb6t x1n2onr6\" dir=\"ltr\"><span class=\"selectable-text copyable-text xkrh14z\">\u00dcst geni\u015flik 106 cm<\/span><\/p>\n<p class=\"selectable-text copyable-text x15bjb6t x1n2onr6\" dir=\"ltr\"><span class=\"selectable-text copyable-text xkrh14z\">Elbise boy 137 cm<\/span><\/p>\n<p class=\"selectable-text copyable-text x15bjb6t x1n2onr6\" dir=\"ltr\"><span class=\"selectable-text copyable-text xkrh14z\">Manken boy 1.70<\/span><\/p>\n<p>Bak\u0131m Talimat\u0131<\/p>\n<p data-start=\"955\" data-end=\"1101\">30\u202f\u00b0C\u2019de hassas programda ters \u00e7evirerek y\u0131kay\u0131n\u0131z. D\u00fc\u015f\u00fck \u0131s\u0131da buharl\u0131 \u00fct\u00fcleyiniz. A\u011fart\u0131c\u0131 ve tamburlu kurutma kullanmay\u0131n\u0131z; g\u00f6lgede kurutunuz.<\/p>","protected":false},"excerpt":{"rendered":"<p>\u00a0 \u015eehir \u015f\u0131kl\u0131\u011f\u0131ndan tatil valizine kadar her yere giden zamans\u0131z par\u00e7a! Ketenimsi bej taban \u00fczerinde minimal siyah\/f\u00fcme medalyon bask\u0131lar\u0131 \u00fcst g\u00f6vdede sade bir ritim kurar; etek ucundaki yo\u011fun paisley &amp; floral bord\u00fcr tasar\u0131ma g\u00fc\u00e7l\u00fc bir etnik ifade katar. Bol d\u00f6k\u00fcml\u00fc kollar, \u00f6nden d\u00fc\u011fmeli panel ve kat kesimli maxi form g\u00fcn boyu konfor sa\u011flar. Tesett\u00fcr kombinlerine [&hellip;]<\/p>","protected":false},"featured_media":16535,"comment_status":"open","ping_status":"closed","template":"","meta":[],"product_brand":[],"product_cat":[967,969],"product_tag":[],"class_list":{"0":"post-16481","1":"product","2":"type-product","3":"status-publish","4":"has-post-thumbnail","6":"product_cat-accessories","7":"product_cat-elbise","9":"first","10":"outofstock","11":"sale","12":"shipping-taxable","13":"purchasable","14":"product-type-variable"},"jetpack_sharing_enabled":true,"_links":{"self":[{"href":"https:\/\/www.europesstore.com\/en\/wp-json\/wp\/v2\/product\/16481","targetHints":{"allow":["GET"]}}],"collection":[{"href":"https:\/\/www.europesstore.com\/en\/wp-json\/wp\/v2\/product"}],"about":[{"href":"https:\/\/www.europesstore.com\/en\/wp-json\/wp\/v2\/types\/product"}],"replies":[{"embeddable":true,"href":"https:\/\/www.europesstore.com\/en\/wp-json\/wp\/v2\/comments?post=16481"}],"wp:featuredmedia":[{"embeddable":true,"href":"https:\/\/www.europesstore.com\/en\/wp-json\/wp\/v2\/media\/16535"}],"wp:attachment":[{"href":"https:\/\/www.europesstore.com\/en\/wp-json\/wp\/v2\/media?parent=16481"}],"wp:term":[{"taxonomy":"product_brand","embeddable":true,"href":"https:\/\/www.europesstore.com\/en\/wp-json\/wp\/v2\/product_brand?post=16481"},{"taxonomy":"product_cat","embeddable":true,"href":"https:\/\/www.europesstore.com\/en\/wp-json\/wp\/v2\/product_cat?post=16481"},{"taxonomy":"product_tag","embeddable":true,"href":"https:\/\/www.europesstore.com\/en\/wp-json\/wp\/v2\/product_tag?post=16481"}],"curies":[{"name":"wp","href":"https:\/\/api.w.org\/{rel}","templated":true}]}}