{"id":16482,"date":"2026-01-12T16:14:02","date_gmt":"2026-01-12T16:14:02","guid":{"rendered":"https:\/\/www.europesstore.com\/?post_type=product&#038;p=16482"},"modified":"2026-01-12T17:46:37","modified_gmt":"2026-01-12T17:46:37","slug":"fresh-cool-breeze-elbise-pastel","status":"publish","type":"product","link":"https:\/\/www.europesstore.com\/en\/product\/fresh-cool-breeze-elbise-pastel\/","title":{"rendered":"Fresh Cool Breeze Elbise &#8211;  Pastel"},"content":{"rendered":"<p data-start=\"1799\" data-end=\"1944\">Yaz g\u00fcnlerinin serinletici i\u00e7ece\u011fi kadar ferah bir stil vaat eder. Pastel nane tonundaki hafif d\u00f6k\u00fcml\u00fc pamuk\u2011viskon kar\u0131\u015f\u0131ml\u0131 kuma\u015f, suya da\u011f\u0131lm\u0131\u015f akvarel efektli \u015feftali bulut desenleriyle yumu\u015fak bir renk ge\u00e7i\u015fi yarat\u0131r. Rahat kesim g\u00f6vde, tam boy d\u00fc\u011fme kapama ve bilekte nazik lastikli balon kollar g\u00fcn boyu konfor sunarken romantik bir siluet olu\u015fturur. Astars\u0131z hafifli\u011fi sayesinde s\u0131cak havalarda nefes al\u0131r; sandalet, has\u0131r \u00e7anta ve naturel \u015fallar ile kusursuz kombinlenir.<\/p>\n<p>Kuma\u015f : \u00a0Pamuklu Viskon<\/p>\n<p class=\"selectable-text copyable-text x15bjb6t x1n2onr6\" dir=\"ltr\"><span class=\"selectable-text copyable-text xkrh14z\">\u00d6l\u00e7\u00fcler, 1-2<\/span><\/p>\n<p class=\"selectable-text copyable-text x15bjb6t x1n2onr6\" dir=\"ltr\"><span class=\"selectable-text copyable-text xkrh14z\">\u00dcst geni\u015flik 106 cm<\/span><\/p>\n<p class=\"selectable-text copyable-text x15bjb6t x1n2onr6\" dir=\"ltr\"><span class=\"selectable-text copyable-text xkrh14z\">Elbise boy 137 cm<\/span><\/p>\n<p class=\"selectable-text copyable-text x15bjb6t x1n2onr6\" dir=\"ltr\"><span class=\"selectable-text copyable-text xkrh14z\">Manken boy 1.70<\/span><\/p>\n<p>Bak\u0131m Talimat\u0131<\/p>\n<p data-start=\"955\" data-end=\"1101\">30\u202f\u00b0C\u2019de hassas programda ters \u00e7evirerek y\u0131kay\u0131n\u0131z. D\u00fc\u015f\u00fck \u0131s\u0131da buharl\u0131 \u00fct\u00fcleyiniz. A\u011fart\u0131c\u0131 ve tamburlu kurutma kullanmay\u0131n\u0131z; g\u00f6lgede kurutunuz.<\/p>","protected":false},"excerpt":{"rendered":"<p>Yaz g\u00fcnlerinin serinletici i\u00e7ece\u011fi kadar ferah bir stil vaat eder. Pastel nane tonundaki hafif d\u00f6k\u00fcml\u00fc pamuk\u2011viskon kar\u0131\u015f\u0131ml\u0131 kuma\u015f, suya da\u011f\u0131lm\u0131\u015f akvarel efektli \u015feftali bulut desenleriyle yumu\u015fak bir renk ge\u00e7i\u015fi yarat\u0131r. Rahat kesim g\u00f6vde, tam boy d\u00fc\u011fme kapama ve bilekte nazik lastikli balon kollar g\u00fcn boyu konfor sunarken romantik bir siluet olu\u015fturur. Astars\u0131z hafifli\u011fi sayesinde s\u0131cak [&hellip;]<\/p>","protected":false},"featured_media":16541,"comment_status":"open","ping_status":"closed","template":"","meta":[],"product_brand":[],"product_cat":[967,969],"product_tag":[],"class_list":{"0":"post-16482","1":"product","2":"type-product","3":"status-publish","4":"has-post-thumbnail","6":"product_cat-accessories","7":"product_cat-elbise","9":"first","10":"instock","11":"sale","12":"shipping-taxable","13":"purchasable","14":"product-type-variable"},"jetpack_sharing_enabled":true,"_links":{"self":[{"href":"https:\/\/www.europesstore.com\/en\/wp-json\/wp\/v2\/product\/16482","targetHints":{"allow":["GET"]}}],"collection":[{"href":"https:\/\/www.europesstore.com\/en\/wp-json\/wp\/v2\/product"}],"about":[{"href":"https:\/\/www.europesstore.com\/en\/wp-json\/wp\/v2\/types\/product"}],"replies":[{"embeddable":true,"href":"https:\/\/www.europesstore.com\/en\/wp-json\/wp\/v2\/comments?post=16482"}],"wp:featuredmedia":[{"embeddable":true,"href":"https:\/\/www.europesstore.com\/en\/wp-json\/wp\/v2\/media\/16541"}],"wp:attachment":[{"href":"https:\/\/www.europesstore.com\/en\/wp-json\/wp\/v2\/media?parent=16482"}],"wp:term":[{"taxonomy":"product_brand","embeddable":true,"href":"https:\/\/www.europesstore.com\/en\/wp-json\/wp\/v2\/product_brand?post=16482"},{"taxonomy":"product_cat","embeddable":true,"href":"https:\/\/www.europesstore.com\/en\/wp-json\/wp\/v2\/product_cat?post=16482"},{"taxonomy":"product_tag","embeddable":true,"href":"https:\/\/www.europesstore.com\/en\/wp-json\/wp\/v2\/product_tag?post=16482"}],"curies":[{"name":"wp","href":"https:\/\/api.w.org\/{rel}","templated":true}]}}