{"id":16483,"date":"2026-01-12T16:14:02","date_gmt":"2026-01-12T16:14:02","guid":{"rendered":"https:\/\/www.europesstore.com\/?post_type=product&#038;p=16483"},"modified":"2026-01-12T17:46:37","modified_gmt":"2026-01-12T17:46:37","slug":"mango-tropik-elbise-gunbatimi","status":"publish","type":"product","link":"https:\/\/www.europesstore.com\/en\/product\/mango-tropik-elbise-gunbatimi\/","title":{"rendered":"Mango Tropik Elbise &#8211;  G\u00fcnbat\u0131m\u0131"},"content":{"rendered":"<p data-start=\"1799\" data-end=\"1944\"><strong data-start=\"601\" data-end=\"628\">G\u00fcnbat\u0131m\u0131 Tropik \u00a0Elbise<\/strong>, palmiyelerin aras\u0131ndan s\u00fcz\u00fclen serin r\u00fczg\u00e2r\u0131 ve g\u00f6ky\u00fcz\u00fcnde eriyen pembe-turuncu tonlar\u0131n\u0131 stiline ta\u015f\u0131yor. Krepon efektli hafif pamuk-viskon kuma\u015f\u0131 sayesinde nefes al\u0131r, terletmez. Canl\u0131 mango turuncusu ve hibiskus pembesi dalgalar h\u00e2lindeki desen, hareket ettik\u00e7e akvarel bir g\u00fcnbat\u0131m\u0131 hissi verir.<br \/>\nKuma\u015f : \u00a0Pamuklu Viskon<\/p>\n<p class=\"selectable-text copyable-text x15bjb6t x1n2onr6\" dir=\"ltr\"><span class=\"selectable-text copyable-text xkrh14z\">\u00d6l\u00e7\u00fcler, 1-2<\/span><\/p>\n<p class=\"selectable-text copyable-text x15bjb6t x1n2onr6\" dir=\"ltr\"><span class=\"selectable-text copyable-text xkrh14z\">\u00dcst geni\u015flik 106 cm<\/span><\/p>\n<p class=\"selectable-text copyable-text x15bjb6t x1n2onr6\" dir=\"ltr\"><span class=\"selectable-text copyable-text xkrh14z\">Elbise boy 137 cm<\/span><\/p>\n<p class=\"selectable-text copyable-text x15bjb6t x1n2onr6\" dir=\"ltr\"><span class=\"selectable-text copyable-text xkrh14z\">Manken boy 1.70<\/span><\/p>\n<p>Bak\u0131m Talimat\u0131<\/p>\n<p data-start=\"955\" data-end=\"1101\">30\u202f\u00b0C\u2019de hassas programda ters \u00e7evirerek y\u0131kay\u0131n\u0131z. D\u00fc\u015f\u00fck \u0131s\u0131da buharl\u0131 \u00fct\u00fcleyiniz. A\u011fart\u0131c\u0131 ve tamburlu kurutma kullanmay\u0131n\u0131z; g\u00f6lgede kurutunuz.<\/p>","protected":false},"excerpt":{"rendered":"<p>G\u00fcnbat\u0131m\u0131 Tropik \u00a0Elbise, palmiyelerin aras\u0131ndan s\u00fcz\u00fclen serin r\u00fczg\u00e2r\u0131 ve g\u00f6ky\u00fcz\u00fcnde eriyen pembe-turuncu tonlar\u0131n\u0131 stiline ta\u015f\u0131yor. Krepon efektli hafif pamuk-viskon kuma\u015f\u0131 sayesinde nefes al\u0131r, terletmez. Canl\u0131 mango turuncusu ve hibiskus pembesi dalgalar h\u00e2lindeki desen, hareket ettik\u00e7e akvarel bir g\u00fcnbat\u0131m\u0131 hissi verir. Kuma\u015f : \u00a0Pamuklu Viskon \u00d6l\u00e7\u00fcler, 1-2 \u00dcst geni\u015flik 106 cm Elbise boy 137 cm Manken [&hellip;]<\/p>","protected":false},"featured_media":16542,"comment_status":"open","ping_status":"closed","template":"","meta":[],"product_brand":[],"product_cat":[967,969],"product_tag":[],"class_list":{"0":"post-16483","1":"product","2":"type-product","3":"status-publish","4":"has-post-thumbnail","6":"product_cat-accessories","7":"product_cat-elbise","9":"first","10":"instock","11":"sale","12":"shipping-taxable","13":"purchasable","14":"product-type-variable"},"jetpack_sharing_enabled":true,"_links":{"self":[{"href":"https:\/\/www.europesstore.com\/en\/wp-json\/wp\/v2\/product\/16483","targetHints":{"allow":["GET"]}}],"collection":[{"href":"https:\/\/www.europesstore.com\/en\/wp-json\/wp\/v2\/product"}],"about":[{"href":"https:\/\/www.europesstore.com\/en\/wp-json\/wp\/v2\/types\/product"}],"replies":[{"embeddable":true,"href":"https:\/\/www.europesstore.com\/en\/wp-json\/wp\/v2\/comments?post=16483"}],"wp:featuredmedia":[{"embeddable":true,"href":"https:\/\/www.europesstore.com\/en\/wp-json\/wp\/v2\/media\/16542"}],"wp:attachment":[{"href":"https:\/\/www.europesstore.com\/en\/wp-json\/wp\/v2\/media?parent=16483"}],"wp:term":[{"taxonomy":"product_brand","embeddable":true,"href":"https:\/\/www.europesstore.com\/en\/wp-json\/wp\/v2\/product_brand?post=16483"},{"taxonomy":"product_cat","embeddable":true,"href":"https:\/\/www.europesstore.com\/en\/wp-json\/wp\/v2\/product_cat?post=16483"},{"taxonomy":"product_tag","embeddable":true,"href":"https:\/\/www.europesstore.com\/en\/wp-json\/wp\/v2\/product_tag?post=16483"}],"curies":[{"name":"wp","href":"https:\/\/api.w.org\/{rel}","templated":true}]}}