{"id":16491,"date":"2026-01-12T16:14:27","date_gmt":"2026-01-12T16:14:27","guid":{"rendered":"https:\/\/www.europesstore.com\/?post_type=product&#038;p=16491"},"modified":"2026-01-12T17:46:37","modified_gmt":"2026-01-12T17:46:37","slug":"paisley-esintisi-elbise-seftali","status":"publish","type":"product","link":"https:\/\/www.europesstore.com\/en\/product\/paisley-esintisi-elbise-seftali\/","title":{"rendered":"Paisley Esintisi  Elbise &#8211; \u015eeftali"},"content":{"rendered":"<p data-start=\"1799\" data-end=\"1944\"><strong data-start=\"601\" data-end=\"628\">Paisley Elbise, <\/strong>yaz tatillerinin serin sabahlar\u0131n\u0131 ve ta\u015f sokakl\u0131 Ege kasabalar\u0131n\u0131n pastel renk paletini gard\u0131robuna ta\u015f\u0131yor. Krem k\u0131r\u0131k beyaz taban \u00fczerine pudra mavi, limon sar\u0131s\u0131, kum beji ve yumu\u015fak \u015feftali tonlar\u0131nda mikro paisley, \u00e7i\u00e7ek ve minyat\u00fcr motifler patchwork etkisiyle harmanlan\u0131r. Hafif krepon hissi veren pamuk\u2011viskon kar\u0131\u015f\u0131m\u0131 kuma\u015f nefes al\u0131r, g\u00fcn boyu rahat ta\u015f\u0131n\u0131r. D\u00f6k\u00fcml\u00fc rahat kal\u0131p, kat kat hafif b\u00fczg\u00fcl\u00fc etek ve bilekte lastikli balon kollar romantik hacim verir. Tam boy d\u00fc\u011fmeli pat sayesinde ister kapal\u0131 ister hafif a\u00e7\u0131k katmanl\u0131 kombinlerle kullanabilirsin. Has\u0131r \u00e7anta ve n\u00f6tr \u015fal (foto\u011fraftaki gibi) ile do\u011fal yaz stilini tamamla.<\/p>\n<p>Kuma\u015f : \u00a0Pamuklu Viskon<\/p>\n<p class=\"selectable-text copyable-text x15bjb6t x1n2onr6\" dir=\"ltr\"><span class=\"selectable-text copyable-text xkrh14z\">\u00d6l\u00e7\u00fcler, 1-2<\/span><\/p>\n<p class=\"selectable-text copyable-text x15bjb6t x1n2onr6\" dir=\"ltr\"><span class=\"selectable-text copyable-text xkrh14z\">\u00dcst geni\u015flik 106 cm<\/span><\/p>\n<p class=\"selectable-text copyable-text x15bjb6t x1n2onr6\" dir=\"ltr\"><span class=\"selectable-text copyable-text xkrh14z\">Elbise boy 137 cm<\/span><\/p>\n<p class=\"selectable-text copyable-text x15bjb6t x1n2onr6\" dir=\"ltr\"><span class=\"selectable-text copyable-text xkrh14z\">Manken boy 1.70<\/span><\/p>\n<p>Bak\u0131m Talimat\u0131<\/p>\n<p data-start=\"955\" data-end=\"1101\">30\u202f\u00b0C\u2019de hassas programda ters \u00e7evirerek y\u0131kay\u0131n\u0131z. D\u00fc\u015f\u00fck \u0131s\u0131da buharl\u0131 \u00fct\u00fcleyiniz. A\u011fart\u0131c\u0131 ve tamburlu kurutma kullanmay\u0131n\u0131z; g\u00f6lgede kurutunuz.<\/p>","protected":false},"excerpt":{"rendered":"<p>Paisley Elbise, yaz tatillerinin serin sabahlar\u0131n\u0131 ve ta\u015f sokakl\u0131 Ege kasabalar\u0131n\u0131n pastel renk paletini gard\u0131robuna ta\u015f\u0131yor. Krem k\u0131r\u0131k beyaz taban \u00fczerine pudra mavi, limon sar\u0131s\u0131, kum beji ve yumu\u015fak \u015feftali tonlar\u0131nda mikro paisley, \u00e7i\u00e7ek ve minyat\u00fcr motifler patchwork etkisiyle harmanlan\u0131r. Hafif krepon hissi veren pamuk\u2011viskon kar\u0131\u015f\u0131m\u0131 kuma\u015f nefes al\u0131r, g\u00fcn boyu rahat ta\u015f\u0131n\u0131r. D\u00f6k\u00fcml\u00fc rahat [&hellip;]<\/p>","protected":false},"featured_media":16543,"comment_status":"open","ping_status":"closed","template":"","meta":[],"product_brand":[],"product_cat":[967,969],"product_tag":[],"class_list":{"0":"post-16491","1":"product","2":"type-product","3":"status-publish","4":"has-post-thumbnail","6":"product_cat-accessories","7":"product_cat-elbise","9":"first","10":"outofstock","11":"sale","12":"sold-individually","13":"shipping-taxable","14":"purchasable","15":"product-type-variable"},"jetpack_sharing_enabled":true,"_links":{"self":[{"href":"https:\/\/www.europesstore.com\/en\/wp-json\/wp\/v2\/product\/16491","targetHints":{"allow":["GET"]}}],"collection":[{"href":"https:\/\/www.europesstore.com\/en\/wp-json\/wp\/v2\/product"}],"about":[{"href":"https:\/\/www.europesstore.com\/en\/wp-json\/wp\/v2\/types\/product"}],"replies":[{"embeddable":true,"href":"https:\/\/www.europesstore.com\/en\/wp-json\/wp\/v2\/comments?post=16491"}],"wp:featuredmedia":[{"embeddable":true,"href":"https:\/\/www.europesstore.com\/en\/wp-json\/wp\/v2\/media\/16543"}],"wp:attachment":[{"href":"https:\/\/www.europesstore.com\/en\/wp-json\/wp\/v2\/media?parent=16491"}],"wp:term":[{"taxonomy":"product_brand","embeddable":true,"href":"https:\/\/www.europesstore.com\/en\/wp-json\/wp\/v2\/product_brand?post=16491"},{"taxonomy":"product_cat","embeddable":true,"href":"https:\/\/www.europesstore.com\/en\/wp-json\/wp\/v2\/product_cat?post=16491"},{"taxonomy":"product_tag","embeddable":true,"href":"https:\/\/www.europesstore.com\/en\/wp-json\/wp\/v2\/product_tag?post=16491"}],"curies":[{"name":"wp","href":"https:\/\/api.w.org\/{rel}","templated":true}]}}