{"id":16493,"date":"2026-01-12T16:14:27","date_gmt":"2026-01-12T16:14:27","guid":{"rendered":"https:\/\/www.europesstore.com\/?post_type=product&#038;p=16493"},"modified":"2026-01-12T17:46:37","modified_gmt":"2026-01-12T17:46:37","slug":"zebra-desen-elbise-okaliptus","status":"publish","type":"product","link":"https:\/\/www.europesstore.com\/en\/product\/zebra-desen-elbise-okaliptus\/","title":{"rendered":"Zebra Desen Elbise &#8211; Okalipt\u00fcs"},"content":{"rendered":"<p data-start=\"1799\" data-end=\"1944\">Sahil y\u00fcr\u00fcy\u00fc\u015flerinin tuzlu serinli\u011fini gard\u0131robuna ta\u015f\u0131yor. Do\u011fal k\u0131r\u0131k ekru tabanl\u0131 hafif pamuk\u2011viskon dokuma kuma\u015f, lag\u00fcn mavisi \u00f6zg\u00fcr zebra\/ dalga \u00e7izgileriyle modern ve enerjik bir y\u00fczey olu\u015fturur. Rahat d\u00f6k\u00fcml\u00fc kal\u0131p ve kat b\u00fczg\u00fcl\u00fc etek hareket alan\u0131 sa\u011flar; bilekte nazik lastikli balon kollar romantik hacim katar. Tam boy d\u00fc\u011fmeli pat pratik giy \u00e7\u0131kar \u00f6zelli\u011fi sunar\u2014ister tamamen kapal\u0131 ister ince bir i\u00e7lik \u00fczerine katmanl\u0131 kullan. Has\u0131r \u00e7anta, n\u00f6tr\/bej \u015fal ve d\u00fcz sandaletlerle an\u0131nda yazl\u0131k \u201cresort\u201d g\u00f6r\u00fcn\u00fcm yakalars\u0131n.<\/p>\n<p>Kuma\u015f : \u00a0Pamuklu Viskon<\/p>\n<p class=\"selectable-text copyable-text x15bjb6t x1n2onr6\" dir=\"ltr\"><span class=\"selectable-text copyable-text xkrh14z\">\u00d6l\u00e7\u00fcler,S-M\/ L-XL<\/span><\/p>\n<p class=\"selectable-text copyable-text x15bjb6t x1n2onr6\" dir=\"ltr\"><span class=\"selectable-text copyable-text xkrh14z\">\u00dcst geni\u015flik 106 cm<\/span><\/p>\n<p class=\"selectable-text copyable-text x15bjb6t x1n2onr6\" dir=\"ltr\"><span class=\"selectable-text copyable-text xkrh14z\">Elbise boy 137 cm<\/span><\/p>\n<p class=\"selectable-text copyable-text x15bjb6t x1n2onr6\" dir=\"ltr\"><span class=\"selectable-text copyable-text xkrh14z\">Manken boy 1.70<\/span><\/p>\n<p>Bak\u0131m Talimat\u0131<\/p>\n<p data-start=\"955\" data-end=\"1101\">30\u202f\u00b0C\u2019de hassas programda ters \u00e7evirerek y\u0131kay\u0131n\u0131z. D\u00fc\u015f\u00fck \u0131s\u0131da buharl\u0131 \u00fct\u00fcleyiniz. A\u011fart\u0131c\u0131 ve tamburlu kurutma kullanmay\u0131n\u0131z; g\u00f6lgede kurutunuz.<\/p>","protected":false},"excerpt":{"rendered":"<p>Sahil y\u00fcr\u00fcy\u00fc\u015flerinin tuzlu serinli\u011fini gard\u0131robuna ta\u015f\u0131yor. Do\u011fal k\u0131r\u0131k ekru tabanl\u0131 hafif pamuk\u2011viskon dokuma kuma\u015f, lag\u00fcn mavisi \u00f6zg\u00fcr zebra\/ dalga \u00e7izgileriyle modern ve enerjik bir y\u00fczey olu\u015fturur. Rahat d\u00f6k\u00fcml\u00fc kal\u0131p ve kat b\u00fczg\u00fcl\u00fc etek hareket alan\u0131 sa\u011flar; bilekte nazik lastikli balon kollar romantik hacim katar. Tam boy d\u00fc\u011fmeli pat pratik giy \u00e7\u0131kar \u00f6zelli\u011fi sunar\u2014ister tamamen kapal\u0131 [&hellip;]<\/p>","protected":false},"featured_media":16545,"comment_status":"open","ping_status":"closed","template":"","meta":[],"product_brand":[],"product_cat":[967,969],"product_tag":[],"class_list":{"0":"post-16493","1":"product","2":"type-product","3":"status-publish","4":"has-post-thumbnail","6":"product_cat-accessories","7":"product_cat-elbise","9":"first","10":"outofstock","11":"sale","12":"shipping-taxable","13":"purchasable","14":"product-type-variable"},"jetpack_sharing_enabled":true,"_links":{"self":[{"href":"https:\/\/www.europesstore.com\/en\/wp-json\/wp\/v2\/product\/16493","targetHints":{"allow":["GET"]}}],"collection":[{"href":"https:\/\/www.europesstore.com\/en\/wp-json\/wp\/v2\/product"}],"about":[{"href":"https:\/\/www.europesstore.com\/en\/wp-json\/wp\/v2\/types\/product"}],"replies":[{"embeddable":true,"href":"https:\/\/www.europesstore.com\/en\/wp-json\/wp\/v2\/comments?post=16493"}],"wp:featuredmedia":[{"embeddable":true,"href":"https:\/\/www.europesstore.com\/en\/wp-json\/wp\/v2\/media\/16545"}],"wp:attachment":[{"href":"https:\/\/www.europesstore.com\/en\/wp-json\/wp\/v2\/media?parent=16493"}],"wp:term":[{"taxonomy":"product_brand","embeddable":true,"href":"https:\/\/www.europesstore.com\/en\/wp-json\/wp\/v2\/product_brand?post=16493"},{"taxonomy":"product_cat","embeddable":true,"href":"https:\/\/www.europesstore.com\/en\/wp-json\/wp\/v2\/product_cat?post=16493"},{"taxonomy":"product_tag","embeddable":true,"href":"https:\/\/www.europesstore.com\/en\/wp-json\/wp\/v2\/product_tag?post=16493"}],"curies":[{"name":"wp","href":"https:\/\/api.w.org\/{rel}","templated":true}]}}