{"id":16647,"date":"2026-01-12T16:17:30","date_gmt":"2026-01-12T16:17:30","guid":{"rendered":"https:\/\/www.europesstore.com\/?post_type=product&#038;p=16647"},"modified":"2026-01-12T17:46:37","modified_gmt":"2026-01-12T17:46:37","slug":"vanella-brezze-elbise-l1004-lavanta","status":"publish","type":"product","link":"https:\/\/www.europesstore.com\/en\/product\/vanella-brezze-elbise-l1004-lavanta\/","title":{"rendered":"Vanella Brezze Elbise L1004 &#8211; Lavanta"},"content":{"rendered":"<p data-start=\"1799\" data-end=\"1944\">\u00a0Canl\u0131 yaz enerjisi: lavanta, lime ye\u015fili, menek\u015fe ve g\u00f6k mavisi k\u0131vr\u0131ml\u0131 grafik desenlerle dolu d\u00f6k\u00fcml\u00fc sala\u015f elbise . Rahat gizli d\u00fc\u011fme pat\u0131, bilekte lastikli balon kollar ve hafif ak\u0131\u015fkan kuma\u015f\u0131yla hem ferah hem iddial\u0131. Plajdan \u015fehir gezisine, has\u0131r \u00e7antalar ve pastel \u015fallar ile kolayca kombinlenir.<\/p>\n<p>Kuma\u015f : \u00a0Pamuklu Viskon<\/p>\n<p class=\"selectable-text copyable-text x15bjb6t x1n2onr6\" dir=\"ltr\"><span class=\"selectable-text copyable-text xkrh14z\">\u00d6l\u00e7\u00fcler, S-M\/ L-XL<\/span><\/p>\n<p class=\"selectable-text copyable-text x15bjb6t x1n2onr6\" dir=\"ltr\"><span class=\"selectable-text copyable-text xkrh14z\">\u00dcst geni\u015flik 106 cm<\/span><\/p>\n<p class=\"selectable-text copyable-text x15bjb6t x1n2onr6\" dir=\"ltr\"><span class=\"selectable-text copyable-text xkrh14z\">Elbise boy 137 cm<\/span><\/p>\n<p class=\"selectable-text copyable-text x15bjb6t x1n2onr6\" dir=\"ltr\"><span class=\"selectable-text copyable-text xkrh14z\">Manken boy 1.70<\/span><\/p>\n<p>Bak\u0131m Talimat\u0131<\/p>\n<p data-start=\"955\" data-end=\"1101\">30\u202f\u00b0C\u2019de hassas programda ters \u00e7evirerek y\u0131kay\u0131n\u0131z. D\u00fc\u015f\u00fck \u0131s\u0131da buharl\u0131 \u00fct\u00fcleyiniz. A\u011fart\u0131c\u0131 ve tamburlu kurutma kullanmay\u0131n\u0131z; g\u00f6lgede kurutunuz.<\/p>","protected":false},"excerpt":{"rendered":"<p>\u00a0Canl\u0131 yaz enerjisi: lavanta, lime ye\u015fili, menek\u015fe ve g\u00f6k mavisi k\u0131vr\u0131ml\u0131 grafik desenlerle dolu d\u00f6k\u00fcml\u00fc sala\u015f elbise . Rahat gizli d\u00fc\u011fme pat\u0131, bilekte lastikli balon kollar ve hafif ak\u0131\u015fkan kuma\u015f\u0131yla hem ferah hem iddial\u0131. Plajdan \u015fehir gezisine, has\u0131r \u00e7antalar ve pastel \u015fallar ile kolayca kombinlenir. Kuma\u015f : \u00a0Pamuklu Viskon \u00d6l\u00e7\u00fcler, S-M\/ L-XL \u00dcst geni\u015flik 106 [&hellip;]<\/p>","protected":false},"featured_media":16676,"comment_status":"open","ping_status":"closed","template":"","meta":[],"product_brand":[],"product_cat":[967,969],"product_tag":[],"class_list":{"0":"post-16647","1":"product","2":"type-product","3":"status-publish","4":"has-post-thumbnail","6":"product_cat-accessories","7":"product_cat-elbise","9":"first","10":"instock","11":"sale","12":"shipping-taxable","13":"purchasable","14":"product-type-variable"},"jetpack_sharing_enabled":true,"_links":{"self":[{"href":"https:\/\/www.europesstore.com\/en\/wp-json\/wp\/v2\/product\/16647","targetHints":{"allow":["GET"]}}],"collection":[{"href":"https:\/\/www.europesstore.com\/en\/wp-json\/wp\/v2\/product"}],"about":[{"href":"https:\/\/www.europesstore.com\/en\/wp-json\/wp\/v2\/types\/product"}],"replies":[{"embeddable":true,"href":"https:\/\/www.europesstore.com\/en\/wp-json\/wp\/v2\/comments?post=16647"}],"wp:featuredmedia":[{"embeddable":true,"href":"https:\/\/www.europesstore.com\/en\/wp-json\/wp\/v2\/media\/16676"}],"wp:attachment":[{"href":"https:\/\/www.europesstore.com\/en\/wp-json\/wp\/v2\/media?parent=16647"}],"wp:term":[{"taxonomy":"product_brand","embeddable":true,"href":"https:\/\/www.europesstore.com\/en\/wp-json\/wp\/v2\/product_brand?post=16647"},{"taxonomy":"product_cat","embeddable":true,"href":"https:\/\/www.europesstore.com\/en\/wp-json\/wp\/v2\/product_cat?post=16647"},{"taxonomy":"product_tag","embeddable":true,"href":"https:\/\/www.europesstore.com\/en\/wp-json\/wp\/v2\/product_tag?post=16647"}],"curies":[{"name":"wp","href":"https:\/\/api.w.org\/{rel}","templated":true}]}}