{"id":16648,"date":"2026-01-12T16:17:30","date_gmt":"2026-01-12T16:17:30","guid":{"rendered":"https:\/\/www.europesstore.com\/?post_type=product&#038;p=16648"},"modified":"2026-01-12T17:46:37","modified_gmt":"2026-01-12T17:46:37","slug":"vanella-brezze-elbise-l1005-mercan","status":"publish","type":"product","link":"https:\/\/www.europesstore.com\/en\/product\/vanella-brezze-elbise-l1005-mercan\/","title":{"rendered":"Vanella Brezze Elbise L1005 &#8211; Mercan"},"content":{"rendered":"<p data-start=\"1799\" data-end=\"1944\">Tatil enerjisini \u00fcst\u00fcne giy: mercan k\u0131rm\u0131z\u0131s\u0131, turkuaz mavisi, \u00e7ilek pembe ve ekru zemin \u00fczerinde \u00e7izgi + k\u0131vr\u0131ml\u0131 grafik bloklar\u0131n ritmik bulu\u015fmas\u0131. Rahat oversize kesim, \u00f6nden d\u00fc\u011fmeli g\u00f6mlek formu ve bilekte lastikli balon kollarla ferah kullan\u0131m sunar. Plajdan \u015fehir turuna has\u0131r \u00e7anta ve n\u00f6tr \u015fallar (foto\u011fraftaki gibi krem) ile zahmetsizce tamamlan\u0131r.<\/p>\n<p>Kuma\u015f : \u00a0Pamuklu Viskon<\/p>\n<p class=\"selectable-text copyable-text x15bjb6t x1n2onr6\" dir=\"ltr\"><span class=\"selectable-text copyable-text xkrh14z\">\u00d6l\u00e7\u00fcler, S-M\/ L-XL<\/span><\/p>\n<p class=\"selectable-text copyable-text x15bjb6t x1n2onr6\" dir=\"ltr\"><span class=\"selectable-text copyable-text xkrh14z\">\u00dcst geni\u015flik 106 cm<\/span><\/p>\n<p class=\"selectable-text copyable-text x15bjb6t x1n2onr6\" dir=\"ltr\"><span class=\"selectable-text copyable-text xkrh14z\">Elbise boy 137 cm<\/span><\/p>\n<p class=\"selectable-text copyable-text x15bjb6t x1n2onr6\" dir=\"ltr\"><span class=\"selectable-text copyable-text xkrh14z\">Manken boy 1.70<\/span><\/p>\n<p>Bak\u0131m Talimat\u0131<\/p>\n<p data-start=\"955\" data-end=\"1101\">30\u202f\u00b0C\u2019de hassas programda ters \u00e7evirerek y\u0131kay\u0131n\u0131z. D\u00fc\u015f\u00fck \u0131s\u0131da buharl\u0131 \u00fct\u00fcleyiniz. A\u011fart\u0131c\u0131 ve tamburlu kurutma kullanmay\u0131n\u0131z; g\u00f6lgede kurutunuz.<\/p>","protected":false},"excerpt":{"rendered":"<p>Tatil enerjisini \u00fcst\u00fcne giy: mercan k\u0131rm\u0131z\u0131s\u0131, turkuaz mavisi, \u00e7ilek pembe ve ekru zemin \u00fczerinde \u00e7izgi + k\u0131vr\u0131ml\u0131 grafik bloklar\u0131n ritmik bulu\u015fmas\u0131. Rahat oversize kesim, \u00f6nden d\u00fc\u011fmeli g\u00f6mlek formu ve bilekte lastikli balon kollarla ferah kullan\u0131m sunar. Plajdan \u015fehir turuna has\u0131r \u00e7anta ve n\u00f6tr \u015fallar (foto\u011fraftaki gibi krem) ile zahmetsizce tamamlan\u0131r. Kuma\u015f : \u00a0Pamuklu Viskon \u00d6l\u00e7\u00fcler, [&hellip;]<\/p>","protected":false},"featured_media":16677,"comment_status":"open","ping_status":"closed","template":"","meta":[],"product_brand":[],"product_cat":[967,969],"product_tag":[],"class_list":{"0":"post-16648","1":"product","2":"type-product","3":"status-publish","4":"has-post-thumbnail","6":"product_cat-accessories","7":"product_cat-elbise","9":"first","10":"instock","11":"sale","12":"shipping-taxable","13":"purchasable","14":"product-type-variable"},"jetpack_sharing_enabled":true,"_links":{"self":[{"href":"https:\/\/www.europesstore.com\/en\/wp-json\/wp\/v2\/product\/16648","targetHints":{"allow":["GET"]}}],"collection":[{"href":"https:\/\/www.europesstore.com\/en\/wp-json\/wp\/v2\/product"}],"about":[{"href":"https:\/\/www.europesstore.com\/en\/wp-json\/wp\/v2\/types\/product"}],"replies":[{"embeddable":true,"href":"https:\/\/www.europesstore.com\/en\/wp-json\/wp\/v2\/comments?post=16648"}],"wp:featuredmedia":[{"embeddable":true,"href":"https:\/\/www.europesstore.com\/en\/wp-json\/wp\/v2\/media\/16677"}],"wp:attachment":[{"href":"https:\/\/www.europesstore.com\/en\/wp-json\/wp\/v2\/media?parent=16648"}],"wp:term":[{"taxonomy":"product_brand","embeddable":true,"href":"https:\/\/www.europesstore.com\/en\/wp-json\/wp\/v2\/product_brand?post=16648"},{"taxonomy":"product_cat","embeddable":true,"href":"https:\/\/www.europesstore.com\/en\/wp-json\/wp\/v2\/product_cat?post=16648"},{"taxonomy":"product_tag","embeddable":true,"href":"https:\/\/www.europesstore.com\/en\/wp-json\/wp\/v2\/product_tag?post=16648"}],"curies":[{"name":"wp","href":"https:\/\/api.w.org\/{rel}","templated":true}]}}