{"id":16649,"date":"2026-01-12T16:17:30","date_gmt":"2026-01-12T16:17:30","guid":{"rendered":"https:\/\/www.europesstore.com\/?post_type=product&#038;p=16649"},"modified":"2026-01-12T17:46:37","modified_gmt":"2026-01-12T17:46:37","slug":"fiesta-karnaval-elbise-l1006-tutti-frutti","status":"publish","type":"product","link":"https:\/\/www.europesstore.com\/en\/product\/fiesta-karnaval-elbise-l1006-tutti-frutti\/","title":{"rendered":"Fiesta Karnaval Elbise L1006 &#8211; Tutti Frutti"},"content":{"rendered":"<p data-start=\"1799\" data-end=\"1944\">\u015eeker renklerinin dans\u0131! Fu\u015fya, mandalina turuncu, canl\u0131 ye\u015fil, mavi ve mor f\u0131r\u00e7a-\u00e7i\u00e7ek desenleriyle capcanl\u0131 maxi elbise. Rahat oversize kal\u0131p, \u00f6nden d\u00fc\u011fmeli g\u00f6mlek formu ve kat kat volanl\u0131 etek hareket ettik\u00e7e u\u00e7u\u015fur. Bilekte lastikli hafif balon kollar yaz r\u00fczg\u00e2r\u0131n\u0131 i\u00e7eri al\u0131r. Has\u0131r \u00e7anta ve n\u00f6tr \u015fal \u00a0ile an\u0131nda tatil stili.<\/p>\n<p>Kuma\u015f : \u00a0Pamuklu Viskon<\/p>\n<p class=\"selectable-text copyable-text x15bjb6t x1n2onr6\" dir=\"ltr\"><span class=\"selectable-text copyable-text xkrh14z\">\u00d6l\u00e7\u00fcler, S-M\/ L-XL<\/span><\/p>\n<p class=\"selectable-text copyable-text x15bjb6t x1n2onr6\" dir=\"ltr\"><span class=\"selectable-text copyable-text xkrh14z\">\u00dcst geni\u015flik 106 cm<\/span><\/p>\n<p class=\"selectable-text copyable-text x15bjb6t x1n2onr6\" dir=\"ltr\"><span class=\"selectable-text copyable-text xkrh14z\">Elbise boy 137 cm<\/span><\/p>\n<p class=\"selectable-text copyable-text x15bjb6t x1n2onr6\" dir=\"ltr\"><span class=\"selectable-text copyable-text xkrh14z\">Manken boy 1.70<\/span><\/p>\n<p>Bak\u0131m Talimat\u0131<\/p>\n<p data-start=\"955\" data-end=\"1101\">30\u202f\u00b0C\u2019de hassas programda ters \u00e7evirerek y\u0131kay\u0131n\u0131z. D\u00fc\u015f\u00fck \u0131s\u0131da buharl\u0131 \u00fct\u00fcleyiniz. A\u011fart\u0131c\u0131 ve tamburlu kurutma kullanmay\u0131n\u0131z; g\u00f6lgede kurutunuz.<\/p>","protected":false},"excerpt":{"rendered":"<p>\u015eeker renklerinin dans\u0131! Fu\u015fya, mandalina turuncu, canl\u0131 ye\u015fil, mavi ve mor f\u0131r\u00e7a-\u00e7i\u00e7ek desenleriyle capcanl\u0131 maxi elbise. Rahat oversize kal\u0131p, \u00f6nden d\u00fc\u011fmeli g\u00f6mlek formu ve kat kat volanl\u0131 etek hareket ettik\u00e7e u\u00e7u\u015fur. Bilekte lastikli hafif balon kollar yaz r\u00fczg\u00e2r\u0131n\u0131 i\u00e7eri al\u0131r. Has\u0131r \u00e7anta ve n\u00f6tr \u015fal \u00a0ile an\u0131nda tatil stili. Kuma\u015f : \u00a0Pamuklu Viskon \u00d6l\u00e7\u00fcler, S-M\/ [&hellip;]<\/p>","protected":false},"featured_media":16678,"comment_status":"open","ping_status":"closed","template":"","meta":[],"product_brand":[],"product_cat":[967,969],"product_tag":[],"class_list":{"0":"post-16649","1":"product","2":"type-product","3":"status-publish","4":"has-post-thumbnail","6":"product_cat-accessories","7":"product_cat-elbise","9":"first","10":"outofstock","11":"sale","12":"shipping-taxable","13":"purchasable","14":"product-type-variable"},"jetpack_sharing_enabled":true,"_links":{"self":[{"href":"https:\/\/www.europesstore.com\/en\/wp-json\/wp\/v2\/product\/16649","targetHints":{"allow":["GET"]}}],"collection":[{"href":"https:\/\/www.europesstore.com\/en\/wp-json\/wp\/v2\/product"}],"about":[{"href":"https:\/\/www.europesstore.com\/en\/wp-json\/wp\/v2\/types\/product"}],"replies":[{"embeddable":true,"href":"https:\/\/www.europesstore.com\/en\/wp-json\/wp\/v2\/comments?post=16649"}],"wp:featuredmedia":[{"embeddable":true,"href":"https:\/\/www.europesstore.com\/en\/wp-json\/wp\/v2\/media\/16678"}],"wp:attachment":[{"href":"https:\/\/www.europesstore.com\/en\/wp-json\/wp\/v2\/media?parent=16649"}],"wp:term":[{"taxonomy":"product_brand","embeddable":true,"href":"https:\/\/www.europesstore.com\/en\/wp-json\/wp\/v2\/product_brand?post=16649"},{"taxonomy":"product_cat","embeddable":true,"href":"https:\/\/www.europesstore.com\/en\/wp-json\/wp\/v2\/product_cat?post=16649"},{"taxonomy":"product_tag","embeddable":true,"href":"https:\/\/www.europesstore.com\/en\/wp-json\/wp\/v2\/product_tag?post=16649"}],"curies":[{"name":"wp","href":"https:\/\/api.w.org\/{rel}","templated":true}]}}