{"id":16650,"date":"2026-01-12T16:17:30","date_gmt":"2026-01-12T16:17:30","guid":{"rendered":"https:\/\/www.europesstore.com\/?post_type=product&#038;p=16650"},"modified":"2026-01-12T16:21:00","modified_gmt":"2026-01-12T16:21:00","slug":"lorella-look-elbise-l1007-egzotik","status":"publish","type":"product","link":"https:\/\/www.europesstore.com\/en\/product\/lorella-look-elbise-l1007-egzotik\/","title":{"rendered":"Lorella Look Elbise L1007 &#8211; Egzotik"},"content":{"rendered":"<p data-start=\"1799\" data-end=\"1944\">Baharatl\u0131 turuncu (cayenne), z\u00fcmr\u00fct yaprak ye\u015fili, ten\/nude ve beyaz lekeleri siyah konturlarla birle\u015fiyor; grafiti f\u0131r\u00e7a darbeli desen elbiseye modern tropik enerji kat\u0131yor. Rahat oversize kal\u0131p, kontrast siyah patl\u0131\/V yaka hatt\u0131 ve bilekte lastikli balon kollarla hem ferah hem iddial\u0131. Kat kat d\u00f6k\u00fcml\u00fc etek ad\u0131m att\u0131k\u00e7a hareket eder; n\u00f6tr \u015fallar (krem, ekru) ve has\u0131r \u00e7antalarla tamamland\u0131\u011f\u0131nda \u015fehirden sahile ge\u00e7i\u015f yapmaya haz\u0131r bir stil sunar.<\/p>\n<p>Kuma\u015f : \u00a0Pamuklu Viskon<\/p>\n<p class=\"selectable-text copyable-text x15bjb6t x1n2onr6\" dir=\"ltr\"><span class=\"selectable-text copyable-text xkrh14z\">\u00d6l\u00e7\u00fcler, S-M\/ L-XL<\/span><\/p>\n<p class=\"selectable-text copyable-text x15bjb6t x1n2onr6\" dir=\"ltr\"><span class=\"selectable-text copyable-text xkrh14z\">\u00dcst geni\u015flik 106 cm<\/span><\/p>\n<p class=\"selectable-text copyable-text x15bjb6t x1n2onr6\" dir=\"ltr\"><span class=\"selectable-text copyable-text xkrh14z\">Elbise boy 137 cm<\/span><\/p>\n<p class=\"selectable-text copyable-text x15bjb6t x1n2onr6\" dir=\"ltr\"><span class=\"selectable-text copyable-text xkrh14z\">Manken boy 1.70<\/span><\/p>\n<p>Bak\u0131m Talimat\u0131<\/p>\n<p data-start=\"955\" data-end=\"1101\">30\u202f\u00b0C\u2019de hassas programda ters \u00e7evirerek y\u0131kay\u0131n\u0131z. D\u00fc\u015f\u00fck \u0131s\u0131da buharl\u0131 \u00fct\u00fcleyiniz. A\u011fart\u0131c\u0131 ve tamburlu kurutma kullanmay\u0131n\u0131z; g\u00f6lgede kurutunuz.<\/p>","protected":false},"excerpt":{"rendered":"<p>Baharatl\u0131 turuncu (cayenne), z\u00fcmr\u00fct yaprak ye\u015fili, ten\/nude ve beyaz lekeleri siyah konturlarla birle\u015fiyor; grafiti f\u0131r\u00e7a darbeli desen elbiseye modern tropik enerji kat\u0131yor. Rahat oversize kal\u0131p, kontrast siyah patl\u0131\/V yaka hatt\u0131 ve bilekte lastikli balon kollarla hem ferah hem iddial\u0131. Kat kat d\u00f6k\u00fcml\u00fc etek ad\u0131m att\u0131k\u00e7a hareket eder; n\u00f6tr \u015fallar (krem, ekru) ve has\u0131r \u00e7antalarla tamamland\u0131\u011f\u0131nda [&hellip;]<\/p>","protected":false},"featured_media":16679,"comment_status":"open","ping_status":"closed","template":"","meta":[],"product_brand":[],"product_cat":[967,969],"product_tag":[],"class_list":{"0":"post-16650","1":"product","2":"type-product","3":"status-publish","4":"has-post-thumbnail","6":"product_cat-accessories","7":"product_cat-elbise","9":"first","10":"instock","11":"sale","12":"shipping-taxable","13":"purchasable","14":"product-type-variable"},"jetpack_sharing_enabled":true,"_links":{"self":[{"href":"https:\/\/www.europesstore.com\/en\/wp-json\/wp\/v2\/product\/16650","targetHints":{"allow":["GET"]}}],"collection":[{"href":"https:\/\/www.europesstore.com\/en\/wp-json\/wp\/v2\/product"}],"about":[{"href":"https:\/\/www.europesstore.com\/en\/wp-json\/wp\/v2\/types\/product"}],"replies":[{"embeddable":true,"href":"https:\/\/www.europesstore.com\/en\/wp-json\/wp\/v2\/comments?post=16650"}],"wp:featuredmedia":[{"embeddable":true,"href":"https:\/\/www.europesstore.com\/en\/wp-json\/wp\/v2\/media\/16679"}],"wp:attachment":[{"href":"https:\/\/www.europesstore.com\/en\/wp-json\/wp\/v2\/media?parent=16650"}],"wp:term":[{"taxonomy":"product_brand","embeddable":true,"href":"https:\/\/www.europesstore.com\/en\/wp-json\/wp\/v2\/product_brand?post=16650"},{"taxonomy":"product_cat","embeddable":true,"href":"https:\/\/www.europesstore.com\/en\/wp-json\/wp\/v2\/product_cat?post=16650"},{"taxonomy":"product_tag","embeddable":true,"href":"https:\/\/www.europesstore.com\/en\/wp-json\/wp\/v2\/product_tag?post=16650"}],"curies":[{"name":"wp","href":"https:\/\/api.w.org\/{rel}","templated":true}]}}