{"id":16654,"date":"2026-01-12T16:17:31","date_gmt":"2026-01-12T16:17:31","guid":{"rendered":"https:\/\/www.europesstore.com\/?post_type=product&#038;p=16654"},"modified":"2026-01-12T17:46:50","modified_gmt":"2026-01-12T17:46:50","slug":"florella-miss-elbise-l10012-deniz-kopugu","status":"publish","type":"product","link":"https:\/\/www.europesstore.com\/en\/product\/florella-miss-elbise-l10012-deniz-kopugu\/","title":{"rendered":"Florella Miss Elbise L10012 &#8211; Deniz K\u00f6p\u00fc\u011f\u00fc"},"content":{"rendered":"<p data-start=\"1799\" data-end=\"1944\">Suya dald\u0131r\u0131lm\u0131\u015f gibi ak\u0131\u015fkan: deniz k\u00f6p\u00fc\u011f\u00fc beyaz\u0131n\u0131n i\u00e7inde eriyen turkuaz\u2011z\u00fcmr\u00fct ye\u015fili akvarel ge\u00e7i\u015fler, \u00fcst ve etek u\u00e7lar\u0131nda dantel efektli bord\u00fcr bask\u0131larla tamamlan\u0131yor. Rahat oversize kal\u0131p g\u00fcn boyu ferah; \u00f6nden d\u00fc\u011fmeli hafif V yaka ve bilekte lastikli balon kollar pratik &amp; \u015f\u0131k. Kat kat (tiered) maxi etek y\u00fcr\u00fcrken dalga gibi hareket eder. Krem\/ekru \u015fal ve has\u0131r \u00e7antayla sahil tatiline, \u015fehirde serin yaz stiline haz\u0131r.<\/p>\n<p>Kuma\u015f : \u00a0Pamuklu Viskon<\/p>\n<p class=\"selectable-text copyable-text x15bjb6t x1n2onr6\" dir=\"ltr\"><span class=\"selectable-text copyable-text xkrh14z\">\u00d6l\u00e7\u00fcler, S-M\/ L-XL<\/span><\/p>\n<p class=\"selectable-text copyable-text x15bjb6t x1n2onr6\" dir=\"ltr\"><span class=\"selectable-text copyable-text xkrh14z\">\u00dcst geni\u015flik 106 cm<\/span><\/p>\n<p class=\"selectable-text copyable-text x15bjb6t x1n2onr6\" dir=\"ltr\"><span class=\"selectable-text copyable-text xkrh14z\">Elbise boy 137 cm<\/span><\/p>\n<p class=\"selectable-text copyable-text x15bjb6t x1n2onr6\" dir=\"ltr\"><span class=\"selectable-text copyable-text xkrh14z\">Manken boy 1.70<\/span><\/p>\n<p>Bak\u0131m Talimat\u0131<\/p>\n<p data-start=\"955\" data-end=\"1101\">30\u202f\u00b0C\u2019de hassas programda ters \u00e7evirerek y\u0131kay\u0131n\u0131z. D\u00fc\u015f\u00fck \u0131s\u0131da buharl\u0131 \u00fct\u00fcleyiniz. A\u011fart\u0131c\u0131 ve tamburlu kurutma kullanmay\u0131n\u0131z; g\u00f6lgede kurutunuz.<\/p>","protected":false},"excerpt":{"rendered":"<p>Suya dald\u0131r\u0131lm\u0131\u015f gibi ak\u0131\u015fkan: deniz k\u00f6p\u00fc\u011f\u00fc beyaz\u0131n\u0131n i\u00e7inde eriyen turkuaz\u2011z\u00fcmr\u00fct ye\u015fili akvarel ge\u00e7i\u015fler, \u00fcst ve etek u\u00e7lar\u0131nda dantel efektli bord\u00fcr bask\u0131larla tamamlan\u0131yor. Rahat oversize kal\u0131p g\u00fcn boyu ferah; \u00f6nden d\u00fc\u011fmeli hafif V yaka ve bilekte lastikli balon kollar pratik &amp; \u015f\u0131k. Kat kat (tiered) maxi etek y\u00fcr\u00fcrken dalga gibi hareket eder. Krem\/ekru \u015fal ve has\u0131r [&hellip;]<\/p>","protected":false},"featured_media":16690,"comment_status":"open","ping_status":"closed","template":"","meta":[],"product_brand":[],"product_cat":[967,969],"product_tag":[],"class_list":{"0":"post-16654","1":"product","2":"type-product","3":"status-publish","4":"has-post-thumbnail","6":"product_cat-accessories","7":"product_cat-elbise","9":"first","10":"outofstock","11":"sale","12":"shipping-taxable","13":"purchasable","14":"product-type-variable"},"jetpack_sharing_enabled":true,"_links":{"self":[{"href":"https:\/\/www.europesstore.com\/en\/wp-json\/wp\/v2\/product\/16654","targetHints":{"allow":["GET"]}}],"collection":[{"href":"https:\/\/www.europesstore.com\/en\/wp-json\/wp\/v2\/product"}],"about":[{"href":"https:\/\/www.europesstore.com\/en\/wp-json\/wp\/v2\/types\/product"}],"replies":[{"embeddable":true,"href":"https:\/\/www.europesstore.com\/en\/wp-json\/wp\/v2\/comments?post=16654"}],"wp:featuredmedia":[{"embeddable":true,"href":"https:\/\/www.europesstore.com\/en\/wp-json\/wp\/v2\/media\/16690"}],"wp:attachment":[{"href":"https:\/\/www.europesstore.com\/en\/wp-json\/wp\/v2\/media?parent=16654"}],"wp:term":[{"taxonomy":"product_brand","embeddable":true,"href":"https:\/\/www.europesstore.com\/en\/wp-json\/wp\/v2\/product_brand?post=16654"},{"taxonomy":"product_cat","embeddable":true,"href":"https:\/\/www.europesstore.com\/en\/wp-json\/wp\/v2\/product_cat?post=16654"},{"taxonomy":"product_tag","embeddable":true,"href":"https:\/\/www.europesstore.com\/en\/wp-json\/wp\/v2\/product_tag?post=16654"}],"curies":[{"name":"wp","href":"https:\/\/api.w.org\/{rel}","templated":true}]}}