{"id":16656,"date":"2026-01-12T16:17:32","date_gmt":"2026-01-12T16:17:32","guid":{"rendered":"https:\/\/www.europesstore.com\/?post_type=product&#038;p=16656"},"modified":"2026-01-12T17:46:50","modified_gmt":"2026-01-12T17:46:50","slug":"merla-miss-elbise-l10013-parlement","status":"publish","type":"product","link":"https:\/\/www.europesstore.com\/en\/product\/merla-miss-elbise-l10013-parlement\/","title":{"rendered":"Merla Miss Elbise L10013 &#8211; Parlement"},"content":{"rendered":"<p data-start=\"1799\" data-end=\"1944\">G\u00f6z al\u0131c\u0131 ama zarif bir kontrast. Rahat oversize kal\u0131p g\u00fcn boyu ferahl\u0131k sa\u011flarken, \u00f6nden d\u00fc\u011fmeli hafif V yaka ve bilekte lastikli balon kollar pratik kullan\u0131m sunar. Kat kat d\u00f6k\u00fcml\u00fc maxi etek y\u00fcr\u00fcd\u00fck\u00e7e ak\u0131\u015fkan bir siluet olu\u015fturur. Krem\/ekru \u015fal ve has\u0131r \u00e7antayla Ege\u2019den \u015fehre uzanan sofistike yaz stili yakalay\u0131n.<\/p>\n<p>Kuma\u015f : \u00a0Viskon<\/p>\n<p class=\"selectable-text copyable-text x15bjb6t x1n2onr6\" dir=\"ltr\"><span class=\"selectable-text copyable-text xkrh14z\">\u00d6l\u00e7\u00fcler, S-M\/ L-XL<\/span><\/p>\n<p class=\"selectable-text copyable-text x15bjb6t x1n2onr6\" dir=\"ltr\"><span class=\"selectable-text copyable-text xkrh14z\">\u00dcst geni\u015flik 106 cm<\/span><\/p>\n<p class=\"selectable-text copyable-text x15bjb6t x1n2onr6\" dir=\"ltr\"><span class=\"selectable-text copyable-text xkrh14z\">Elbise boy 137 cm<\/span><\/p>\n<p class=\"selectable-text copyable-text x15bjb6t x1n2onr6\" dir=\"ltr\"><span class=\"selectable-text copyable-text xkrh14z\">Manken boy 1.70<\/span><\/p>\n<p>Bak\u0131m Talimat\u0131<\/p>\n<p data-start=\"955\" data-end=\"1101\">30\u202f\u00b0C\u2019de hassas programda ters \u00e7evirerek y\u0131kay\u0131n\u0131z. D\u00fc\u015f\u00fck \u0131s\u0131da buharl\u0131 \u00fct\u00fcleyiniz. A\u011fart\u0131c\u0131 ve tamburlu kurutma kullanmay\u0131n\u0131z; g\u00f6lgede kurutunuz.<\/p>","protected":false},"excerpt":{"rendered":"<p>G\u00f6z al\u0131c\u0131 ama zarif bir kontrast. Rahat oversize kal\u0131p g\u00fcn boyu ferahl\u0131k sa\u011flarken, \u00f6nden d\u00fc\u011fmeli hafif V yaka ve bilekte lastikli balon kollar pratik kullan\u0131m sunar. Kat kat d\u00f6k\u00fcml\u00fc maxi etek y\u00fcr\u00fcd\u00fck\u00e7e ak\u0131\u015fkan bir siluet olu\u015fturur. Krem\/ekru \u015fal ve has\u0131r \u00e7antayla Ege\u2019den \u015fehre uzanan sofistike yaz stili yakalay\u0131n. Kuma\u015f : \u00a0Viskon \u00d6l\u00e7\u00fcler, S-M\/ L-XL \u00dcst [&hellip;]<\/p>","protected":false},"featured_media":16691,"comment_status":"open","ping_status":"closed","template":"","meta":[],"product_brand":[],"product_cat":[967,969],"product_tag":[],"class_list":{"0":"post-16656","1":"product","2":"type-product","3":"status-publish","4":"has-post-thumbnail","6":"product_cat-accessories","7":"product_cat-elbise","9":"first","10":"outofstock","11":"sale","12":"shipping-taxable","13":"purchasable","14":"product-type-variable"},"jetpack_sharing_enabled":true,"_links":{"self":[{"href":"https:\/\/www.europesstore.com\/en\/wp-json\/wp\/v2\/product\/16656","targetHints":{"allow":["GET"]}}],"collection":[{"href":"https:\/\/www.europesstore.com\/en\/wp-json\/wp\/v2\/product"}],"about":[{"href":"https:\/\/www.europesstore.com\/en\/wp-json\/wp\/v2\/types\/product"}],"replies":[{"embeddable":true,"href":"https:\/\/www.europesstore.com\/en\/wp-json\/wp\/v2\/comments?post=16656"}],"wp:featuredmedia":[{"embeddable":true,"href":"https:\/\/www.europesstore.com\/en\/wp-json\/wp\/v2\/media\/16691"}],"wp:attachment":[{"href":"https:\/\/www.europesstore.com\/en\/wp-json\/wp\/v2\/media?parent=16656"}],"wp:term":[{"taxonomy":"product_brand","embeddable":true,"href":"https:\/\/www.europesstore.com\/en\/wp-json\/wp\/v2\/product_brand?post=16656"},{"taxonomy":"product_cat","embeddable":true,"href":"https:\/\/www.europesstore.com\/en\/wp-json\/wp\/v2\/product_cat?post=16656"},{"taxonomy":"product_tag","embeddable":true,"href":"https:\/\/www.europesstore.com\/en\/wp-json\/wp\/v2\/product_tag?post=16656"}],"curies":[{"name":"wp","href":"https:\/\/api.w.org\/{rel}","templated":true}]}}