{"id":16659,"date":"2026-01-12T16:17:32","date_gmt":"2026-01-12T16:17:32","guid":{"rendered":"https:\/\/www.europesstore.com\/?post_type=product&#038;p=16659"},"modified":"2026-01-12T17:46:50","modified_gmt":"2026-01-12T17:46:50","slug":"mimoza-desen-elbise-buyuk-beden-pamuk-sekeri","status":"publish","type":"product","link":"https:\/\/www.europesstore.com\/en\/product\/mimoza-desen-elbise-buyuk-beden-pamuk-sekeri\/","title":{"rendered":"Mimoza Desen Elbise B\u00dcY\u00dcK BEDEN  -Pamuk \u015eekeri"},"content":{"rendered":"<p data-start=\"134\" data-end=\"617\">Do\u011fall\u0131\u011f\u0131n zarafetiyle bulu\u015fan bu \u00e7i\u00e7ek desenli viskon elbise, yaz aylar\u0131n\u0131n favorisi olmaya aday. Yumu\u015fak dokusu ve d\u00f6k\u00fcml\u00fc yap\u0131s\u0131yla g\u00fcn boyu konfor sunarken, pastel tonlardaki pembe \u00e7i\u00e7ekler feminen bir g\u00f6r\u00fcn\u00fcm kazand\u0131r\u0131yor. Hakim yaka ve tam boy kesimiyle hem \u015f\u0131k hem de rahat bir stil sunan bu elbise, davetlerden g\u00fcnl\u00fck gezilere kadar her ortama uyum sa\u011flar. \u00dcstelik minimal beyaz \u00e7anta ve zarif babetlerle tamamlanarak, zarif ve modern bir stilin anahtar par\u00e7as\u0131 h\u00e2line gelir.<\/p>\n<p data-start=\"619\" data-end=\"644\"><strong data-start=\"619\" data-end=\"644\">\u00d6ne \u00c7\u0131kan \u00d6zellikler:<\/strong><\/p>\n<ul data-start=\"645\" data-end=\"783\">\n<li data-start=\"645\" data-end=\"676\">\n<p data-start=\"647\" data-end=\"676\">Hafif ve nefes alabilen kuma\u015f<\/p>\n<\/li>\n<li data-start=\"677\" data-end=\"700\">\n<p data-start=\"679\" data-end=\"700\">Pembe floral desenler<\/p>\n<\/li>\n<li data-start=\"701\" data-end=\"730\">\n<p data-start=\"703\" data-end=\"730\">Rahat kesim, tam boy elbise<\/p>\n<\/li>\n<li data-start=\"731\" data-end=\"758\">\n<p data-start=\"733\" data-end=\"758\">Astars\u0131zd\u0131r, i\u00e7 g\u00f6stermez<\/p>\n<\/li>\n<li data-start=\"759\" data-end=\"783\">\n<p data-start=\"761\" data-end=\"783\">Mevsim: \u0130lkbahar \/ Yaz<\/p>\n<\/li>\n<\/ul>\n<p class=\"selectable-text copyable-text x15bjb6t x1n2onr6\" dir=\"ltr\"><span class=\"selectable-text copyable-text xkrh14z\">\u00d6l\u00e7\u00fcler, 42-44-46-48-50<\/span><\/p>\n<p class=\"selectable-text copyable-text x15bjb6t x1n2onr6\" dir=\"ltr\"><span class=\"selectable-text copyable-text xkrh14z\">\u00dcst geni\u015flik 106 cm<\/span><\/p>\n<p class=\"selectable-text copyable-text x15bjb6t x1n2onr6\" dir=\"ltr\"><span class=\"selectable-text copyable-text xkrh14z\">Elbise boy 137 cm<\/span><\/p>\n<p class=\"selectable-text copyable-text x15bjb6t x1n2onr6\" dir=\"ltr\"><span class=\"selectable-text copyable-text xkrh14z\">Manken boy 1.70<\/span><\/p>","protected":false},"excerpt":{"rendered":"<p>Do\u011fall\u0131\u011f\u0131n zarafetiyle bulu\u015fan bu \u00e7i\u00e7ek desenli viskon elbise, yaz aylar\u0131n\u0131n favorisi olmaya aday. Yumu\u015fak dokusu ve d\u00f6k\u00fcml\u00fc yap\u0131s\u0131yla g\u00fcn boyu konfor sunarken, pastel tonlardaki pembe \u00e7i\u00e7ekler feminen bir g\u00f6r\u00fcn\u00fcm kazand\u0131r\u0131yor. Hakim yaka ve tam boy kesimiyle hem \u015f\u0131k hem de rahat bir stil sunan bu elbise, davetlerden g\u00fcnl\u00fck gezilere kadar her ortama uyum sa\u011flar. \u00dcstelik [&hellip;]<\/p>","protected":false},"featured_media":16699,"comment_status":"open","ping_status":"closed","template":"","meta":[],"product_brand":[],"product_cat":[967,969],"product_tag":[],"class_list":{"0":"post-16659","1":"product","2":"type-product","3":"status-publish","4":"has-post-thumbnail","6":"product_cat-accessories","7":"product_cat-elbise","9":"first","10":"outofstock","11":"sale","12":"shipping-taxable","13":"purchasable","14":"product-type-variable"},"jetpack_sharing_enabled":true,"_links":{"self":[{"href":"https:\/\/www.europesstore.com\/en\/wp-json\/wp\/v2\/product\/16659","targetHints":{"allow":["GET"]}}],"collection":[{"href":"https:\/\/www.europesstore.com\/en\/wp-json\/wp\/v2\/product"}],"about":[{"href":"https:\/\/www.europesstore.com\/en\/wp-json\/wp\/v2\/types\/product"}],"replies":[{"embeddable":true,"href":"https:\/\/www.europesstore.com\/en\/wp-json\/wp\/v2\/comments?post=16659"}],"wp:featuredmedia":[{"embeddable":true,"href":"https:\/\/www.europesstore.com\/en\/wp-json\/wp\/v2\/media\/16699"}],"wp:attachment":[{"href":"https:\/\/www.europesstore.com\/en\/wp-json\/wp\/v2\/media?parent=16659"}],"wp:term":[{"taxonomy":"product_brand","embeddable":true,"href":"https:\/\/www.europesstore.com\/en\/wp-json\/wp\/v2\/product_brand?post=16659"},{"taxonomy":"product_cat","embeddable":true,"href":"https:\/\/www.europesstore.com\/en\/wp-json\/wp\/v2\/product_cat?post=16659"},{"taxonomy":"product_tag","embeddable":true,"href":"https:\/\/www.europesstore.com\/en\/wp-json\/wp\/v2\/product_tag?post=16659"}],"curies":[{"name":"wp","href":"https:\/\/api.w.org\/{rel}","templated":true}]}}