{"id":16662,"date":"2026-01-12T16:17:33","date_gmt":"2026-01-12T16:17:33","guid":{"rendered":"https:\/\/www.europesstore.com\/?post_type=product&#038;p=16662"},"modified":"2026-01-12T17:46:51","modified_gmt":"2026-01-12T17:46:51","slug":"ebruli-desen-elbise-l10017-buyuk-beden-deniz-mavisi","status":"publish","type":"product","link":"https:\/\/www.europesstore.com\/en\/product\/ebruli-desen-elbise-l10017-buyuk-beden-deniz-mavisi\/","title":{"rendered":"Ebruli Desen Elbise L10017 B\u00dcY\u00dcK BEDEN &#8211; Deniz Mavisi"},"content":{"rendered":"<p data-start=\"1799\" data-end=\"1944\">\u00a0Okyanus dalga efektli mavi ton desenleriyle ferahl\u0131k veren kat kat maxi elbise. Hafif, nefes al\u0131r dokulu kuma\u015f\u0131 ve rahat oversize kesimiyle yaz g\u00fcnlerinde serin ve konforlu; yar\u0131m d\u00fc\u011fmeli yuvarlak yaka hatt\u0131 pratik giy\u2011\u00e7\u0131kar sa\u011flar. Bile\u011fe do\u011fru toplanan hacimli kollar ve geni\u015f hareket alan\u0131 sunan klo\u015f kat etek elbiseye ak\u0131\u015fkan bir siluet kazand\u0131r\u0131r. G\u00fcnl\u00fck \u015fehir stili, sahil gezileri ve yaz davetleri i\u00e7in kolayca \u015fal\/aksesuarla kombinlenir.<\/p>\n<p>Kuma\u015f : \u00a0Pamuklu Viskon<\/p>\n<p class=\"selectable-text copyable-text x15bjb6t x1n2onr6\" dir=\"ltr\"><span class=\"selectable-text copyable-text xkrh14z\">\u00d6l\u00e7\u00fcler, 42-44-46-48-50<\/span><\/p>\n<p class=\"selectable-text copyable-text x15bjb6t x1n2onr6\" dir=\"ltr\"><span class=\"selectable-text copyable-text xkrh14z\">\u00dcst geni\u015flik 106 cm<\/span><\/p>\n<p class=\"selectable-text copyable-text x15bjb6t x1n2onr6\" dir=\"ltr\"><span class=\"selectable-text copyable-text xkrh14z\">Elbise boy 137 cm<\/span><\/p>\n<p class=\"selectable-text copyable-text x15bjb6t x1n2onr6\" dir=\"ltr\"><span class=\"selectable-text copyable-text xkrh14z\">Manken boy 1.70<\/span><\/p>\n<p>Bak\u0131m Talimat\u0131<\/p>\n<p data-start=\"955\" data-end=\"1101\">30\u202f\u00b0C\u2019de hassas programda ters \u00e7evirerek y\u0131kay\u0131n\u0131z. D\u00fc\u015f\u00fck \u0131s\u0131da buharl\u0131 \u00fct\u00fcleyiniz. A\u011fart\u0131c\u0131 ve tamburlu kurutma kullanmay\u0131n\u0131z; g\u00f6lgede kurutunuz.<\/p>","protected":false},"excerpt":{"rendered":"<p>\u00a0Okyanus dalga efektli mavi ton desenleriyle ferahl\u0131k veren kat kat maxi elbise. Hafif, nefes al\u0131r dokulu kuma\u015f\u0131 ve rahat oversize kesimiyle yaz g\u00fcnlerinde serin ve konforlu; yar\u0131m d\u00fc\u011fmeli yuvarlak yaka hatt\u0131 pratik giy\u2011\u00e7\u0131kar sa\u011flar. Bile\u011fe do\u011fru toplanan hacimli kollar ve geni\u015f hareket alan\u0131 sunan klo\u015f kat etek elbiseye ak\u0131\u015fkan bir siluet kazand\u0131r\u0131r. G\u00fcnl\u00fck \u015fehir stili, [&hellip;]<\/p>","protected":false},"featured_media":16702,"comment_status":"open","ping_status":"closed","template":"","meta":[],"product_brand":[],"product_cat":[967,969],"product_tag":[],"class_list":{"0":"post-16662","1":"product","2":"type-product","3":"status-publish","4":"has-post-thumbnail","6":"product_cat-accessories","7":"product_cat-elbise","9":"first","10":"outofstock","11":"sale","12":"shipping-taxable","13":"purchasable","14":"product-type-variable"},"jetpack_sharing_enabled":true,"_links":{"self":[{"href":"https:\/\/www.europesstore.com\/en\/wp-json\/wp\/v2\/product\/16662","targetHints":{"allow":["GET"]}}],"collection":[{"href":"https:\/\/www.europesstore.com\/en\/wp-json\/wp\/v2\/product"}],"about":[{"href":"https:\/\/www.europesstore.com\/en\/wp-json\/wp\/v2\/types\/product"}],"replies":[{"embeddable":true,"href":"https:\/\/www.europesstore.com\/en\/wp-json\/wp\/v2\/comments?post=16662"}],"wp:featuredmedia":[{"embeddable":true,"href":"https:\/\/www.europesstore.com\/en\/wp-json\/wp\/v2\/media\/16702"}],"wp:attachment":[{"href":"https:\/\/www.europesstore.com\/en\/wp-json\/wp\/v2\/media?parent=16662"}],"wp:term":[{"taxonomy":"product_brand","embeddable":true,"href":"https:\/\/www.europesstore.com\/en\/wp-json\/wp\/v2\/product_brand?post=16662"},{"taxonomy":"product_cat","embeddable":true,"href":"https:\/\/www.europesstore.com\/en\/wp-json\/wp\/v2\/product_cat?post=16662"},{"taxonomy":"product_tag","embeddable":true,"href":"https:\/\/www.europesstore.com\/en\/wp-json\/wp\/v2\/product_tag?post=16662"}],"curies":[{"name":"wp","href":"https:\/\/api.w.org\/{rel}","templated":true}]}}