{"id":16666,"date":"2026-01-12T16:17:33","date_gmt":"2026-01-12T16:17:33","guid":{"rendered":"https:\/\/www.europesstore.com\/?post_type=product&#038;p=16666"},"modified":"2026-01-12T17:47:05","modified_gmt":"2026-01-12T17:47:05","slug":"orchid-maxi-elbise-l10021-buyuk-beden-pamuk-sekeri","status":"publish","type":"product","link":"https:\/\/www.europesstore.com\/en\/product\/orchid-maxi-elbise-l10021-buyuk-beden-pamuk-sekeri\/","title":{"rendered":"Orchid Maxi Elbise  L10021 B\u00dcY\u00dcK BEDEN &#8211; Pamuk \u015eekeri"},"content":{"rendered":"<p data-start=\"1799\" data-end=\"1944\">\u00a0Do\u011fal desenleriyle huzurlu pamuk \u015fekeri esintisi ta\u015f\u0131yan kat kat maxi elbise. Hafif, nefes alan pamuk kar\u0131\u015f\u0131ml\u0131 dokusu serin tutarken oversize kesimi g\u00fcn boyu rahatl\u0131k sunar. Yar\u0131m d\u00fc\u011fmeli yuvarlak yakas\u0131 pratik giy\u2011\u00e7\u0131kar kolayl\u0131\u011f\u0131, bilekte lastikli balon kollar\u0131 ise zarif hacim kazand\u0131r\u0131r. Klo\u015f kat etek hareketli siluet yarat\u0131r; has\u0131r \u00e7antalar ve soft \u015fallar ile g\u00fcnd\u00fczden ak\u015fama nat\u00fcrel \u015f\u0131kl\u0131k yakalar.<\/p>\n<p data-start=\"479\" data-end=\"548\"><strong data-start=\"479\" data-end=\"493\">Renk Notu:<\/strong> K\u0131r\u0131k beyaz zemin + pamuk \u015fekeri tonlar\u0131 ile \u00a0pastel \u00e7i\u00e7ek motifleri.<br \/>\nKuma\u015f : \u00a0Pamuklu Viskon<\/p>\n<p class=\"selectable-text copyable-text x15bjb6t x1n2onr6\" dir=\"ltr\"><span class=\"selectable-text copyable-text xkrh14z\">\u00d6l\u00e7\u00fcler, 42-44-46-48-50<\/span><\/p>\n<p class=\"selectable-text copyable-text x15bjb6t x1n2onr6\" dir=\"ltr\"><span class=\"selectable-text copyable-text xkrh14z\">\u00dcst geni\u015flik 106 cm<\/span><\/p>\n<p class=\"selectable-text copyable-text x15bjb6t x1n2onr6\" dir=\"ltr\"><span class=\"selectable-text copyable-text xkrh14z\">Elbise boy 137 cm<\/span><\/p>\n<p class=\"selectable-text copyable-text x15bjb6t x1n2onr6\" dir=\"ltr\"><span class=\"selectable-text copyable-text xkrh14z\">Manken boy 1.70<\/span><\/p>\n<p>Bak\u0131m Talimat\u0131<\/p>\n<p data-start=\"955\" data-end=\"1101\">30\u202f\u00b0C\u2019de hassas programda ters \u00e7evirerek y\u0131kay\u0131n\u0131z. D\u00fc\u015f\u00fck \u0131s\u0131da buharl\u0131 \u00fct\u00fcleyiniz. A\u011fart\u0131c\u0131 ve tamburlu kurutma kullanmay\u0131n\u0131z; g\u00f6lgede kurutunuz.<\/p>","protected":false},"excerpt":{"rendered":"<p>\u00a0Do\u011fal desenleriyle huzurlu pamuk \u015fekeri esintisi ta\u015f\u0131yan kat kat maxi elbise. Hafif, nefes alan pamuk kar\u0131\u015f\u0131ml\u0131 dokusu serin tutarken oversize kesimi g\u00fcn boyu rahatl\u0131k sunar. Yar\u0131m d\u00fc\u011fmeli yuvarlak yakas\u0131 pratik giy\u2011\u00e7\u0131kar kolayl\u0131\u011f\u0131, bilekte lastikli balon kollar\u0131 ise zarif hacim kazand\u0131r\u0131r. Klo\u015f kat etek hareketli siluet yarat\u0131r; has\u0131r \u00e7antalar ve soft \u015fallar ile g\u00fcnd\u00fczden ak\u015fama nat\u00fcrel [&hellip;]<\/p>","protected":false},"featured_media":16712,"comment_status":"open","ping_status":"closed","template":"","meta":[],"product_brand":[],"product_cat":[967,969],"product_tag":[],"class_list":{"0":"post-16666","1":"product","2":"type-product","3":"status-publish","4":"has-post-thumbnail","6":"product_cat-accessories","7":"product_cat-elbise","9":"first","10":"outofstock","11":"sale","12":"shipping-taxable","13":"purchasable","14":"product-type-variable"},"jetpack_sharing_enabled":true,"_links":{"self":[{"href":"https:\/\/www.europesstore.com\/en\/wp-json\/wp\/v2\/product\/16666","targetHints":{"allow":["GET"]}}],"collection":[{"href":"https:\/\/www.europesstore.com\/en\/wp-json\/wp\/v2\/product"}],"about":[{"href":"https:\/\/www.europesstore.com\/en\/wp-json\/wp\/v2\/types\/product"}],"replies":[{"embeddable":true,"href":"https:\/\/www.europesstore.com\/en\/wp-json\/wp\/v2\/comments?post=16666"}],"wp:featuredmedia":[{"embeddable":true,"href":"https:\/\/www.europesstore.com\/en\/wp-json\/wp\/v2\/media\/16712"}],"wp:attachment":[{"href":"https:\/\/www.europesstore.com\/en\/wp-json\/wp\/v2\/media?parent=16666"}],"wp:term":[{"taxonomy":"product_brand","embeddable":true,"href":"https:\/\/www.europesstore.com\/en\/wp-json\/wp\/v2\/product_brand?post=16666"},{"taxonomy":"product_cat","embeddable":true,"href":"https:\/\/www.europesstore.com\/en\/wp-json\/wp\/v2\/product_cat?post=16666"},{"taxonomy":"product_tag","embeddable":true,"href":"https:\/\/www.europesstore.com\/en\/wp-json\/wp\/v2\/product_tag?post=16666"}],"curies":[{"name":"wp","href":"https:\/\/api.w.org\/{rel}","templated":true}]}}