{"id":16668,"date":"2026-01-12T16:17:34","date_gmt":"2026-01-12T16:17:34","guid":{"rendered":"https:\/\/www.europesstore.com\/?post_type=product&#038;p=16668"},"modified":"2026-01-12T16:21:27","modified_gmt":"2026-01-12T16:21:27","slug":"gonca-motif-desen-elbise-l10023-seker-pembe","status":"publish","type":"product","link":"https:\/\/www.europesstore.com\/en\/product\/gonca-motif-desen-elbise-l10023-seker-pembe\/","title":{"rendered":"Gonca Motif Desen Elbise L10023 &#8211; \u015eeker Pembe"},"content":{"rendered":"<p data-start=\"1799\" data-end=\"1944\">Tropik esintili maxi model. Hafif d\u00f6k\u00fcml\u00fc kuma\u015f ve rahat oversize kesim g\u00fcn boyu konfor sunar; yar\u0131m d\u00fc\u011fmeli V\u2011yaka pratik giy\u2011\u00e7\u0131kar sa\u011flar. Desenli yaka\u2011kol panelleri karnaval enerjisi katarken klo\u015f etek ak\u0131\u015fkan bir siluet yarat\u0131r. Has\u0131r \u00e7antalar ve n\u00f6tr \u015fal tonlar\u0131yla sahilden \u015fehre iddial\u0131 \u015f\u0131kl\u0131k.<\/p>\n<p>Kuma\u015f : \u00a0Viskon<\/p>\n<p class=\"selectable-text copyable-text x15bjb6t x1n2onr6\" dir=\"ltr\"><span class=\"selectable-text copyable-text xkrh14z\">\u00d6l\u00e7\u00fcler, S-M\/ L-XL<\/span><\/p>\n<p class=\"selectable-text copyable-text x15bjb6t x1n2onr6\" dir=\"ltr\"><span class=\"selectable-text copyable-text xkrh14z\">\u00dcst geni\u015flik 106 cm<\/span><\/p>\n<p class=\"selectable-text copyable-text x15bjb6t x1n2onr6\" dir=\"ltr\"><span class=\"selectable-text copyable-text xkrh14z\">Elbise boy 137 cm<\/span><\/p>\n<p class=\"selectable-text copyable-text x15bjb6t x1n2onr6\" dir=\"ltr\"><span class=\"selectable-text copyable-text xkrh14z\">Manken boy 1.70<\/span><\/p>\n<p>Bak\u0131m Talimat\u0131<\/p>\n<p data-start=\"955\" data-end=\"1101\">30\u202f\u00b0C\u2019de hassas programda ters \u00e7evirerek y\u0131kay\u0131n\u0131z. D\u00fc\u015f\u00fck \u0131s\u0131da buharl\u0131 \u00fct\u00fcleyiniz. A\u011fart\u0131c\u0131 ve tamburlu kurutma kullanmay\u0131n\u0131z; g\u00f6lgede kurutunuz.<\/p>","protected":false},"excerpt":{"rendered":"<p>Tropik esintili maxi model. Hafif d\u00f6k\u00fcml\u00fc kuma\u015f ve rahat oversize kesim g\u00fcn boyu konfor sunar; yar\u0131m d\u00fc\u011fmeli V\u2011yaka pratik giy\u2011\u00e7\u0131kar sa\u011flar. Desenli yaka\u2011kol panelleri karnaval enerjisi katarken klo\u015f etek ak\u0131\u015fkan bir siluet yarat\u0131r. Has\u0131r \u00e7antalar ve n\u00f6tr \u015fal tonlar\u0131yla sahilden \u015fehre iddial\u0131 \u015f\u0131kl\u0131k. Kuma\u015f : \u00a0Viskon \u00d6l\u00e7\u00fcler, S-M\/ L-XL \u00dcst geni\u015flik 106 cm Elbise boy [&hellip;]<\/p>","protected":false},"featured_media":16714,"comment_status":"open","ping_status":"closed","template":"","meta":[],"product_brand":[],"product_cat":[967,969],"product_tag":[],"class_list":{"0":"post-16668","1":"product","2":"type-product","3":"status-publish","4":"has-post-thumbnail","6":"product_cat-accessories","7":"product_cat-elbise","9":"first","10":"instock","11":"sale","12":"shipping-taxable","13":"purchasable","14":"product-type-variable"},"jetpack_sharing_enabled":true,"_links":{"self":[{"href":"https:\/\/www.europesstore.com\/en\/wp-json\/wp\/v2\/product\/16668","targetHints":{"allow":["GET"]}}],"collection":[{"href":"https:\/\/www.europesstore.com\/en\/wp-json\/wp\/v2\/product"}],"about":[{"href":"https:\/\/www.europesstore.com\/en\/wp-json\/wp\/v2\/types\/product"}],"replies":[{"embeddable":true,"href":"https:\/\/www.europesstore.com\/en\/wp-json\/wp\/v2\/comments?post=16668"}],"wp:featuredmedia":[{"embeddable":true,"href":"https:\/\/www.europesstore.com\/en\/wp-json\/wp\/v2\/media\/16714"}],"wp:attachment":[{"href":"https:\/\/www.europesstore.com\/en\/wp-json\/wp\/v2\/media?parent=16668"}],"wp:term":[{"taxonomy":"product_brand","embeddable":true,"href":"https:\/\/www.europesstore.com\/en\/wp-json\/wp\/v2\/product_brand?post=16668"},{"taxonomy":"product_cat","embeddable":true,"href":"https:\/\/www.europesstore.com\/en\/wp-json\/wp\/v2\/product_cat?post=16668"},{"taxonomy":"product_tag","embeddable":true,"href":"https:\/\/www.europesstore.com\/en\/wp-json\/wp\/v2\/product_tag?post=16668"}],"curies":[{"name":"wp","href":"https:\/\/api.w.org\/{rel}","templated":true}]}}