{"id":16670,"date":"2026-01-12T16:17:34","date_gmt":"2026-01-12T16:17:34","guid":{"rendered":"https:\/\/www.europesstore.com\/?post_type=product&#038;p=16670"},"modified":"2026-01-12T16:21:27","modified_gmt":"2026-01-12T16:21:27","slug":"etnik-desen-elbise-l10034-karamel","status":"publish","type":"product","link":"https:\/\/www.europesstore.com\/en\/product\/etnik-desen-elbise-l10034-karamel\/","title":{"rendered":"Etnik Desen Elbise L10034 &#8211; Karamel"},"content":{"rendered":"<p data-start=\"1799\" data-end=\"1944\">Yumu\u015fac\u0131k viskon dokusuyla d\u00f6k\u00fcml\u00fc duran bu bohem paisley elbise, kiremit\u2011tar\u00e7\u0131n ve toprak tonlar\u0131n\u0131n ince krem \u015fal ile yakalad\u0131\u011f\u0131 huzurlu uyumla modern \u015fehir \u015f\u0131kl\u0131\u011f\u0131n\u0131 zahmetsizce tamaml\u0131yor. Bilekte lastikli balon kollar hareketli bir siluet sunarken, do\u011fal has\u0131r sapl\u0131 \u00e7anta ve dantel fiyonk detay\u0131 kombine s\u0131cak bir yaz dokunu\u015fu kat\u0131yor. G\u00fcn boyu konfor, hafta sonu gezmelerinden davetlere tek par\u00e7ada stil vaadi!<\/p>\n<p>Kuma\u015f : \u00a0Modal Mango<\/p>\n<p class=\"selectable-text copyable-text x15bjb6t x1n2onr6\" dir=\"ltr\"><span class=\"selectable-text copyable-text xkrh14z\">\u00d6l\u00e7\u00fcler, 1-2<\/span><\/p>\n<p class=\"selectable-text copyable-text x15bjb6t x1n2onr6\" dir=\"ltr\"><span class=\"selectable-text copyable-text xkrh14z\">\u00dcst geni\u015flik 106 cm<\/span><\/p>\n<p class=\"selectable-text copyable-text x15bjb6t x1n2onr6\" dir=\"ltr\"><span class=\"selectable-text copyable-text xkrh14z\">Elbise boy 137 cm<\/span><\/p>\n<p class=\"selectable-text copyable-text x15bjb6t x1n2onr6\" dir=\"ltr\"><span class=\"selectable-text copyable-text xkrh14z\">Manken boy 1.70<\/span><\/p>\n<p>Bak\u0131m Talimat\u0131<\/p>\n<p data-start=\"955\" data-end=\"1101\">30\u202f\u00b0C\u2019de hassas programda ters \u00e7evirerek y\u0131kay\u0131n\u0131z. D\u00fc\u015f\u00fck \u0131s\u0131da buharl\u0131 \u00fct\u00fcleyiniz. A\u011fart\u0131c\u0131 ve tamburlu kurutma kullanmay\u0131n\u0131z; g\u00f6lgede kurutunuz.<\/p>","protected":false},"excerpt":{"rendered":"<p>Yumu\u015fac\u0131k viskon dokusuyla d\u00f6k\u00fcml\u00fc duran bu bohem paisley elbise, kiremit\u2011tar\u00e7\u0131n ve toprak tonlar\u0131n\u0131n ince krem \u015fal ile yakalad\u0131\u011f\u0131 huzurlu uyumla modern \u015fehir \u015f\u0131kl\u0131\u011f\u0131n\u0131 zahmetsizce tamaml\u0131yor. Bilekte lastikli balon kollar hareketli bir siluet sunarken, do\u011fal has\u0131r sapl\u0131 \u00e7anta ve dantel fiyonk detay\u0131 kombine s\u0131cak bir yaz dokunu\u015fu kat\u0131yor. G\u00fcn boyu konfor, hafta sonu gezmelerinden davetlere tek [&hellip;]<\/p>","protected":false},"featured_media":16721,"comment_status":"open","ping_status":"closed","template":"","meta":[],"product_brand":[],"product_cat":[967,969],"product_tag":[],"class_list":{"0":"post-16670","1":"product","2":"type-product","3":"status-publish","4":"has-post-thumbnail","6":"product_cat-accessories","7":"product_cat-elbise","9":"first","10":"outofstock","11":"sale","12":"shipping-taxable","13":"purchasable","14":"product-type-variable"},"jetpack_sharing_enabled":true,"_links":{"self":[{"href":"https:\/\/www.europesstore.com\/en\/wp-json\/wp\/v2\/product\/16670","targetHints":{"allow":["GET"]}}],"collection":[{"href":"https:\/\/www.europesstore.com\/en\/wp-json\/wp\/v2\/product"}],"about":[{"href":"https:\/\/www.europesstore.com\/en\/wp-json\/wp\/v2\/types\/product"}],"replies":[{"embeddable":true,"href":"https:\/\/www.europesstore.com\/en\/wp-json\/wp\/v2\/comments?post=16670"}],"wp:featuredmedia":[{"embeddable":true,"href":"https:\/\/www.europesstore.com\/en\/wp-json\/wp\/v2\/media\/16721"}],"wp:attachment":[{"href":"https:\/\/www.europesstore.com\/en\/wp-json\/wp\/v2\/media?parent=16670"}],"wp:term":[{"taxonomy":"product_brand","embeddable":true,"href":"https:\/\/www.europesstore.com\/en\/wp-json\/wp\/v2\/product_brand?post=16670"},{"taxonomy":"product_cat","embeddable":true,"href":"https:\/\/www.europesstore.com\/en\/wp-json\/wp\/v2\/product_cat?post=16670"},{"taxonomy":"product_tag","embeddable":true,"href":"https:\/\/www.europesstore.com\/en\/wp-json\/wp\/v2\/product_tag?post=16670"}],"curies":[{"name":"wp","href":"https:\/\/api.w.org\/{rel}","templated":true}]}}