{"id":16683,"date":"2026-01-12T16:17:57","date_gmt":"2026-01-12T16:17:57","guid":{"rendered":"https:\/\/www.europesstore.com\/?post_type=product&#038;p=16683"},"modified":"2026-01-12T16:21:28","modified_gmt":"2026-01-12T16:21:28","slug":"mona-roza-elbise-l10041-pamuk-sekeri","status":"publish","type":"product","link":"https:\/\/www.europesstore.com\/en\/product\/mona-roza-elbise-l10041-pamuk-sekeri\/","title":{"rendered":"Mona Roza Elbise L10041 &#8211;  Pamuk \u015eekeri"},"content":{"rendered":"<p data-start=\"1799\" data-end=\"1944\">Hafif, nefes alan pamuk kar\u0131\u015f\u0131ml\u0131 dokusu serin tutar; oversize kesimi ve klo\u015f etek yap\u0131s\u0131 g\u00fcn boyu rahat hareket \u00f6zg\u00fcrl\u00fc\u011f\u00fc sa\u011flar. Yar\u0131m d\u00fc\u011fmeli yuvarlak yaka pratik giy\u2011\u00e7\u0131kar kolayl\u0131\u011f\u0131 sunarken, bilekte lastikli balon kollar elbiseye hacimli ve feminen bir siluet katar. Has\u0131r \u00e7anta ve n\u00f6tr ton \u015fallarla \u015fehirde ya da sahilde zahmetsiz \u015f\u0131kl\u0131k yarat\u0131r.<\/p>\n<p>Kuma\u015f : \u00a0Viskon<\/p>\n<p class=\"selectable-text copyable-text x15bjb6t x1n2onr6\" dir=\"ltr\"><span class=\"selectable-text copyable-text xkrh14z\">\u00d6l\u00e7\u00fcler, S-M\/ L-XL<\/span><\/p>\n<p class=\"selectable-text copyable-text x15bjb6t x1n2onr6\" dir=\"ltr\"><span class=\"selectable-text copyable-text xkrh14z\">\u00dcst geni\u015flik 106 cm<\/span><\/p>\n<p class=\"selectable-text copyable-text x15bjb6t x1n2onr6\" dir=\"ltr\"><span class=\"selectable-text copyable-text xkrh14z\">Elbise boy 137 cm<\/span><\/p>\n<p class=\"selectable-text copyable-text x15bjb6t x1n2onr6\" dir=\"ltr\"><span class=\"selectable-text copyable-text xkrh14z\">Manken boy 1.70<\/span><\/p>\n<p>Bak\u0131m Talimat\u0131<\/p>\n<p data-start=\"955\" data-end=\"1101\">30\u202f\u00b0C\u2019de hassas programda ters \u00e7evirerek y\u0131kay\u0131n\u0131z. D\u00fc\u015f\u00fck \u0131s\u0131da buharl\u0131 \u00fct\u00fcleyiniz. A\u011fart\u0131c\u0131 ve tamburlu kurutma kullanmay\u0131n\u0131z; g\u00f6lgede kurutunuz.<\/p>","protected":false},"excerpt":{"rendered":"<p>Hafif, nefes alan pamuk kar\u0131\u015f\u0131ml\u0131 dokusu serin tutar; oversize kesimi ve klo\u015f etek yap\u0131s\u0131 g\u00fcn boyu rahat hareket \u00f6zg\u00fcrl\u00fc\u011f\u00fc sa\u011flar. Yar\u0131m d\u00fc\u011fmeli yuvarlak yaka pratik giy\u2011\u00e7\u0131kar kolayl\u0131\u011f\u0131 sunarken, bilekte lastikli balon kollar elbiseye hacimli ve feminen bir siluet katar. Has\u0131r \u00e7anta ve n\u00f6tr ton \u015fallarla \u015fehirde ya da sahilde zahmetsiz \u015f\u0131kl\u0131k yarat\u0131r. Kuma\u015f : \u00a0Viskon [&hellip;]<\/p>","protected":false},"featured_media":16734,"comment_status":"open","ping_status":"closed","template":"","meta":[],"product_brand":[],"product_cat":[967,969],"product_tag":[],"class_list":{"0":"post-16683","1":"product","2":"type-product","3":"status-publish","4":"has-post-thumbnail","6":"product_cat-accessories","7":"product_cat-elbise","9":"first","10":"instock","11":"sale","12":"shipping-taxable","13":"purchasable","14":"product-type-variable"},"jetpack_sharing_enabled":true,"_links":{"self":[{"href":"https:\/\/www.europesstore.com\/en\/wp-json\/wp\/v2\/product\/16683","targetHints":{"allow":["GET"]}}],"collection":[{"href":"https:\/\/www.europesstore.com\/en\/wp-json\/wp\/v2\/product"}],"about":[{"href":"https:\/\/www.europesstore.com\/en\/wp-json\/wp\/v2\/types\/product"}],"replies":[{"embeddable":true,"href":"https:\/\/www.europesstore.com\/en\/wp-json\/wp\/v2\/comments?post=16683"}],"wp:featuredmedia":[{"embeddable":true,"href":"https:\/\/www.europesstore.com\/en\/wp-json\/wp\/v2\/media\/16734"}],"wp:attachment":[{"href":"https:\/\/www.europesstore.com\/en\/wp-json\/wp\/v2\/media?parent=16683"}],"wp:term":[{"taxonomy":"product_brand","embeddable":true,"href":"https:\/\/www.europesstore.com\/en\/wp-json\/wp\/v2\/product_brand?post=16683"},{"taxonomy":"product_cat","embeddable":true,"href":"https:\/\/www.europesstore.com\/en\/wp-json\/wp\/v2\/product_cat?post=16683"},{"taxonomy":"product_tag","embeddable":true,"href":"https:\/\/www.europesstore.com\/en\/wp-json\/wp\/v2\/product_tag?post=16683"}],"curies":[{"name":"wp","href":"https:\/\/api.w.org\/{rel}","templated":true}]}}