{"id":16685,"date":"2026-01-12T16:17:57","date_gmt":"2026-01-12T16:17:57","guid":{"rendered":"https:\/\/www.europesstore.com\/?post_type=product&#038;p=16685"},"modified":"2026-01-12T16:21:28","modified_gmt":"2026-01-12T16:21:28","slug":"nora-moon-elbise-l10042-buyuk-beden-visne","status":"publish","type":"product","link":"https:\/\/www.europesstore.com\/en\/product\/nora-moon-elbise-l10042-buyuk-beden-visne\/","title":{"rendered":"Nora Moon  Elbise  L10042 B\u00dcY\u00dcK BEDEN &#8211; Vi\u015fne"},"content":{"rendered":"<p data-start=\"1799\" data-end=\"1944\">Sanat at\u00f6lyesinden \u00e7\u0131km\u0131\u015f gibi duran soyut f\u0131r\u00e7a darbeleriyle hareket kazanan maxi elbise, d\u00f6k\u00fcml\u00fc katmanl\u0131 kesimiyle her ad\u0131mda ak\u0131\u015fkan bir siluet sunar. \u0130nce, nefes alan kuma\u015f\u0131 yaz-k\u0131\u015f katmanlanmaya uygundur; d\u00fc\u011fmeli \u00f6n formu ve lastikli balon kollar\u0131 hem pratik hem de romantik bir dokunu\u015f verir. Nude babetler, has\u0131r \u00e7anta ve alt\u0131n aksesuarlarla tamamland\u0131\u011f\u0131nda \u015fehirde de tatilde de zarif ve \u00f6zg\u00fcr bir g\u00f6r\u00fcn\u00fcm yarat\u0131r.<\/p>\n<p class=\"selectable-text copyable-text x15bjb6t x1n2onr6\" dir=\"ltr\"><span class=\"selectable-text copyable-text xkrh14z\">\u00d6l\u00e7\u00fcler, 42-44-46-48-50<\/span><br \/>\n<span class=\"selectable-text copyable-text xkrh14z\">Kuma\u015f :\u00a0<\/span><\/p>\n<p class=\"selectable-text copyable-text x15bjb6t x1n2onr6\" dir=\"ltr\"><span class=\"selectable-text copyable-text xkrh14z\">\u00dcst geni\u015flik 106 cm<\/span><\/p>\n<p class=\"selectable-text copyable-text x15bjb6t x1n2onr6\" dir=\"ltr\"><span class=\"selectable-text copyable-text xkrh14z\">Elbise boy 137 cm<\/span><\/p>\n<p class=\"selectable-text copyable-text x15bjb6t x1n2onr6\" dir=\"ltr\"><span class=\"selectable-text copyable-text xkrh14z\">Manken boy 1.70<\/span><\/p>\n<p>Bak\u0131m Talimat\u0131<\/p>\n<p data-start=\"955\" data-end=\"1101\">30\u202f\u00b0C\u2019de hassas programda ters \u00e7evirerek y\u0131kay\u0131n\u0131z. D\u00fc\u015f\u00fck \u0131s\u0131da buharl\u0131 \u00fct\u00fcleyiniz. A\u011fart\u0131c\u0131 ve tamburlu kurutma kullanmay\u0131n\u0131z; g\u00f6lgede kurutunuz.<\/p>","protected":false},"excerpt":{"rendered":"<p>Sanat at\u00f6lyesinden \u00e7\u0131km\u0131\u015f gibi duran soyut f\u0131r\u00e7a darbeleriyle hareket kazanan maxi elbise, d\u00f6k\u00fcml\u00fc katmanl\u0131 kesimiyle her ad\u0131mda ak\u0131\u015fkan bir siluet sunar. \u0130nce, nefes alan kuma\u015f\u0131 yaz-k\u0131\u015f katmanlanmaya uygundur; d\u00fc\u011fmeli \u00f6n formu ve lastikli balon kollar\u0131 hem pratik hem de romantik bir dokunu\u015f verir. Nude babetler, has\u0131r \u00e7anta ve alt\u0131n aksesuarlarla tamamland\u0131\u011f\u0131nda \u015fehirde de tatilde de [&hellip;]<\/p>","protected":false},"featured_media":16736,"comment_status":"open","ping_status":"closed","template":"","meta":[],"product_brand":[],"product_cat":[967,969],"product_tag":[],"class_list":{"0":"post-16685","1":"product","2":"type-product","3":"status-publish","4":"has-post-thumbnail","6":"product_cat-accessories","7":"product_cat-elbise","9":"first","10":"outofstock","11":"sale","12":"shipping-taxable","13":"purchasable","14":"product-type-variable"},"jetpack_sharing_enabled":true,"_links":{"self":[{"href":"https:\/\/www.europesstore.com\/en\/wp-json\/wp\/v2\/product\/16685","targetHints":{"allow":["GET"]}}],"collection":[{"href":"https:\/\/www.europesstore.com\/en\/wp-json\/wp\/v2\/product"}],"about":[{"href":"https:\/\/www.europesstore.com\/en\/wp-json\/wp\/v2\/types\/product"}],"replies":[{"embeddable":true,"href":"https:\/\/www.europesstore.com\/en\/wp-json\/wp\/v2\/comments?post=16685"}],"wp:featuredmedia":[{"embeddable":true,"href":"https:\/\/www.europesstore.com\/en\/wp-json\/wp\/v2\/media\/16736"}],"wp:attachment":[{"href":"https:\/\/www.europesstore.com\/en\/wp-json\/wp\/v2\/media?parent=16685"}],"wp:term":[{"taxonomy":"product_brand","embeddable":true,"href":"https:\/\/www.europesstore.com\/en\/wp-json\/wp\/v2\/product_brand?post=16685"},{"taxonomy":"product_cat","embeddable":true,"href":"https:\/\/www.europesstore.com\/en\/wp-json\/wp\/v2\/product_cat?post=16685"},{"taxonomy":"product_tag","embeddable":true,"href":"https:\/\/www.europesstore.com\/en\/wp-json\/wp\/v2\/product_tag?post=16685"}],"curies":[{"name":"wp","href":"https:\/\/api.w.org\/{rel}","templated":true}]}}