{"id":16688,"date":"2026-01-12T16:17:58","date_gmt":"2026-01-12T16:17:58","guid":{"rendered":"https:\/\/www.europesstore.com\/?post_type=product&#038;p=16688"},"modified":"2026-01-12T16:21:39","modified_gmt":"2026-01-12T16:21:39","slug":"jade-elbise-l10045-mavi","status":"publish","type":"product","link":"https:\/\/www.europesstore.com\/en\/product\/jade-elbise-l10045-mavi\/","title":{"rendered":"Jade Elbise L10045 &#8211; Mavi"},"content":{"rendered":"<p data-start=\"1799\" data-end=\"1944\">Zarafeti, d\u00f6k\u00fcml\u00fc ve geni\u015f kimono kollu bu ferah elbise; bel hatt\u0131ndaki zarif penslerle silueti inceltirken ak\u0131\u015fkan kuma\u015f\u0131yla g\u00fcn boyu konfor sunar. Minimal beyaz \u015fal ve mini \u00e7anta ile modern, \u015f\u0131k ve sakin bir g\u00f6r\u00fcn\u00fcm yarat\u0131r\u2014\u00f6zel davetlerden g\u00fcnl\u00fck \u015f\u0131kl\u0131\u011fa kadar kurtar\u0131c\u0131 par\u00e7an\u0131z olmaya aday.<\/p>\n<p>Kuma\u015f : \u00a0\u00a0<span style=\"font-family: Poppins, sans-serif; font-size: 12.8px;\"><span style=\"display: inline !important; float: none; font-style: normal; font-weight: 400; letter-spacing: normal; text-align: start; text-indent: 0px; text-transform: none;\">% 100 Tensel Kuma\u015f\u00a0<\/span><\/span><\/p>\n<p class=\"selectable-text copyable-text x15bjb6t x1n2onr6\" dir=\"ltr\"><span class=\"selectable-text copyable-text xkrh14z\">\u00d6l\u00e7\u00fcler, S-M \/ L-XL\u00a0<\/span><\/p>\n<p><strong style=\"font-family: Muli, sans-serif !important;\">\u00a0Kullan\u0131m: G\u00fcnl\u00fck giyim, \u015fehir \u015f\u0131kl\u0131\u011f\u0131, tatil kombinleri<\/strong><\/p>\n<p><span class=\"selectable-text copyable-text xkrh14z\">\u00dcst geni\u015flik 106 cm<\/span><\/p>\n<p class=\"selectable-text copyable-text x15bjb6t x1n2onr6\" dir=\"ltr\"><span class=\"selectable-text copyable-text xkrh14z\">Elbise boy 137 cm<\/span><\/p>\n<p class=\"selectable-text copyable-text x15bjb6t x1n2onr6\" dir=\"ltr\"><span class=\"selectable-text copyable-text xkrh14z\">Manken boy 1.70<\/span><\/p>\n<p>Bak\u0131m Talimat\u0131<\/p>\n<p data-start=\"955\" data-end=\"1101\">30\u202f\u00b0C\u2019de hassas programda ters \u00e7evirerek y\u0131kay\u0131n\u0131z. D\u00fc\u015f\u00fck \u0131s\u0131da buharl\u0131 \u00fct\u00fcleyiniz. A\u011fart\u0131c\u0131 ve tamburlu kurutma kullanmay\u0131n\u0131z; g\u00f6lgede kurutunuz.<\/p>","protected":false},"excerpt":{"rendered":"<p>Zarafeti, d\u00f6k\u00fcml\u00fc ve geni\u015f kimono kollu bu ferah elbise; bel hatt\u0131ndaki zarif penslerle silueti inceltirken ak\u0131\u015fkan kuma\u015f\u0131yla g\u00fcn boyu konfor sunar. Minimal beyaz \u015fal ve mini \u00e7anta ile modern, \u015f\u0131k ve sakin bir g\u00f6r\u00fcn\u00fcm yarat\u0131r\u2014\u00f6zel davetlerden g\u00fcnl\u00fck \u015f\u0131kl\u0131\u011fa kadar kurtar\u0131c\u0131 par\u00e7an\u0131z olmaya aday. Kuma\u015f : \u00a0\u00a0% 100 Tensel Kuma\u015f\u00a0 \u00d6l\u00e7\u00fcler, S-M \/ L-XL\u00a0 \u00a0Kullan\u0131m: G\u00fcnl\u00fck [&hellip;]<\/p>","protected":false},"featured_media":16746,"comment_status":"open","ping_status":"closed","template":"","meta":[],"product_brand":[],"product_cat":[967,969],"product_tag":[],"class_list":{"0":"post-16688","1":"product","2":"type-product","3":"status-publish","4":"has-post-thumbnail","6":"product_cat-accessories","7":"product_cat-elbise","9":"first","10":"outofstock","11":"sale","12":"shipping-taxable","13":"purchasable","14":"product-type-variable"},"jetpack_sharing_enabled":true,"_links":{"self":[{"href":"https:\/\/www.europesstore.com\/en\/wp-json\/wp\/v2\/product\/16688","targetHints":{"allow":["GET"]}}],"collection":[{"href":"https:\/\/www.europesstore.com\/en\/wp-json\/wp\/v2\/product"}],"about":[{"href":"https:\/\/www.europesstore.com\/en\/wp-json\/wp\/v2\/types\/product"}],"replies":[{"embeddable":true,"href":"https:\/\/www.europesstore.com\/en\/wp-json\/wp\/v2\/comments?post=16688"}],"wp:featuredmedia":[{"embeddable":true,"href":"https:\/\/www.europesstore.com\/en\/wp-json\/wp\/v2\/media\/16746"}],"wp:attachment":[{"href":"https:\/\/www.europesstore.com\/en\/wp-json\/wp\/v2\/media?parent=16688"}],"wp:term":[{"taxonomy":"product_brand","embeddable":true,"href":"https:\/\/www.europesstore.com\/en\/wp-json\/wp\/v2\/product_brand?post=16688"},{"taxonomy":"product_cat","embeddable":true,"href":"https:\/\/www.europesstore.com\/en\/wp-json\/wp\/v2\/product_cat?post=16688"},{"taxonomy":"product_tag","embeddable":true,"href":"https:\/\/www.europesstore.com\/en\/wp-json\/wp\/v2\/product_tag?post=16688"}],"curies":[{"name":"wp","href":"https:\/\/api.w.org\/{rel}","templated":true}]}}