{"id":16696,"date":"2026-01-12T16:18:20","date_gmt":"2026-01-12T16:18:20","guid":{"rendered":"https:\/\/www.europesstore.com\/?post_type=product&#038;p=16696"},"modified":"2026-01-12T16:20:14","modified_gmt":"2026-01-12T16:20:14","slug":"alina-ikili-takim-tk10047-vanilya","status":"publish","type":"product","link":"https:\/\/www.europesstore.com\/en\/product\/alina-ikili-takim-tk10047-vanilya\/","title":{"rendered":"Alina \u0130kili Tak\u0131m TK10047 &#8211; Vanilya"},"content":{"rendered":"<p data-start=\"0\" data-end=\"333\">Tak\u0131m\u0131m\u0131z, nefes alan ve cilde nazik bir keten kar\u0131\u015f\u0131m\u0131ndan \u00fcretilmi\u015ftir . Ketenin do\u011fal dokusu ile pamu\u011fun yumu\u015fakl\u0131\u011f\u0131n\u0131 birle\u015ftirirken,\u00a0 uzun \u00f6m\u00fcrl\u00fc kullan\u0131m sunar. \u00dczerindeki desenler, canl\u0131l\u0131\u011f\u0131n\u0131 koruyan y\u00fcksek \u00e7\u00f6z\u00fcn\u00fcrl\u00fckl\u00fc dijital bask\u0131 tekni\u011fiyle uygulanm\u0131\u015ft\u0131r.<\/p>\n<p data-start=\"335\" data-end=\"374\"><strong data-start=\"335\" data-end=\"372\">Fonksiyonel &amp; \u015e\u0131k Tunik Detaylar\u0131<\/strong><\/p>\n<ul data-start=\"375\" data-end=\"576\">\n<li data-start=\"375\" data-end=\"425\">\n<p data-start=\"377\" data-end=\"425\"><strong data-start=\"377\" data-end=\"392\">\u00d6n\u00fc d\u00fc\u011fmeli<\/strong> tasar\u0131m: Hem pratik hem zarif.<\/p>\n<\/li>\n<li data-start=\"426\" data-end=\"510\">\n<p data-start=\"428\" data-end=\"510\"><strong data-start=\"428\" data-end=\"451\">Modern, rahat kesim<\/strong>: 80 cm tunik boyu farkl\u0131 kombinlere kolayca uyum sa\u011flar.<\/p>\n<\/li>\n<li data-start=\"511\" data-end=\"576\">\n<p data-start=\"513\" data-end=\"576\"><strong data-start=\"513\" data-end=\"532\">Man\u015fetli kollar<\/strong>: Sofistike bir dokunu\u015fla g\u00f6r\u00fcn\u00fcm\u00fc tamamlar.<\/p>\n<\/li>\n<\/ul>\n<p data-start=\"578\" data-end=\"672\" data-is-last-node=\"\" data-is-only-node=\"\">G\u00fcn boyu konfor, uzun s\u00fcreli formunu koruyan kalite ve modern \u00e7izgiler\u2026 Hepsi tek bir tak\u0131mda!<\/p>\n<p>&#8211; Standart Beden<\/p>\n<p>Bak\u0131m ve Y\u0131kama Talimat\u0131<\/p>\n<ul>\n<li data-start=\"1047\" data-end=\"1087\">\n<p data-start=\"1049\" data-end=\"1087\">30\u202f\u00b0C\u2019de hassas programda y\u0131kay\u0131n\u0131z.<\/p>\n<\/li>\n<li data-start=\"1088\" data-end=\"1152\">\n<p data-start=\"1090\" data-end=\"1152\">Benzer renklerle birlikte y\u0131kay\u0131n\u0131z, a\u011fart\u0131c\u0131 kullanmay\u0131n\u0131z.<\/p>\n<\/li>\n<li data-start=\"1153\" data-end=\"1216\">\n<p data-start=\"1155\" data-end=\"1216\">D\u00fc\u015f\u00fck \u0131s\u0131da tersten \u00fct\u00fcleyiniz; kurutma makinesi \u00f6nerilmez.<\/p>\n<\/li>\n<li data-start=\"1217\" data-end=\"1260\">\n<p data-start=\"1219\" data-end=\"1260\">Uzun \u00f6m\u00fcrl\u00fc kullan\u0131m i\u00e7in asarak kurutun.<\/p>\n<\/li>\n<\/ul>","protected":false},"excerpt":{"rendered":"<p>Tak\u0131m\u0131m\u0131z, nefes alan ve cilde nazik bir keten kar\u0131\u015f\u0131m\u0131ndan \u00fcretilmi\u015ftir . Ketenin do\u011fal dokusu ile pamu\u011fun yumu\u015fakl\u0131\u011f\u0131n\u0131 birle\u015ftirirken,\u00a0 uzun \u00f6m\u00fcrl\u00fc kullan\u0131m sunar. \u00dczerindeki desenler, canl\u0131l\u0131\u011f\u0131n\u0131 koruyan y\u00fcksek \u00e7\u00f6z\u00fcn\u00fcrl\u00fckl\u00fc dijital bask\u0131 tekni\u011fiyle uygulanm\u0131\u015ft\u0131r. Fonksiyonel &amp; \u015e\u0131k Tunik Detaylar\u0131 \u00d6n\u00fc d\u00fc\u011fmeli tasar\u0131m: Hem pratik hem zarif. Modern, rahat kesim: 80 cm tunik boyu farkl\u0131 kombinlere kolayca uyum [&hellip;]<\/p>","protected":false},"featured_media":16750,"comment_status":"open","ping_status":"closed","template":"","meta":[],"product_brand":[],"product_cat":[967,970],"product_tag":[],"class_list":{"0":"post-16696","1":"product","2":"type-product","3":"status-publish","4":"has-post-thumbnail","6":"product_cat-accessories","7":"product_cat-takim","9":"first","10":"instock","11":"sale","12":"shipping-taxable","13":"purchasable","14":"product-type-simple"},"jetpack_sharing_enabled":true,"_links":{"self":[{"href":"https:\/\/www.europesstore.com\/en\/wp-json\/wp\/v2\/product\/16696","targetHints":{"allow":["GET"]}}],"collection":[{"href":"https:\/\/www.europesstore.com\/en\/wp-json\/wp\/v2\/product"}],"about":[{"href":"https:\/\/www.europesstore.com\/en\/wp-json\/wp\/v2\/types\/product"}],"replies":[{"embeddable":true,"href":"https:\/\/www.europesstore.com\/en\/wp-json\/wp\/v2\/comments?post=16696"}],"wp:featuredmedia":[{"embeddable":true,"href":"https:\/\/www.europesstore.com\/en\/wp-json\/wp\/v2\/media\/16750"}],"wp:attachment":[{"href":"https:\/\/www.europesstore.com\/en\/wp-json\/wp\/v2\/media?parent=16696"}],"wp:term":[{"taxonomy":"product_brand","embeddable":true,"href":"https:\/\/www.europesstore.com\/en\/wp-json\/wp\/v2\/product_brand?post=16696"},{"taxonomy":"product_cat","embeddable":true,"href":"https:\/\/www.europesstore.com\/en\/wp-json\/wp\/v2\/product_cat?post=16696"},{"taxonomy":"product_tag","embeddable":true,"href":"https:\/\/www.europesstore.com\/en\/wp-json\/wp\/v2\/product_tag?post=16696"}],"curies":[{"name":"wp","href":"https:\/\/api.w.org\/{rel}","templated":true}]}}