{"id":16706,"date":"2026-01-12T16:18:43","date_gmt":"2026-01-12T16:18:43","guid":{"rendered":"https:\/\/www.europesstore.com\/?post_type=product&#038;p=16706"},"modified":"2026-01-12T16:21:39","modified_gmt":"2026-01-12T16:21:39","slug":"daniela-ikili-takim-tk10051-siyah","status":"publish","type":"product","link":"https:\/\/www.europesstore.com\/en\/product\/daniela-ikili-takim-tk10051-siyah\/","title":{"rendered":"Daniela \u0130kili Tak\u0131m TK10051 &#8211; Siyah"},"content":{"rendered":"<p>Tak\u0131m\u0131m\u0131z, nefes alan bir kuma\u015ftan \u00fcretilmi\u015ftir . Ak\u0131\u015fkan dokulu bu iki par\u00e7al\u0131 tak\u0131m; \u00f6nde ba\u011fc\u0131k detayl\u0131, man\u015fetli ve geni\u015f yakal\u0131 tuni\u011fiyle v\u00fccuda iste\u011fe g\u00f6re \u015fekil verirken, d\u00f6k\u00fcml\u00fc d\u00fcz pa\u00e7a pantolonla dengeli bir siluet olu\u015fturur. Alt\u0131n d\u00fc\u011fmeler ve zarif aksesuar uyumuyla g\u00fcnd\u00fczden ak\u015fama kolayca ta\u015f\u0131n\u0131r. Modern, rahat ve sofistike\u2014tek hamlede \u015f\u0131kl\u0131k garantisi.<\/p>\n<p data-start=\"578\" data-end=\"672\" data-is-last-node=\"\" data-is-only-node=\"\">G\u00fcn boyu konfor, uzun s\u00fcreli formunu koruyan kalite ve modern \u00e7izgiler\u2026 Hepsi tek bir tak\u0131mda!<\/p>\n<p>S-M \/ L-XL<\/p>\n<p>Bak\u0131m ve Y\u0131kama Talimat\u0131<\/p>\n<ul>\n<li data-start=\"1047\" data-end=\"1087\">\n<p data-start=\"1049\" data-end=\"1087\">30\u202f\u00b0C\u2019de hassas programda y\u0131kay\u0131n\u0131z.<\/p>\n<\/li>\n<li data-start=\"1088\" data-end=\"1152\">\n<p data-start=\"1090\" data-end=\"1152\">Benzer renklerle birlikte y\u0131kay\u0131n\u0131z, a\u011fart\u0131c\u0131 kullanmay\u0131n\u0131z.<\/p>\n<\/li>\n<li data-start=\"1153\" data-end=\"1216\">\n<p data-start=\"1155\" data-end=\"1216\">D\u00fc\u015f\u00fck \u0131s\u0131da tersten \u00fct\u00fcleyiniz; kurutma makinesi \u00f6nerilmez.<\/p>\n<\/li>\n<li data-start=\"1217\" data-end=\"1260\">\n<p data-start=\"1219\" data-end=\"1260\">Uzun \u00f6m\u00fcrl\u00fc kullan\u0131m i\u00e7in asarak kurutun.<\/p>\n<\/li>\n<\/ul>","protected":false},"excerpt":{"rendered":"<p>Tak\u0131m\u0131m\u0131z, nefes alan bir kuma\u015ftan \u00fcretilmi\u015ftir . Ak\u0131\u015fkan dokulu bu iki par\u00e7al\u0131 tak\u0131m; \u00f6nde ba\u011fc\u0131k detayl\u0131, man\u015fetli ve geni\u015f yakal\u0131 tuni\u011fiyle v\u00fccuda iste\u011fe g\u00f6re \u015fekil verirken, d\u00f6k\u00fcml\u00fc d\u00fcz pa\u00e7a pantolonla dengeli bir siluet olu\u015fturur. Alt\u0131n d\u00fc\u011fmeler ve zarif aksesuar uyumuyla g\u00fcnd\u00fczden ak\u015fama kolayca ta\u015f\u0131n\u0131r. Modern, rahat ve sofistike\u2014tek hamlede \u015f\u0131kl\u0131k garantisi. G\u00fcn boyu konfor, uzun [&hellip;]<\/p>","protected":false},"featured_media":16761,"comment_status":"open","ping_status":"closed","template":"","meta":[],"product_brand":[],"product_cat":[967,970],"product_tag":[],"class_list":{"0":"post-16706","1":"product","2":"type-product","3":"status-publish","4":"has-post-thumbnail","6":"product_cat-accessories","7":"product_cat-takim","9":"first","10":"outofstock","11":"sale","12":"shipping-taxable","13":"purchasable","14":"product-type-variable"},"jetpack_sharing_enabled":true,"_links":{"self":[{"href":"https:\/\/www.europesstore.com\/en\/wp-json\/wp\/v2\/product\/16706","targetHints":{"allow":["GET"]}}],"collection":[{"href":"https:\/\/www.europesstore.com\/en\/wp-json\/wp\/v2\/product"}],"about":[{"href":"https:\/\/www.europesstore.com\/en\/wp-json\/wp\/v2\/types\/product"}],"replies":[{"embeddable":true,"href":"https:\/\/www.europesstore.com\/en\/wp-json\/wp\/v2\/comments?post=16706"}],"wp:featuredmedia":[{"embeddable":true,"href":"https:\/\/www.europesstore.com\/en\/wp-json\/wp\/v2\/media\/16761"}],"wp:attachment":[{"href":"https:\/\/www.europesstore.com\/en\/wp-json\/wp\/v2\/media?parent=16706"}],"wp:term":[{"taxonomy":"product_brand","embeddable":true,"href":"https:\/\/www.europesstore.com\/en\/wp-json\/wp\/v2\/product_brand?post=16706"},{"taxonomy":"product_cat","embeddable":true,"href":"https:\/\/www.europesstore.com\/en\/wp-json\/wp\/v2\/product_cat?post=16706"},{"taxonomy":"product_tag","embeddable":true,"href":"https:\/\/www.europesstore.com\/en\/wp-json\/wp\/v2\/product_tag?post=16706"}],"curies":[{"name":"wp","href":"https:\/\/api.w.org\/{rel}","templated":true}]}}