{"id":16716,"date":"2026-01-12T16:19:08","date_gmt":"2026-01-12T16:19:08","guid":{"rendered":"https:\/\/www.europesstore.com\/?post_type=product&#038;p=16716"},"modified":"2026-01-12T16:22:08","modified_gmt":"2026-01-12T16:22:08","slug":"lora-cicek-desen-elbise-l10056-tropik-yesil","status":"publish","type":"product","link":"https:\/\/www.europesstore.com\/en\/product\/lora-cicek-desen-elbise-l10056-tropik-yesil\/","title":{"rendered":"Lora \u00c7i\u00e7ek Desen Elbise L10056 &#8211; Tropik Ye\u015fil"},"content":{"rendered":"<p data-start=\"1799\" data-end=\"1944\">\u00a0B\u00fcy\u00fck \u00e7i\u00e7ek bask\u0131lar\u0131yla romantik ve enerjik bir duru\u015f yakalayan bu maxi elbise; zeytin ye\u015fili zemin \u00fczerinde mandalina turuncusu ve krem beyaz \u00e7i\u00e7eklerle tropik bir hava ta\u015f\u0131r. Rahat, d\u00f6k\u00fcml\u00fc kesimi; kat kat b\u00fczg\u00fcl\u00fc ete\u011fi ve bilekte lastikli kollar\u0131 sayesinde g\u00fcn boyu konfor sa\u011flar. D\u00fc\u011fmeli \u00f6n pat detay\u0131 pratik kullan\u0131m sunarken hafif dokusu yaz davetlerinden hafta sonu bulu\u015fmalar\u0131na kadar her ana e\u015flik eder. Nude topuklular ve a\u00e7\u0131k ton \u015fallarla zarif, renkli aksesuarlarla ise daha iddial\u0131 kombinler olu\u015fturabilirsiniz<\/p>\n<p>Kuma\u015f : \u00a0 Modal Kuma\u015f<\/p>\n<p class=\"selectable-text copyable-text x15bjb6t x1n2onr6\" dir=\"ltr\"><span class=\"selectable-text copyable-text xkrh14z\">\u00d6l\u00e7\u00fcler, \u00a0S-M-L-XL<\/span><\/p>\n<p><strong style=\"font-family: Muli, sans-serif !important;\">\u00a0Kullan\u0131m: G\u00fcnl\u00fck giyim, \u015fehir \u015f\u0131kl\u0131\u011f\u0131, tatil kombinleri<\/strong><\/p>\n<p><span class=\"selectable-text copyable-text xkrh14z\">\u00dcst geni\u015flik 106 cm<\/span><\/p>\n<p class=\"selectable-text copyable-text x15bjb6t x1n2onr6\" dir=\"ltr\"><span class=\"selectable-text copyable-text xkrh14z\">Elbise boy 137 cm<\/span><\/p>\n<p class=\"selectable-text copyable-text x15bjb6t x1n2onr6\" dir=\"ltr\"><span class=\"selectable-text copyable-text xkrh14z\">Manken boy 1.70<\/span><\/p>\n<p>Bak\u0131m Talimat\u0131<\/p>\n<p data-start=\"955\" data-end=\"1101\">30\u202f\u00b0C\u2019de hassas programda ters \u00e7evirerek y\u0131kay\u0131n\u0131z. D\u00fc\u015f\u00fck \u0131s\u0131da buharl\u0131 \u00fct\u00fcleyiniz. A\u011fart\u0131c\u0131 ve tamburlu kurutma kullanmay\u0131n\u0131z; g\u00f6lgede kurutunuz.<\/p>","protected":false},"excerpt":{"rendered":"<p>\u00a0B\u00fcy\u00fck \u00e7i\u00e7ek bask\u0131lar\u0131yla romantik ve enerjik bir duru\u015f yakalayan bu maxi elbise; zeytin ye\u015fili zemin \u00fczerinde mandalina turuncusu ve krem beyaz \u00e7i\u00e7eklerle tropik bir hava ta\u015f\u0131r. Rahat, d\u00f6k\u00fcml\u00fc kesimi; kat kat b\u00fczg\u00fcl\u00fc ete\u011fi ve bilekte lastikli kollar\u0131 sayesinde g\u00fcn boyu konfor sa\u011flar. D\u00fc\u011fmeli \u00f6n pat detay\u0131 pratik kullan\u0131m sunarken hafif dokusu yaz davetlerinden hafta sonu [&hellip;]<\/p>","protected":false},"featured_media":16772,"comment_status":"open","ping_status":"closed","template":"","meta":[],"product_brand":[],"product_cat":[967,969],"product_tag":[],"class_list":{"0":"post-16716","1":"product","2":"type-product","3":"status-publish","4":"has-post-thumbnail","6":"product_cat-accessories","7":"product_cat-elbise","9":"first","10":"instock","11":"sale","12":"shipping-taxable","13":"purchasable","14":"product-type-variable"},"jetpack_sharing_enabled":true,"_links":{"self":[{"href":"https:\/\/www.europesstore.com\/en\/wp-json\/wp\/v2\/product\/16716","targetHints":{"allow":["GET"]}}],"collection":[{"href":"https:\/\/www.europesstore.com\/en\/wp-json\/wp\/v2\/product"}],"about":[{"href":"https:\/\/www.europesstore.com\/en\/wp-json\/wp\/v2\/types\/product"}],"replies":[{"embeddable":true,"href":"https:\/\/www.europesstore.com\/en\/wp-json\/wp\/v2\/comments?post=16716"}],"wp:featuredmedia":[{"embeddable":true,"href":"https:\/\/www.europesstore.com\/en\/wp-json\/wp\/v2\/media\/16772"}],"wp:attachment":[{"href":"https:\/\/www.europesstore.com\/en\/wp-json\/wp\/v2\/media?parent=16716"}],"wp:term":[{"taxonomy":"product_brand","embeddable":true,"href":"https:\/\/www.europesstore.com\/en\/wp-json\/wp\/v2\/product_brand?post=16716"},{"taxonomy":"product_cat","embeddable":true,"href":"https:\/\/www.europesstore.com\/en\/wp-json\/wp\/v2\/product_cat?post=16716"},{"taxonomy":"product_tag","embeddable":true,"href":"https:\/\/www.europesstore.com\/en\/wp-json\/wp\/v2\/product_tag?post=16716"}],"curies":[{"name":"wp","href":"https:\/\/api.w.org\/{rel}","templated":true}]}}