{"id":16879,"date":"2026-01-12T16:21:43","date_gmt":"2026-01-12T16:21:43","guid":{"rendered":"https:\/\/www.europesstore.com\/?post_type=product&#038;p=16879"},"modified":"2026-01-12T16:24:54","modified_gmt":"2026-01-12T16:24:54","slug":"jade-elbise-l10062-olive","status":"publish","type":"product","link":"https:\/\/www.europesstore.com\/en\/product\/jade-elbise-l10062-olive\/","title":{"rendered":"Jade Elbise L10062 &#8211; Olive"},"content":{"rendered":"<p data-start=\"1799\" data-end=\"1944\">Yaz g\u00fcne\u015finin ferahl\u0131\u011f\u0131n\u0131 ta\u015f\u0131yan bu \u201cLimon Sorbe\u201d tonundaki elbise, hafif dokusu ve ak\u0131c\u0131 duru\u015fuyla g\u00fcn boyu konfor sa\u011flar. Geni\u015f kesimli kollar, beldeki ince ba\u011fc\u0131kla zarif\u00e7e dengelenir ve v\u00fccuda uyumlu bir siluet olu\u015fturur. Minimal \u00e7izgisi sayesinde g\u00f6steri\u015fli bir kolye, beyaz \u015fal ve krem tonlu aksesuarlarla kolayca \u015f\u0131kla\u015ft\u0131r\u0131labilir. Teras davetlerinden \u015fehir gezilerine kadar her ortamda, modern ve sofistike bir g\u00f6r\u00fcn\u00fcm sunar.<\/p>\n<p>Kuma\u015f : &nbsp;&nbsp;<span style=\"font-family:Poppins, sans-serif;font-size:12.8px\"><span style=\"display:inline !important;float:none;font-style:normal;font-weight:400;letter-spacing:normal;text-align:start;text-indent:0px;text-transform:none\">% 100 Tensel Kuma\u015f&nbsp;<\/span><\/span><br \/><span style=\"font-family:Poppins, sans-serif;font-size:12.8px\"><span style=\"display:inline !important;float:none;font-style:normal;font-weight:400;letter-spacing:normal;text-align:start;text-indent:0px;text-transform:none\">\u201c 4 g\u00fcn i\u00e7inde kargoya verilecektir \u201c<\/span><\/span><br \/><span style=\"font-family:Poppins, sans-serif;font-size:12.8px\"><span style=\"display:inline !important;float:none;font-style:normal;font-weight:400;letter-spacing:normal;text-align:start;text-indent:0px;text-transform:none\">Pazartesi g\u00fcn\u00fc kargo \u00e7\u0131k\u0131\u015f\u0131 sa\u011flanacakt\u0131r<\/span><\/span><\/p>\n<p class=\"selectable-text copyable-text x15bjb6t x1n2onr6\" dir=\"ltr\"><span class=\"selectable-text copyable-text xkrh14z\">\u00d6l\u00e7\u00fcler, S-M-L<\/span><\/p>\n<p><strong style=\"font-family:Muli, sans-serif !important\">&nbsp;Kullan\u0131m: G\u00fcnl\u00fck giyim, \u015fehir \u015f\u0131kl\u0131\u011f\u0131, tatil kombinleri<\/strong><\/p>\n<p><span class=\"selectable-text copyable-text xkrh14z\">\u00dcst geni\u015flik 106 cm<\/span><\/p>\n<p class=\"selectable-text copyable-text x15bjb6t x1n2onr6\" dir=\"ltr\"><span class=\"selectable-text copyable-text xkrh14z\">Elbise boy 137 cm<\/span><\/p>\n<p class=\"selectable-text copyable-text x15bjb6t x1n2onr6\" dir=\"ltr\"><span class=\"selectable-text copyable-text xkrh14z\">Manken boy 1.70<\/span><\/p>\n<p>Bak\u0131m Talimat\u0131<\/p>\n<p data-start=\"955\" data-end=\"1101\">30\u202f\u00b0C\u2019de hassas programda ters \u00e7evirerek y\u0131kay\u0131n\u0131z. D\u00fc\u015f\u00fck \u0131s\u0131da buharl\u0131 \u00fct\u00fcleyiniz. A\u011fart\u0131c\u0131 ve tamburlu kurutma kullanmay\u0131n\u0131z; g\u00f6lgede kurutunuz.&nbsp;<\/p>","protected":false},"excerpt":{"rendered":"<p>Yaz g\u00fcne\u015finin ferahl\u0131\u011f\u0131n\u0131 ta\u015f\u0131yan bu \u201cLimon Sorbe\u201d tonundaki elbise, hafif dokusu ve ak\u0131c\u0131 duru\u015fuyla g\u00fcn boyu konfor sa\u011flar. Geni\u015f kesimli kollar, beldeki ince ba\u011fc\u0131kla zarif\u00e7e dengelenir ve v\u00fccuda uyumlu bir siluet olu\u015fturur. Minimal \u00e7izgisi sayesinde g\u00f6steri\u015fli bir kolye, beyaz \u015fal ve krem tonlu aksesuarlarla kolayca \u015f\u0131kla\u015ft\u0131r\u0131labilir. Teras davetlerinden \u015fehir gezilerine kadar her ortamda, modern ve [&hellip;]<\/p>","protected":false},"featured_media":16897,"comment_status":"open","ping_status":"closed","template":"","meta":[],"product_brand":[],"product_cat":[967,969],"product_tag":[],"class_list":{"0":"post-16879","1":"product","2":"type-product","3":"status-publish","4":"has-post-thumbnail","6":"product_cat-accessories","7":"product_cat-elbise","9":"first","10":"outofstock","11":"sale","12":"shipping-taxable","13":"purchasable","14":"product-type-variable"},"jetpack_sharing_enabled":true,"_links":{"self":[{"href":"https:\/\/www.europesstore.com\/en\/wp-json\/wp\/v2\/product\/16879","targetHints":{"allow":["GET"]}}],"collection":[{"href":"https:\/\/www.europesstore.com\/en\/wp-json\/wp\/v2\/product"}],"about":[{"href":"https:\/\/www.europesstore.com\/en\/wp-json\/wp\/v2\/types\/product"}],"replies":[{"embeddable":true,"href":"https:\/\/www.europesstore.com\/en\/wp-json\/wp\/v2\/comments?post=16879"}],"wp:featuredmedia":[{"embeddable":true,"href":"https:\/\/www.europesstore.com\/en\/wp-json\/wp\/v2\/media\/16897"}],"wp:attachment":[{"href":"https:\/\/www.europesstore.com\/en\/wp-json\/wp\/v2\/media?parent=16879"}],"wp:term":[{"taxonomy":"product_brand","embeddable":true,"href":"https:\/\/www.europesstore.com\/en\/wp-json\/wp\/v2\/product_brand?post=16879"},{"taxonomy":"product_cat","embeddable":true,"href":"https:\/\/www.europesstore.com\/en\/wp-json\/wp\/v2\/product_cat?post=16879"},{"taxonomy":"product_tag","embeddable":true,"href":"https:\/\/www.europesstore.com\/en\/wp-json\/wp\/v2\/product_tag?post=16879"}],"curies":[{"name":"wp","href":"https:\/\/api.w.org\/{rel}","templated":true}]}}