{"id":16881,"date":"2026-01-12T16:21:44","date_gmt":"2026-01-12T16:21:44","guid":{"rendered":"https:\/\/www.europesstore.com\/?post_type=product&#038;p=16881"},"modified":"2026-01-12T17:47:06","modified_gmt":"2026-01-12T17:47:06","slug":"firca-desen-elbise-l10064-gece-mavi","status":"publish","type":"product","link":"https:\/\/www.europesstore.com\/en\/product\/firca-desen-elbise-l10064-gece-mavi\/","title":{"rendered":"F\u0131r\u00e7a Desen Elbise L10064 &#8211; Gece Mavi"},"content":{"rendered":"<p>Ak\u0131c\u0131 kuma\u015f\u0131 ve kat kat d\u00f6k\u00fcml\u00fc formuyla hareket ettik\u00e7e zarafet kazanan bu elbise, \u00a0lacivert zemin \u00fczerinde serpi\u015ftirilen pudrams\u0131 f\u0131r\u00e7a darbeli \u00e7i\u00e7eklerle modern-romantik bir kontrast yarat\u0131yor. \u00d6nden d\u00fc\u011fmeli yap\u0131s\u0131 pratik kullan\u0131m sunarken, rahat kesimi \u015f\u0131kl\u0131\u011f\u0131 konforla birle\u015ftiriyor. Beyaz \u015fal ve krem \u00e7antayla ayd\u0131nl\u0131k bir denge kurabilir, alt\u0131n tonlu aksesuarlarla g\u00f6r\u00fcn\u00fcm\u00fc daha sofistike hale getirebilirsiniz. G\u00fcnl\u00fck \u015fehir stilinden davet \u015f\u0131kl\u0131\u011f\u0131na kadar geni\u015f bir kullan\u0131m alan\u0131na sahip zamans\u0131z bir par\u00e7a.<\/p>\n<p>Kuma\u015f : \u00a0Modal Kuma\u015f<\/p>\n<p><span class=\"selectable-text copyable-text xkrh14z\">\u00d6l\u00e7\u00fcler, S-M-L<\/span><\/p>\n<p><strong style=\"font-family: Muli, sans-serif !important;\">\u00a0Kullan\u0131m: G\u00fcnl\u00fck giyim, \u015fehir \u015f\u0131kl\u0131\u011f\u0131, tatil kombinleri<\/strong><\/p>\n<p><span class=\"selectable-text copyable-text xkrh14z\">\u00dcst geni\u015flik 106 cm<\/span><\/p>\n<p class=\"selectable-text copyable-text x15bjb6t x1n2onr6\" dir=\"ltr\"><span class=\"selectable-text copyable-text xkrh14z\">Elbise boy 137 cm<\/span><\/p>\n<p class=\"selectable-text copyable-text x15bjb6t x1n2onr6\" dir=\"ltr\"><span class=\"selectable-text copyable-text xkrh14z\">Manken boy 1.70<\/span><\/p>\n<p>Bak\u0131m Talimat\u0131<\/p>\n<p data-start=\"955\" data-end=\"1101\">30\u202f\u00b0C\u2019de hassas programda ters \u00e7evirerek y\u0131kay\u0131n\u0131z. D\u00fc\u015f\u00fck \u0131s\u0131da buharl\u0131 \u00fct\u00fcleyiniz. A\u011fart\u0131c\u0131 ve tamburlu kurutma kullanmay\u0131n\u0131z; g\u00f6lgede kurutunuz.<\/p>","protected":false},"excerpt":{"rendered":"<p>Ak\u0131c\u0131 kuma\u015f\u0131 ve kat kat d\u00f6k\u00fcml\u00fc formuyla hareket ettik\u00e7e zarafet kazanan bu elbise, \u00a0lacivert zemin \u00fczerinde serpi\u015ftirilen pudrams\u0131 f\u0131r\u00e7a darbeli \u00e7i\u00e7eklerle modern-romantik bir kontrast yarat\u0131yor. \u00d6nden d\u00fc\u011fmeli yap\u0131s\u0131 pratik kullan\u0131m sunarken, rahat kesimi \u015f\u0131kl\u0131\u011f\u0131 konforla birle\u015ftiriyor. Beyaz \u015fal ve krem \u00e7antayla ayd\u0131nl\u0131k bir denge kurabilir, alt\u0131n tonlu aksesuarlarla g\u00f6r\u00fcn\u00fcm\u00fc daha sofistike hale getirebilirsiniz. G\u00fcnl\u00fck \u015fehir [&hellip;]<\/p>","protected":false},"featured_media":16899,"comment_status":"open","ping_status":"closed","template":"","meta":[],"product_brand":[],"product_cat":[967,969],"product_tag":[],"class_list":{"0":"post-16881","1":"product","2":"type-product","3":"status-publish","4":"has-post-thumbnail","6":"product_cat-accessories","7":"product_cat-elbise","9":"first","10":"outofstock","11":"sale","12":"shipping-taxable","13":"purchasable","14":"product-type-variable"},"jetpack_sharing_enabled":true,"_links":{"self":[{"href":"https:\/\/www.europesstore.com\/en\/wp-json\/wp\/v2\/product\/16881","targetHints":{"allow":["GET"]}}],"collection":[{"href":"https:\/\/www.europesstore.com\/en\/wp-json\/wp\/v2\/product"}],"about":[{"href":"https:\/\/www.europesstore.com\/en\/wp-json\/wp\/v2\/types\/product"}],"replies":[{"embeddable":true,"href":"https:\/\/www.europesstore.com\/en\/wp-json\/wp\/v2\/comments?post=16881"}],"wp:featuredmedia":[{"embeddable":true,"href":"https:\/\/www.europesstore.com\/en\/wp-json\/wp\/v2\/media\/16899"}],"wp:attachment":[{"href":"https:\/\/www.europesstore.com\/en\/wp-json\/wp\/v2\/media?parent=16881"}],"wp:term":[{"taxonomy":"product_brand","embeddable":true,"href":"https:\/\/www.europesstore.com\/en\/wp-json\/wp\/v2\/product_brand?post=16881"},{"taxonomy":"product_cat","embeddable":true,"href":"https:\/\/www.europesstore.com\/en\/wp-json\/wp\/v2\/product_cat?post=16881"},{"taxonomy":"product_tag","embeddable":true,"href":"https:\/\/www.europesstore.com\/en\/wp-json\/wp\/v2\/product_tag?post=16881"}],"curies":[{"name":"wp","href":"https:\/\/api.w.org\/{rel}","templated":true}]}}